{"id":217541,"date":"2025-05-02T17:58:01","date_gmt":"2025-05-02T15:58:01","guid":{"rendered":"https:\/\/lediamant.ch\/?post_type=product&#038;p=217541"},"modified":"2025-05-02T18:12:57","modified_gmt":"2025-05-02T16:12:57","slug":"aerowatch-les-grandes-classiques-chrono-pilot-auto-noir-44mm","status":"publish","type":"product","link":"https:\/\/lediamant.ch\/de\/uhren\/217541-aerowatch-les-grandes-classiques-chrono-pilot-auto-schwarz-44mm-a-61989-no09\/","title":{"rendered":"Aerowatch Les Grandes Classiques Chrono Pilot Auto schwarz 44mm"},"content":{"rendered":"<p class=\"h5 text-uppercase\">Entdecken Sie die Aerowatch Les Grandes Classiques Chrono Pilot Automatic, eine Uhr, die zeitlose Eleganz und Leistung vereint. Das 44mm gro\u00dfe, schwarze PVD-beschichtete Stahlgeh\u00e4use, das schwarze Zifferblatt und das schwarze Lederarmband verleihen dieser Uhr ein schlichtes und raffiniertes Aussehen. Mit einem automatischen Uhrwerk ausgestattet, wurde diese Uhr f\u00fcr Flugliebhaber mit Pr\u00e4zision und Zuverl\u00e4ssigkeit entwickelt. Dank des entspiegelten Saphirglases k\u00f6nnen Sie die Zeit bei allen Lichtverh\u00e4ltnissen leicht ablesen. Die Wasserdichtigkeit bis zu 50m erm\u00f6glicht es Ihnen, die Uhr auch bei Wassersportaktivit\u00e4ten sicher zu tragen. Die Aerowatch Les Grandes Classiques ist mehr als nur eine Uhr, sie ist ein Symbol f\u00fcr Raffinesse und Funktionalit\u00e4t.<\/p>\n","protected":false},"excerpt":{"rendered":"<p>Entdecken Sie die Aerowatch Les Grandes Classiques Chrono Pilot Automatic, eine Uhr, die zeitlose Eleganz und Leistung vereint. Das 44mm gro\u00dfe, schwarze PVD-beschichtete Stahlgeh\u00e4use, das schwarze Zifferblatt und das schwarze Lederarmband verleihen dieser Uhr ein schlichtes und raffiniertes Aussehen. Mit einem automatischen Uhrwerk ausgestattet, wurde diese Uhr f\u00fcr Flugliebhaber mit Pr\u00e4zision und Zuverl\u00e4ssigkeit entwickelt. Dank &#8230; <a title=\"Aerowatch Les Grandes Classiques Chrono Pilot Auto schwarz 44mm\" class=\"read-more\" href=\"https:\/\/lediamant.ch\/de\/uhren\/217541-aerowatch-les-grandes-classiques-chrono-pilot-auto-schwarz-44mm-a-61989-no09\/\" aria-label=\"Mehr Informationen \u00fcber Aerowatch Les Grandes Classiques Chrono Pilot Auto schwarz 44mm\">Weiterlesen &#8230;<\/a><\/p>\n","protected":false},"featured_media":217543,"template":"","meta":{"_acf_changed":false,"_seopress_robots_primary_cat":"27167","_seopress_titles_title":"%%post_title%%","_seopress_titles_desc":"Entdecken Sie die Aerowatch, die perfekte Kombination aus Eleganz und Leistung. Ideal f\u00fcr Flugbegeisterte. Wasserdicht bis 50m.","_seopress_robots_index":""},"brand":[27081],"product_brand":[],"product_cat":[27167,27289,27123],"product_tag":[],"class_list":{"0":"post-217541","1":"product","2":"type-product","3":"status-publish","4":"has-post-thumbnail","6":"brand-aerowatch-de","7":"product_cat-aerowatch-de","8":"product_cat-les-grandes-classiques-de","9":"product_cat-uhren","10":"pa_couleurduboitier-schwarz-de","11":"pa_couleurdubracelet-schwarz-de","12":"pa_couleurducadran-schwarz","13":"pa_etancheite-50m-de","14":"pa_forme-runden","15":"pa_genre-mann","16":"pa_matiere-schwarzespvd","17":"pa_matierebraceletmontre-leder","18":"pa_modele-de-mouvement-eta-valjoux-7750-de","19":"pa_mouvement-automatik-de","20":"pa_option-boitier-transparenter-hintergrund","21":"pa_swissmade-ja-de","22":"pa_typedemontre-chronograph-de","23":"pa_typedemontre-fliegeruhren","24":"sales-flash-overlay","25":"woocommerce-text-align-center","26":"woocommerce-image-align-center","27":"do-quantity-buttons","29":"first","30":"instock","31":"taxable","32":"shipping-taxable","33":"purchasable","34":"product-type-simple"},"acf":[],"_links":{"self":[{"href":"https:\/\/lediamant.ch\/de\/wp-json\/wp\/v2\/product\/217541","targetHints":{"allow":["GET"]}}],"collection":[{"href":"https:\/\/lediamant.ch\/de\/wp-json\/wp\/v2\/product"}],"about":[{"href":"https:\/\/lediamant.ch\/de\/wp-json\/wp\/v2\/types\/product"}],"wp:featuredmedia":[{"embeddable":true,"href":"https:\/\/lediamant.ch\/de\/wp-json\/wp\/v2\/media\/217543"}],"wp:attachment":[{"href":"https:\/\/lediamant.ch\/de\/wp-json\/wp\/v2\/media?parent=217541"}],"wp:term":[{"taxonomy":"brand","embeddable":true,"href":"https:\/\/lediamant.ch\/de\/wp-json\/wp\/v2\/brand?post=217541"},{"taxonomy":"product_brand","embeddable":true,"href":"https:\/\/lediamant.ch\/de\/wp-json\/wp\/v2\/product_brand?post=217541"},{"taxonomy":"product_cat","embeddable":true,"href":"https:\/\/lediamant.ch\/de\/wp-json\/wp\/v2\/product_cat?post=217541"},{"taxonomy":"product_tag","embeddable":true,"href":"https:\/\/lediamant.ch\/de\/wp-json\/wp\/v2\/product_tag?post=217541"}],"curies":[{"name":"wp","href":"https:\/\/api.w.org\/{rel}","templated":true}]}}