{"id":217647,"date":"2025-05-03T14:28:42","date_gmt":"2025-05-03T12:28:42","guid":{"rendered":"https:\/\/lediamant.ch\/?post_type=product&#038;p=217647"},"modified":"2025-05-03T14:36:59","modified_gmt":"2025-05-03T12:36:59","slug":"maurice-lacroix-1975-quartz-39mm-cuir","status":"publish","type":"product","link":"https:\/\/lediamant.ch\/de\/uhren\/217647-maurice-lacroix-1975-quartz-39mm-leder-751007-ss001-130-3\/","title":{"rendered":"Maurice Lacroix 1975 Quarz 39mm Leder"},"content":{"rendered":"<p>Zu seinem 50. Geburtstag bringt Maurice Lacroix den Stil seiner Anf\u00e4nge mit der Kollektion 1975 wieder hervor, die Klassik und Modernit\u00e4t miteinander verbindet. Die 1975 Quartz ist eine 39 mm gro\u00dfe Uhr, die Charme und Raffinesse vereint. Das Zifferblatt ist von diskreter Eleganz und besticht durch die perfekt integrierten Indizes und das Datum bei 6 Uhr, die eine gute Ablesbarkeit gew\u00e4hrleisten. Das sorgf\u00e4ltig gearbeitete Geh\u00e4use wechselt zwischen polierten und geb\u00fcrsteten Oberfl\u00e4chen und verdeutlicht die uhrmacherischen F\u00e4higkeiten, f\u00fcr die Maurice Lacroix seit einem halben Jahrhundert ber\u00fchmt ist. Die 1975 Quartz verbindet Vintage-Charme mit moderner Pr\u00e4zision und ist der ideale Begleiter f\u00fcr alle, die zeitloses Design und Schweizer Exzellenz zu sch\u00e4tzen wissen.<\/p>\n<p>&nbsp;<\/p>\n<p>&nbsp;<\/p>\n","protected":false},"excerpt":{"rendered":"<p>Zu seinem 50. Geburtstag bringt Maurice Lacroix den Stil seiner Anf\u00e4nge mit der Kollektion 1975 wieder hervor, die Klassik und Modernit\u00e4t miteinander verbindet. Die 1975 Quartz ist eine 39 mm gro\u00dfe Uhr, die Charme und Raffinesse vereint. Das Zifferblatt ist von diskreter Eleganz und besticht durch die perfekt integrierten Indizes und das Datum bei 6 &#8230; <a title=\"Maurice Lacroix 1975 Quarz 39mm Leder\" class=\"read-more\" href=\"https:\/\/lediamant.ch\/de\/uhren\/217647-maurice-lacroix-1975-quartz-39mm-leder-751007-ss001-130-3\/\" aria-label=\"Mehr Informationen \u00fcber Maurice Lacroix 1975 Quarz 39mm Leder\">Weiterlesen &#8230;<\/a><\/p>\n","protected":false},"featured_media":217649,"template":"","meta":{"_acf_changed":false,"_seopress_robots_primary_cat":"27149","_seopress_titles_title":"","_seopress_titles_desc":"Feiern Sie den 50. Geburtstag von Maurice Lacroix mit der Uhr 1975 Quartz: eine perfekte Kombination aus Vintage-Stil und moderner Pr\u00e4zision.","_seopress_robots_index":""},"brand":[27103],"product_brand":[],"product_cat":[42009,27149,27123],"product_tag":[],"class_list":{"0":"post-217647","1":"product","2":"type-product","3":"status-publish","4":"has-post-thumbnail","6":"brand-mauricelacroix-de","7":"product_cat-1975-de","8":"product_cat-maurice-lacroix-de","9":"product_cat-uhren","10":"pa_couleurduboitier-grau-de","11":"pa_couleurdubracelet-braun-de","12":"pa_couleurducadran-silber","13":"pa_etancheite-100m-de","14":"pa_forme-runden","15":"pa_genre-mann","16":"pa_matiere-stahl","17":"pa_matierebraceletmontre-leder","18":"pa_modele-de-mouvement-ronda-515-de","19":"pa_mouvement-quarzbatterie-de","20":"pa_swissmade-ja-de","21":"sales-flash-overlay","22":"woocommerce-text-align-center","23":"woocommerce-image-align-center","24":"do-quantity-buttons","26":"first","27":"instock","28":"taxable","29":"shipping-taxable","30":"purchasable","31":"product-type-simple"},"acf":[],"_links":{"self":[{"href":"https:\/\/lediamant.ch\/de\/wp-json\/wp\/v2\/product\/217647","targetHints":{"allow":["GET"]}}],"collection":[{"href":"https:\/\/lediamant.ch\/de\/wp-json\/wp\/v2\/product"}],"about":[{"href":"https:\/\/lediamant.ch\/de\/wp-json\/wp\/v2\/types\/product"}],"wp:featuredmedia":[{"embeddable":true,"href":"https:\/\/lediamant.ch\/de\/wp-json\/wp\/v2\/media\/217649"}],"wp:attachment":[{"href":"https:\/\/lediamant.ch\/de\/wp-json\/wp\/v2\/media?parent=217647"}],"wp:term":[{"taxonomy":"brand","embeddable":true,"href":"https:\/\/lediamant.ch\/de\/wp-json\/wp\/v2\/brand?post=217647"},{"taxonomy":"product_brand","embeddable":true,"href":"https:\/\/lediamant.ch\/de\/wp-json\/wp\/v2\/product_brand?post=217647"},{"taxonomy":"product_cat","embeddable":true,"href":"https:\/\/lediamant.ch\/de\/wp-json\/wp\/v2\/product_cat?post=217647"},{"taxonomy":"product_tag","embeddable":true,"href":"https:\/\/lediamant.ch\/de\/wp-json\/wp\/v2\/product_tag?post=217647"}],"curies":[{"name":"wp","href":"https:\/\/api.w.org\/{rel}","templated":true}]}}