{"id":217694,"date":"2025-05-03T16:12:35","date_gmt":"2025-05-03T14:12:35","guid":{"rendered":"https:\/\/lediamant.ch\/?post_type=product&#038;p=217694"},"modified":"2025-05-08T10:47:18","modified_gmt":"2025-05-08T08:47:18","slug":"hamilton-khaki-field-auto-date-42mm","status":"publish","type":"product","link":"https:\/\/lediamant.ch\/de\/uhren\/217694-hamilton-khaki-field-auto-date-42mm-h70605540\/","title":{"rendered":"Hamilton Khaki Field Auto Date 42mm"},"content":{"rendered":"<p>Inspiriert von der urspr\u00fcnglichen Soldatenuhr, verbindet die Khaki Field Automatic milit\u00e4risches Erbe und zeitgen\u00f6ssisches Design in einem vielseitigen Modell, das f\u00fcr die Pioniere der modernen Zeit entworfen wurde. Die Kombination aus einem dunkelblauen, sonnenbeschienenen Zifferblatt und einem Schneckeneffekt auf dem Stundenkreis reflektiert das Licht und verleiht der Uhr gleichzeitig Struktur und Tiefe. Das exklusive Automatikkaliber H-10 wurde f\u00fcr Action und Abenteuer entwickelt und bietet eine Gangreserve von bis zu 80 Stunden - eine Uhr, die Sie nicht im Stich l\u00e4sst. Entdecken Sie unsere Khaki Field Kollektion.<\/p>\n","protected":false},"excerpt":{"rendered":"<p>Inspiriert von der urspr\u00fcnglichen Soldatenuhr, verbindet die Khaki Field Automatic milit\u00e4risches Erbe und zeitgen\u00f6ssisches Design in einem vielseitigen Modell, das f\u00fcr die Pioniere der modernen Zeit entworfen wurde. Die Kombination aus einem dunkelblauen, sonnenbeschienenen Zifferblatt und einem Schneckeneffekt auf dem Stundenkreis reflektiert das Licht und verleiht der Uhr gleichzeitig Struktur und Tiefe. Das exklusive Automatikkaliber &#8230; <a title=\"Hamilton Khaki Field Auto Date 42mm\" class=\"read-more\" href=\"https:\/\/lediamant.ch\/de\/uhren\/217694-hamilton-khaki-field-auto-date-42mm-h70605540\/\" aria-label=\"Mehr Informationen \u00fcber Hamilton Khaki Field Auto Date 42mm\">Weiterlesen &#8230;<\/a><\/p>\n","protected":false},"featured_media":217696,"template":"","meta":{"_acf_changed":false,"_seopress_robots_primary_cat":"27181","_seopress_titles_title":"","_seopress_titles_desc":"Erleben Sie das Beste aus beiden Welten mit der Khaki Field Automatic. Milit\u00e4risches Erbe und modernes Design f\u00fcr Ihr n\u00e4chstes Abenteuer.","_seopress_robots_index":""},"brand":[27085],"product_brand":[],"product_cat":[27181,27291,27123],"product_tag":[],"class_list":{"0":"post-217694","1":"product","2":"type-product","3":"status-publish","4":"has-post-thumbnail","6":"brand-hamilton-de","7":"product_cat-hamilton-de","8":"product_cat-khaki-field-de","9":"product_cat-uhren","10":"pa_couleurduboitier-grau-de","11":"pa_couleurdubracelet-braun-de","12":"pa_couleurducadran-blau","13":"pa_etancheite-100m-de","14":"pa_forme-runden","15":"pa_genre-mann","16":"pa_matiere-stahl","17":"pa_matierebraceletmontre-leder","18":"pa_mouvement-automatik-de","19":"pa_swissmade-ja-de","20":"pa_verre-saphir-de","21":"sales-flash-overlay","22":"woocommerce-text-align-center","23":"woocommerce-image-align-center","24":"do-quantity-buttons","26":"first","27":"instock","28":"taxable","29":"shipping-taxable","30":"purchasable","31":"product-type-simple"},"acf":[],"_links":{"self":[{"href":"https:\/\/lediamant.ch\/de\/wp-json\/wp\/v2\/product\/217694","targetHints":{"allow":["GET"]}}],"collection":[{"href":"https:\/\/lediamant.ch\/de\/wp-json\/wp\/v2\/product"}],"about":[{"href":"https:\/\/lediamant.ch\/de\/wp-json\/wp\/v2\/types\/product"}],"wp:featuredmedia":[{"embeddable":true,"href":"https:\/\/lediamant.ch\/de\/wp-json\/wp\/v2\/media\/217696"}],"wp:attachment":[{"href":"https:\/\/lediamant.ch\/de\/wp-json\/wp\/v2\/media?parent=217694"}],"wp:term":[{"taxonomy":"brand","embeddable":true,"href":"https:\/\/lediamant.ch\/de\/wp-json\/wp\/v2\/brand?post=217694"},{"taxonomy":"product_brand","embeddable":true,"href":"https:\/\/lediamant.ch\/de\/wp-json\/wp\/v2\/product_brand?post=217694"},{"taxonomy":"product_cat","embeddable":true,"href":"https:\/\/lediamant.ch\/de\/wp-json\/wp\/v2\/product_cat?post=217694"},{"taxonomy":"product_tag","embeddable":true,"href":"https:\/\/lediamant.ch\/de\/wp-json\/wp\/v2\/product_tag?post=217694"}],"curies":[{"name":"wp","href":"https:\/\/api.w.org\/{rel}","templated":true}]}}