{"id":217756,"date":"2025-05-06T13:44:09","date_gmt":"2025-05-06T11:44:09","guid":{"rendered":"https:\/\/lediamant.ch\/?post_type=product&#038;p=217756"},"modified":"2025-05-07T09:26:28","modified_gmt":"2025-05-07T07:26:28","slug":"hamilton-khaki-field-auto-date-42mm-4","status":"publish","type":"product","link":"https:\/\/lediamant.ch\/de\/uhren\/217756-hamilton-khaki-field-auto-date-42mm-h70605160\/","title":{"rendered":"Hamilton Khaki Field Auto Date 42mm"},"content":{"rendered":"<p>Inspiriert von der urspr\u00fcnglichen Soldatenuhr, verbindet die Khaki Field Automatic milit\u00e4risches Erbe und zeitgen\u00f6ssisches Design in einem vielseitigen Modell, das f\u00fcr die Pioniere der modernen Zeit entworfen wurde. Die Kombination aus einem khakigr\u00fcnen, sonnenbeschienenen Zifferblatt und einem Schneckeneffekt auf dem Stundenkreis reflektiert das Licht und verleiht der Uhr gleichzeitig Struktur und Tiefe. Das exklusive Automatikkaliber H-10 wurde f\u00fcr Action und Abenteuer entwickelt und bietet eine Gangreserve von bis zu 80 Stunden - eine Uhr, die Sie nicht im Stich l\u00e4sst. Entdecken Sie unsere Khaki Field Kollektion.<\/p>\n","protected":false},"excerpt":{"rendered":"<p>Inspiriert von der urspr\u00fcnglichen Soldatenuhr, verbindet die Khaki Field Automatic milit\u00e4risches Erbe und zeitgen\u00f6ssisches Design in einem vielseitigen Modell, das f\u00fcr die Pioniere der modernen Zeit entworfen wurde. Die Kombination aus einem khakigr\u00fcnen, sonnenbeschienenen Zifferblatt und einem Schneckeneffekt auf dem Stundenkreis reflektiert das Licht und verleiht der Uhr gleichzeitig Struktur und Tiefe. Das exklusive Automatikkaliber &#8230; <a title=\"Hamilton Khaki Field Auto Date 42mm\" class=\"read-more\" href=\"https:\/\/lediamant.ch\/de\/uhren\/217756-hamilton-khaki-field-auto-date-42mm-h70605160\/\" aria-label=\"Mehr Informationen \u00fcber Hamilton Khaki Field Auto Date 42mm\">Weiterlesen &#8230;<\/a><\/p>\n","protected":false},"featured_media":217747,"template":"","meta":{"_acf_changed":false,"_seopress_robots_primary_cat":"27181","_seopress_titles_title":"","_seopress_titles_desc":"Die Khaki Field Automatic, die perfekte Verschmelzung von milit\u00e4rischem Erbe und modernem Design, mit bis zu 80 Stunden Reserve. Entdecken Sie die Kollektion!","_seopress_robots_index":""},"brand":[27085],"product_brand":[],"product_cat":[27181,27291,27123],"product_tag":[],"class_list":{"0":"post-217756","1":"product","2":"type-product","3":"status-publish","4":"has-post-thumbnail","6":"brand-hamilton-de","7":"product_cat-hamilton-de","8":"product_cat-khaki-field-de","9":"product_cat-uhren","10":"pa_couleurduboitier-grau-de","11":"pa_couleurdubracelet-grau-de","12":"pa_couleurducadran-grun","13":"pa_etancheite-100m-de","14":"pa_forme-runden","15":"pa_genre-mann","16":"pa_matiere-stahl","17":"pa_matierebraceletmontre-edelstahl","18":"pa_mouvement-automatik-de","19":"pa_swissmade-ja-de","20":"pa_verre-saphir-de","21":"sales-flash-overlay","22":"woocommerce-text-align-center","23":"woocommerce-image-align-center","24":"do-quantity-buttons","26":"first","27":"instock","28":"taxable","29":"shipping-taxable","30":"purchasable","31":"product-type-simple"},"acf":[],"_links":{"self":[{"href":"https:\/\/lediamant.ch\/de\/wp-json\/wp\/v2\/product\/217756","targetHints":{"allow":["GET"]}}],"collection":[{"href":"https:\/\/lediamant.ch\/de\/wp-json\/wp\/v2\/product"}],"about":[{"href":"https:\/\/lediamant.ch\/de\/wp-json\/wp\/v2\/types\/product"}],"wp:featuredmedia":[{"embeddable":true,"href":"https:\/\/lediamant.ch\/de\/wp-json\/wp\/v2\/media\/217747"}],"wp:attachment":[{"href":"https:\/\/lediamant.ch\/de\/wp-json\/wp\/v2\/media?parent=217756"}],"wp:term":[{"taxonomy":"brand","embeddable":true,"href":"https:\/\/lediamant.ch\/de\/wp-json\/wp\/v2\/brand?post=217756"},{"taxonomy":"product_brand","embeddable":true,"href":"https:\/\/lediamant.ch\/de\/wp-json\/wp\/v2\/product_brand?post=217756"},{"taxonomy":"product_cat","embeddable":true,"href":"https:\/\/lediamant.ch\/de\/wp-json\/wp\/v2\/product_cat?post=217756"},{"taxonomy":"product_tag","embeddable":true,"href":"https:\/\/lediamant.ch\/de\/wp-json\/wp\/v2\/product_tag?post=217756"}],"curies":[{"name":"wp","href":"https:\/\/api.w.org\/{rel}","templated":true}]}}