{"id":217795,"date":"2024-05-07T11:06:03","date_gmt":"2024-05-07T09:06:03","guid":{"rendered":"https:\/\/lediamant.ch\/?post_type=product&#038;p=217795"},"modified":"2025-05-07T11:34:56","modified_gmt":"2025-05-07T09:34:56","slug":"maurice-lacroix-fiaba-colours-edition-32mm-copie","status":"publish","type":"product","link":"https:\/\/lediamant.ch\/de\/uhren\/217795-maurice-lacroix-fiaba-duotone-32mm-fa1104-ssy13-b20-1\/","title":{"rendered":"Maurice Lacroix FIABA Duotone 32mm"},"content":{"rendered":"<p>Die FIABA erweckt M\u00e4rchen zum Leben, feiert die Zartheit und ist f\u00fcr die moderne Frau bestimmt. Mit ihrem eleganten Design und den pr\u00e4chtigen Details bieten diese Damenuhren erschwinglichen Luxus und sind der ideale Begleiter f\u00fcr Tag und Nacht.<\/p>\n","protected":false},"excerpt":{"rendered":"<p>Die FIABA erweckt M\u00e4rchen zum Leben, feiert die Zartheit und ist f\u00fcr die moderne Frau bestimmt. Mit ihrem eleganten Design und den pr\u00e4chtigen Details bieten diese Damenuhren erschwinglichen Luxus und sind der ideale Begleiter f\u00fcr Tag und Nacht.<\/p>\n","protected":false},"featured_media":217799,"template":"","meta":{"_acf_changed":false,"_seopress_robots_primary_cat":"27149","_seopress_titles_title":"%%post_title%%","_seopress_titles_desc":"Entdecken Sie die FIABA Kollektion: Eleganz und erschwinglicher Luxus f\u00fcr die moderne Frau. Perfekte Uhren f\u00fcr jeden Anlass, Tag und Nacht.","_seopress_robots_index":""},"brand":[27103],"product_brand":[],"product_cat":[27137,27309,27149,27123],"product_tag":[],"class_list":{"0":"post-217795","1":"product","2":"type-product","3":"status-publish","4":"has-post-thumbnail","6":"brand-mauricelacroix-de","7":"product_cat-bracelet-ajustable-de","8":"product_cat-fiaba-de","9":"product_cat-maurice-lacroix-de","10":"product_cat-uhren","11":"pa_couleurduboitier-zweifarbig-de","12":"pa_couleurdubracelet-bicolor","13":"pa_couleurducadran-perlmutt","14":"pa_detail-de-s-pierres-s-46-diamanten","15":"pa_etancheite-30m-de","16":"pa_forme-runden","17":"pa_genre-frau","18":"pa_matiere-zweifarbigstahlgelbgoldpvd","19":"pa_matierebraceletmontre-edelstahl","20":"pa_mouvement-quarzbatterie-de","21":"pa_swissmade-ja-de","22":"pa_typedemontre-uhrenmitdiamanten","23":"sales-flash-overlay","24":"woocommerce-text-align-center","25":"woocommerce-image-align-center","26":"do-quantity-buttons","28":"first","29":"instock","30":"taxable","31":"shipping-taxable","32":"purchasable","33":"product-type-simple"},"acf":[],"_links":{"self":[{"href":"https:\/\/lediamant.ch\/de\/wp-json\/wp\/v2\/product\/217795","targetHints":{"allow":["GET"]}}],"collection":[{"href":"https:\/\/lediamant.ch\/de\/wp-json\/wp\/v2\/product"}],"about":[{"href":"https:\/\/lediamant.ch\/de\/wp-json\/wp\/v2\/types\/product"}],"wp:featuredmedia":[{"embeddable":true,"href":"https:\/\/lediamant.ch\/de\/wp-json\/wp\/v2\/media\/217799"}],"wp:attachment":[{"href":"https:\/\/lediamant.ch\/de\/wp-json\/wp\/v2\/media?parent=217795"}],"wp:term":[{"taxonomy":"brand","embeddable":true,"href":"https:\/\/lediamant.ch\/de\/wp-json\/wp\/v2\/brand?post=217795"},{"taxonomy":"product_brand","embeddable":true,"href":"https:\/\/lediamant.ch\/de\/wp-json\/wp\/v2\/product_brand?post=217795"},{"taxonomy":"product_cat","embeddable":true,"href":"https:\/\/lediamant.ch\/de\/wp-json\/wp\/v2\/product_cat?post=217795"},{"taxonomy":"product_tag","embeddable":true,"href":"https:\/\/lediamant.ch\/de\/wp-json\/wp\/v2\/product_tag?post=217795"}],"curies":[{"name":"wp","href":"https:\/\/api.w.org\/{rel}","templated":true}]}}