{"id":217980,"date":"2023-05-15T15:13:13","date_gmt":"2023-05-15T13:13:13","guid":{"rendered":"https:\/\/lediamant.ch\/?post_type=product&#038;p=217980"},"modified":"2025-08-27T14:18:59","modified_gmt":"2025-08-27T12:18:59","slug":"tissot-pr-100-sport-gent-42mm","status":"publish","type":"product","link":"https:\/\/lediamant.ch\/de\/uhren\/217980-tissot-pr-100-sport-gent-42mm-t1016101605100\/","title":{"rendered":"Tissot PR 100 Sport Gent 42mm"},"content":{"rendered":"<p>Das Ziel der Tissot PR 100 Sport Gent ist es, eine sportlich-schicke Uhr f\u00fcr den t\u00e4glichen Look anzubieten. Sie hat das einfache und elegante Gesicht, f\u00fcr das die Kollektion bekannt ist. Die Uhr ist wasserdicht bis zu einem Druck von 10 bar (100 m\/330 ft) und das Zifferblatt ist mit Indizes mit Leuchtmasse versehen, die dem Zeitmesser einen eleganten und originellen Touch verleihen.<\/p>\n","protected":false},"excerpt":{"rendered":"<p>Das Ziel der Tissot PR 100 Sport Gent ist es, eine sportlich-schicke Uhr f\u00fcr den t\u00e4glichen Look anzubieten. Sie hat das einfache und elegante Gesicht, f\u00fcr das die Kollektion bekannt ist. Die Uhr ist wasserdicht bis zu einem Druck von 10 bar (100 m\/330 ft) und das Zifferblatt ist mit Indizes mit Leuchtmasse versehen, die &#8230; <a title=\"Tissot PR 100 Sport Gent 42mm\" class=\"read-more\" href=\"https:\/\/lediamant.ch\/de\/uhren\/217980-tissot-pr-100-sport-gent-42mm-t1016101605100\/\" aria-label=\"Mehr Informationen \u00fcber Tissot PR 100 Sport Gent 42mm\">Weiterlesen &#8230;<\/a><\/p>\n","protected":false},"featured_media":217983,"template":"","meta":{"_acf_changed":false,"_seopress_robots_primary_cat":"27159","_seopress_titles_title":"","_seopress_titles_desc":"Die Tissot PR 100 Sport Gent ist eine elegante und sportliche Uhr, die sich mit ihrer Wasserdichtigkeit bis 100 m und ihrem hellen Design ideal f\u00fcr den Alltag eignet.","_seopress_robots_index":""},"brand":[27087],"product_brand":[],"product_cat":[27133,27159,27245,27513,27123,27141],"product_tag":[],"class_list":{"0":"post-217980","1":"product","2":"type-product","3":"status-publish","4":"has-post-thumbnail","6":"brand-tissot-de","7":"product_cat-sale","8":"product_cat-tissot-de","9":"product_cat-tissot-classic","10":"product_cat-tissot-pr100","11":"product_cat-uhren","12":"product_cat-uhren-sale","13":"sales-flash-overlay","14":"woocommerce-text-align-center","15":"woocommerce-image-align-center","16":"do-quantity-buttons","18":"first","19":"instock","20":"sale","21":"taxable","22":"shipping-taxable","23":"purchasable","24":"product-type-simple"},"acf":[],"_links":{"self":[{"href":"https:\/\/lediamant.ch\/de\/wp-json\/wp\/v2\/product\/217980","targetHints":{"allow":["GET"]}}],"collection":[{"href":"https:\/\/lediamant.ch\/de\/wp-json\/wp\/v2\/product"}],"about":[{"href":"https:\/\/lediamant.ch\/de\/wp-json\/wp\/v2\/types\/product"}],"wp:featuredmedia":[{"embeddable":true,"href":"https:\/\/lediamant.ch\/de\/wp-json\/wp\/v2\/media\/217983"}],"wp:attachment":[{"href":"https:\/\/lediamant.ch\/de\/wp-json\/wp\/v2\/media?parent=217980"}],"wp:term":[{"taxonomy":"brand","embeddable":true,"href":"https:\/\/lediamant.ch\/de\/wp-json\/wp\/v2\/brand?post=217980"},{"taxonomy":"product_brand","embeddable":true,"href":"https:\/\/lediamant.ch\/de\/wp-json\/wp\/v2\/product_brand?post=217980"},{"taxonomy":"product_cat","embeddable":true,"href":"https:\/\/lediamant.ch\/de\/wp-json\/wp\/v2\/product_cat?post=217980"},{"taxonomy":"product_tag","embeddable":true,"href":"https:\/\/lediamant.ch\/de\/wp-json\/wp\/v2\/product_tag?post=217980"}],"curies":[{"name":"wp","href":"https:\/\/api.w.org\/{rel}","templated":true}]}}