{"id":218090,"date":"2025-07-09T13:42:55","date_gmt":"2025-07-09T11:42:55","guid":{"rendered":"https:\/\/lediamant.ch\/?post_type=product&#038;p=218090"},"modified":"2025-12-05T18:06:24","modified_gmt":"2025-12-05T17:06:24","slug":"tissot-t-touch-connect-solar-esaf-2025","status":"publish","type":"product","link":"https:\/\/lediamant.ch\/de\/uhren\/218090-tissot-t-touch-connect-solar-esaf-2025-t1214204705109\/","title":{"rendered":"Tissot T-Touch Connect Solar ESAF 2025"},"content":{"rendered":"<p>Die T-Touch Connect Solar ist die erste multifunktionale Touchscreen-Uhr von Tissot. Sie ist ein gutes Beispiel f\u00fcr die Philosophie der Marke: &#8222;Innovators by Tradition&#8220;. Die Tissot T-Touch Connect Solar ist eine leichte, hypoallergene Uhr, die dank ihres Titangeh\u00e4uses und der Keramikl\u00fcnette robust ist. Sie hat ein Saphirglas, eine elektronische Krone und zwei Dr\u00fccker. Verbinden Sie Ihr Smartphone \u00fcber Bluetooth mit der Tissot T-Touch Connect Solar App. Laden Sie die App aus dem App Store, von Google Play oder der Huawei App Gallery herunter. Diese Konnektivit\u00e4t erm\u00f6glicht es Ihnen, Anrufe und Benachrichtigungen auf dem energiesparenden Memory-In-Pixel-Display anzuzeigen. Regelm\u00e4\u00dfige Updates f\u00fcgen weitere Funktionen hinzu. Die Innovation von Tissot ist hybrid: Sie hat die meisten ihrer Funktionen auch ohne Verbindung zum Smartphone beibehalten. Es handelt sich um : Activity Tracker: Schrittz\u00e4hler, Entfernungsmesser, Kalorienz\u00e4hler, Kompass, Barometer, Temperaturanzeige, H\u00f6henmesser und Differenzialh\u00f6henmesser, zweite Zeitzone, ewiger Kalender, Countdown, sowie verschiedene Stopp- und Alarmfunktionen. Die Tissot T-Touch Connect Solar funktioniert im Offline-Modus sehr lange mit Solarenergie. Im Online-Modus h\u00e4lt sie mindestens 6 Monate, abh\u00e4ngig von der Nutzung und der Sonneneinstrahlung. Hierzu nutzt er moderne Solarzellen auf dem Zifferblatt, um seinen Energiespeicher mit Energie zu versorgen, auch wenn er nicht angeschlossen ist. Das Betriebssystem &#8222;Sw-ALPS&#8220; wurde in der Schweiz entwickelt. Es ist kompatibel mit iOS, Android und Harmony OS von Huawei.<\/p>\n","protected":false},"excerpt":{"rendered":"<p>Die T-Touch Connect Solar ist die erste multifunktionale Touchscreen-Uhr von Tissot. Sie ist ein gutes Beispiel f\u00fcr die Philosophie der Marke: &#8222;Innovators by Tradition&#8220;. Die Tissot T-Touch Connect Solar ist eine leichte, hypoallergene Uhr, die dank ihres Titangeh\u00e4uses und der Keramikl\u00fcnette robust ist. Sie hat ein Saphirglas, eine elektronische Krone und zwei Dr\u00fccker. Verbinden Sie &#8230; <a title=\"Tissot T-Touch Connect Solar ESAF 2025\" class=\"read-more\" href=\"https:\/\/lediamant.ch\/de\/uhren\/218090-tissot-t-touch-connect-solar-esaf-2025-t1214204705109\/\" aria-label=\"Mehr Informationen \u00fcber Tissot T-Touch Connect Solar ESAF 2025\">Weiterlesen &#8230;<\/a><\/p>\n","protected":false},"featured_media":218307,"template":"","meta":{"_acf_changed":false,"_seopress_robots_primary_cat":"27159","_seopress_titles_title":"","_seopress_titles_desc":"Explorez l'innovation avec la Tissot T-Touch Connect Solar, montre tactile multifonction, l\u00e9g\u00e8re et connect\u00e9e. Parfaite pour tous vos besoins!","_seopress_robots_index":""},"brand":[27087],"product_brand":[],"product_cat":[27123,27159,27377,27271,27325],"product_tag":[],"class_list":{"0":"post-218090","1":"product","2":"type-product","3":"status-publish","4":"has-post-thumbnail","6":"brand-tissot-de","7":"product_cat-uhren","8":"product_cat-tissot-de","9":"product_cat-touch-uhren","10":"product_cat-tissot-t-touch-connect-solar","11":"product_cat-tissot-spezialitaten","12":"pa_couleurduboitier-grau-de","13":"pa_couleurdubracelet-braun-de","14":"pa_couleurducadran-schwarz","15":"pa_dimensions-o-47-mm","16":"pa_etancheite-100m-de","17":"pa_forme-runden","18":"pa_garantie-24monate","19":"pa_genre-mann","20":"pa_matiere-titan","21":"pa_matierebraceletmontre-leder","22":"pa_mouvement-solar-de","23":"pa_swissmade-ja-de","24":"pa_typedemontre-touchuhren","25":"sales-flash-overlay","26":"woocommerce-text-align-center","27":"woocommerce-image-align-center","28":"do-quantity-buttons","30":"first","31":"outofstock","32":"taxable","33":"shipping-taxable","34":"purchasable","35":"product-type-simple"},"acf":[],"_links":{"self":[{"href":"https:\/\/lediamant.ch\/de\/wp-json\/wp\/v2\/product\/218090","targetHints":{"allow":["GET"]}}],"collection":[{"href":"https:\/\/lediamant.ch\/de\/wp-json\/wp\/v2\/product"}],"about":[{"href":"https:\/\/lediamant.ch\/de\/wp-json\/wp\/v2\/types\/product"}],"wp:featuredmedia":[{"embeddable":true,"href":"https:\/\/lediamant.ch\/de\/wp-json\/wp\/v2\/media\/218307"}],"wp:attachment":[{"href":"https:\/\/lediamant.ch\/de\/wp-json\/wp\/v2\/media?parent=218090"}],"wp:term":[{"taxonomy":"brand","embeddable":true,"href":"https:\/\/lediamant.ch\/de\/wp-json\/wp\/v2\/brand?post=218090"},{"taxonomy":"product_brand","embeddable":true,"href":"https:\/\/lediamant.ch\/de\/wp-json\/wp\/v2\/product_brand?post=218090"},{"taxonomy":"product_cat","embeddable":true,"href":"https:\/\/lediamant.ch\/de\/wp-json\/wp\/v2\/product_cat?post=218090"},{"taxonomy":"product_tag","embeddable":true,"href":"https:\/\/lediamant.ch\/de\/wp-json\/wp\/v2\/product_tag?post=218090"}],"curies":[{"name":"wp","href":"https:\/\/api.w.org\/{rel}","templated":true}]}}