{"id":218216,"date":"2025-05-17T13:43:00","date_gmt":"2025-05-17T11:43:00","guid":{"rendered":"https:\/\/lediamant.ch\/?post_type=product&#038;p=218216"},"modified":"2025-05-17T15:53:59","modified_gmt":"2025-05-17T13:53:59","slug":"aerowatch-taschenuhr-lepine-mechanical-skeleton-schwarz","status":"publish","type":"product","link":"https:\/\/lediamant.ch\/de\/uhren\/218216-aerowatch-taschenuhr-lepine-mechanical-skeleton-schwarz-50829-no03-sq\/","title":{"rendered":"Aerowatch Taschenuhr L\u00e9pine Mechanical Skeleton Schwarz"},"content":{"rendered":"<p>Aerowatch ist f\u00fcr seine Taschenuhren ber\u00fchmt. Die Leidenschaft und die Werte des im Jura ans\u00e4ssigen Familienunternehmens Aerowatch sind harmonisch in der neuen L\u00e9pine mechanischen Skelett-Taschenuhr aus schwarzem PVD-beschichtetem Stahl vereint. Mit einer solchen Uhr in der Tasche und ihrem Modernismus haben Sie die Zeit immer auf Ihrer Seite. Die Uhr ist mit dem hochwertigen Swiss Made Handaufzugskaliber ETA 6497-1 ausgestattet, das eine Gangreserve von 46 Stunden bietet. Entdecken Sie diese wundersch\u00f6ne Taschenuhr.<\/p>\n","protected":false},"excerpt":{"rendered":"<p>Aerowatch ist f\u00fcr seine Taschenuhren ber\u00fchmt. Die Leidenschaft und die Werte des im Jura ans\u00e4ssigen Familienunternehmens Aerowatch sind harmonisch in der neuen L\u00e9pine mechanischen Skelett-Taschenuhr aus schwarzem PVD-beschichtetem Stahl vereint. Mit einer solchen Uhr in der Tasche und ihrem Modernismus haben Sie die Zeit immer auf Ihrer Seite. Die Uhr ist mit dem hochwertigen Swiss &#8230; <a title=\"Aerowatch Taschenuhr L\u00e9pine Mechanical Skeleton Schwarz\" class=\"read-more\" href=\"https:\/\/lediamant.ch\/de\/uhren\/218216-aerowatch-taschenuhr-lepine-mechanical-skeleton-schwarz-50829-no03-sq\/\" aria-label=\"Mehr Informationen \u00fcber Aerowatch Taschenuhr L\u00e9pine Mechanical Skeleton Schwarz\">Weiterlesen &#8230;<\/a><\/p>\n","protected":false},"featured_media":218222,"template":"","meta":{"_acf_changed":false,"_seopress_robots_primary_cat":"27337","_seopress_titles_title":"%%post_title%%","_seopress_titles_desc":"Entdecken Sie die Eleganz der mechanischen L\u00e9pine-Taschenuhr von Aerowatch, die eine perfekte Mischung aus Tradition und Moderne ist. Ein zeitloses Must-have.","_seopress_robots_index":""},"brand":[27081],"product_brand":[],"product_cat":[27123,27167,27337],"product_tag":[],"class_list":{"0":"post-218216","1":"product","2":"type-product","3":"status-publish","4":"has-post-thumbnail","6":"brand-aerowatch-de","7":"product_cat-uhren","8":"product_cat-aerowatch-de","9":"product_cat-taschenuhren","10":"pa_couleurduboitier-schwarz-de","11":"pa_couleurducadran-schwarz","12":"pa_etancheite-30m-de","13":"pa_forme-runden","14":"pa_genre-mann","15":"pa_matiere-schwarzespvd","16":"pa_modele-de-mouvement-eta-6497-1-de","17":"pa_mouvement-mechanik","18":"pa_swissmade-ja-de","19":"pa_typedemontre-taschenuhren","20":"pa_verre-saphir-de","21":"sales-flash-overlay","22":"woocommerce-text-align-center","23":"woocommerce-image-align-center","24":"do-quantity-buttons","26":"first","27":"instock","28":"taxable","29":"shipping-taxable","30":"purchasable","31":"product-type-simple"},"acf":[],"_links":{"self":[{"href":"https:\/\/lediamant.ch\/de\/wp-json\/wp\/v2\/product\/218216","targetHints":{"allow":["GET"]}}],"collection":[{"href":"https:\/\/lediamant.ch\/de\/wp-json\/wp\/v2\/product"}],"about":[{"href":"https:\/\/lediamant.ch\/de\/wp-json\/wp\/v2\/types\/product"}],"wp:featuredmedia":[{"embeddable":true,"href":"https:\/\/lediamant.ch\/de\/wp-json\/wp\/v2\/media\/218222"}],"wp:attachment":[{"href":"https:\/\/lediamant.ch\/de\/wp-json\/wp\/v2\/media?parent=218216"}],"wp:term":[{"taxonomy":"brand","embeddable":true,"href":"https:\/\/lediamant.ch\/de\/wp-json\/wp\/v2\/brand?post=218216"},{"taxonomy":"product_brand","embeddable":true,"href":"https:\/\/lediamant.ch\/de\/wp-json\/wp\/v2\/product_brand?post=218216"},{"taxonomy":"product_cat","embeddable":true,"href":"https:\/\/lediamant.ch\/de\/wp-json\/wp\/v2\/product_cat?post=218216"},{"taxonomy":"product_tag","embeddable":true,"href":"https:\/\/lediamant.ch\/de\/wp-json\/wp\/v2\/product_tag?post=218216"}],"curies":[{"name":"wp","href":"https:\/\/api.w.org\/{rel}","templated":true}]}}