{"id":218234,"date":"2025-05-17T16:00:41","date_gmt":"2025-05-17T14:00:41","guid":{"rendered":"https:\/\/lediamant.ch\/?post_type=product&#038;p=218234"},"modified":"2025-05-17T16:15:26","modified_gmt":"2025-05-17T14:15:26","slug":"aerowatch-taschenuhr-lepine-quarz-stahl","status":"publish","type":"product","link":"https:\/\/lediamant.ch\/de\/uhren\/218234-aerowatch-taschenuhr-lepine-quarz-stahl-42829-aa04\/","title":{"rendered":"Aerowatch Taschenuhr L\u00e9pine Quarz Stahl"},"content":{"rendered":"<p>Aerowatch ist ein wichtiger Akteur in der Uhrenbranche, der besonders f\u00fcr seine Taschenuhren bekannt ist. Die Leidenschaft und die Werte des im Jura ans\u00e4ssigen Familienunternehmens Aerowatch sind harmonisch in der neuen Quarz-Taschenuhr aus Stahl mit silbernem Zifferblatt und goldenen Applikationen mit Leuchtmasse vereint. Diese Uhr der neuesten Generation wird Ihnen helfen, wertvolle Zeit zu sparen. Wir laden Sie herzlich ein, diese au\u00dfergew\u00f6hnliche Taschenuhr zu entdecken.<\/p>\n","protected":false},"excerpt":{"rendered":"<p>Aerowatch ist ein wichtiger Akteur in der Uhrenbranche, der besonders f\u00fcr seine Taschenuhren bekannt ist. Die Leidenschaft und die Werte des im Jura ans\u00e4ssigen Familienunternehmens Aerowatch sind harmonisch in der neuen Quarz-Taschenuhr aus Stahl mit silbernem Zifferblatt und goldenen Applikationen mit Leuchtmasse vereint. Diese Uhr der neuesten Generation wird Ihnen helfen, wertvolle Zeit zu sparen. &#8230; <a title=\"Aerowatch Taschenuhr L\u00e9pine Quarz Stahl\" class=\"read-more\" href=\"https:\/\/lediamant.ch\/de\/uhren\/218234-aerowatch-taschenuhr-lepine-quarz-stahl-42829-aa04\/\" aria-label=\"Mehr Informationen \u00fcber Aerowatch Taschenuhr L\u00e9pine Quarz Stahl\">Weiterlesen &#8230;<\/a><\/p>\n","protected":false},"featured_media":218236,"template":"","meta":{"_acf_changed":false,"_seopress_robots_primary_cat":"27337","_seopress_titles_title":"%%post_title%%","_seopress_titles_desc":"Aerowatch revolutioniert die Zeit mit seiner neuen Quarz-Taschenuhr. Eleganz und Pr\u00e4zision in jedem Detail. Entdecken Sie mehr!","_seopress_robots_index":""},"brand":[27081],"product_brand":[],"product_cat":[27123,27167,27337,42084],"product_tag":[],"class_list":{"0":"post-218234","1":"product","2":"type-product","3":"status-publish","4":"has-post-thumbnail","6":"brand-aerowatch-de","7":"product_cat-uhren","8":"product_cat-aerowatch-de","9":"product_cat-taschenuhren","10":"product_cat-lepine-de","11":"pa_couleurduboitier-grau-de","12":"pa_couleurducadran-silber","13":"pa_etancheite-30m-de","14":"pa_forme-runden","15":"pa_genre-mann","16":"pa_matiere-stahl","17":"pa_mouvement-quarzbatterie-de","18":"pa_swissmade-ja-de","19":"pa_typedemontre-taschenuhren","20":"pa_verre-saphir-de","21":"sales-flash-overlay","22":"woocommerce-text-align-center","23":"woocommerce-image-align-center","24":"do-quantity-buttons","26":"first","27":"instock","28":"taxable","29":"shipping-taxable","30":"purchasable","31":"product-type-simple"},"acf":[],"_links":{"self":[{"href":"https:\/\/lediamant.ch\/de\/wp-json\/wp\/v2\/product\/218234","targetHints":{"allow":["GET"]}}],"collection":[{"href":"https:\/\/lediamant.ch\/de\/wp-json\/wp\/v2\/product"}],"about":[{"href":"https:\/\/lediamant.ch\/de\/wp-json\/wp\/v2\/types\/product"}],"wp:featuredmedia":[{"embeddable":true,"href":"https:\/\/lediamant.ch\/de\/wp-json\/wp\/v2\/media\/218236"}],"wp:attachment":[{"href":"https:\/\/lediamant.ch\/de\/wp-json\/wp\/v2\/media?parent=218234"}],"wp:term":[{"taxonomy":"brand","embeddable":true,"href":"https:\/\/lediamant.ch\/de\/wp-json\/wp\/v2\/brand?post=218234"},{"taxonomy":"product_brand","embeddable":true,"href":"https:\/\/lediamant.ch\/de\/wp-json\/wp\/v2\/product_brand?post=218234"},{"taxonomy":"product_cat","embeddable":true,"href":"https:\/\/lediamant.ch\/de\/wp-json\/wp\/v2\/product_cat?post=218234"},{"taxonomy":"product_tag","embeddable":true,"href":"https:\/\/lediamant.ch\/de\/wp-json\/wp\/v2\/product_tag?post=218234"}],"curies":[{"name":"wp","href":"https:\/\/api.w.org\/{rel}","templated":true}]}}