{"id":218578,"date":"2025-06-12T13:29:12","date_gmt":"2025-06-12T11:29:12","guid":{"rendered":"https:\/\/lediamant.ch\/?post_type=product&#038;p=218578"},"modified":"2025-06-12T13:44:52","modified_gmt":"2025-06-12T11:44:52","slug":"hamilton-khaki-navy-scuba-automatic-gmt-43mm-bronze","status":"publish","type":"product","link":"https:\/\/lediamant.ch\/de\/uhren\/218578-hamilton-khaki-navy-scuba-automatic-gmt-43mm-bronze-h82565930\/","title":{"rendered":"Hamilton Khaki Navy Scuba automatic GMT 43mm Bronze"},"content":{"rendered":"<p>Die Khaki Navy Automatic GMT wurde sowohl f\u00fcr moderne Seeleute als auch f\u00fcr alte Seeb\u00e4ren entworfen und ist die ultimative Reiseuhr, da sie sowohl die Ortszeit als auch die Zeit einer zweiten Zeitzone anzeigen kann. Das schwarze Zifferblatt mit einem Bronzegeh\u00e4use und einem schwarz-goldenen NATO-Armband wird durch hellgr\u00fcne Super-LumiNova\u00ae-Indizes hervorgehoben, w\u00e4hrend ein roter Zeiger die GMT-Funktion anzeigt und das Ablesen einer zweiten Zeitzone erleichtert. Die Khaki Navy Automatic GMT ist wasserdicht bis 30 bar, hat eine verschraubte Krone und eine Gangreserve von 80 Stunden. Mit dieser Uhr k\u00f6nnen Sie selbstbewusst und stilvoll zu neuen Horizonten aufbrechen. Entdecken Sie unsere Khaki Navy Kollektion, die f\u00fcr Unterwasserabenteuer konzipiert wurde.<\/p>\n","protected":false},"excerpt":{"rendered":"<p>Die Khaki Navy Automatic GMT wurde sowohl f\u00fcr moderne Seeleute als auch f\u00fcr alte Seeb\u00e4ren entworfen und ist die ultimative Reiseuhr, da sie sowohl die Ortszeit als auch die Zeit einer zweiten Zeitzone anzeigen kann. Das schwarze Zifferblatt mit einem Bronzegeh\u00e4use und einem schwarz-goldenen NATO-Armband wird durch hellgr\u00fcne Super-LumiNova\u00ae-Indizes hervorgehoben, w\u00e4hrend ein roter Zeiger die &#8230; <a title=\"Hamilton Khaki Navy Scuba automatic GMT 43mm Bronze\" class=\"read-more\" href=\"https:\/\/lediamant.ch\/de\/uhren\/218578-hamilton-khaki-navy-scuba-automatic-gmt-43mm-bronze-h82565930\/\" aria-label=\"Mehr Informationen \u00fcber Hamilton Khaki Navy Scuba automatic GMT 43mm Bronze\">Weiterlesen &#8230;<\/a><\/p>\n","protected":false},"featured_media":218580,"template":"","meta":{"_acf_changed":false,"_seopress_robots_primary_cat":"27181","_seopress_titles_title":"%%post_title%%","_seopress_titles_desc":"Entdecken Sie mit Stil mit der Khaki Navy Automatic GMT Bronze, ideal f\u00fcr Seeleute, mit GMT-Funktion und einer Wasserdichtigkeit von 30 bar.","_seopress_robots_index":""},"brand":[27085],"product_brand":[],"product_cat":[27137,27181,27305,27123],"product_tag":[],"class_list":{"0":"post-218578","1":"product","2":"type-product","3":"status-publish","4":"has-post-thumbnail","6":"brand-hamilton-de","7":"product_cat-bracelet-ajustable-de","8":"product_cat-hamilton-de","9":"product_cat-khaki-navy-de","10":"product_cat-uhren","11":"pa_couleurduboitier-pinkrosa-de","12":"pa_couleurdubracelet-schwarz-de","13":"pa_couleurducadran-schwarz","14":"pa_etancheite-300m-de","15":"pa_forme-runden","16":"pa_garantie-24monate","17":"pa_genre-mann","18":"pa_matiere-bronze-de","19":"pa_matierebraceletmontre-textil-de","20":"pa_modele-de-mouvement-h-14-de","21":"pa_mouvement-automatik-de","22":"pa_swissmade-ja-de","23":"pa_typedemontre-gmt-de","24":"pa_verre-saphir-de","25":"sales-flash-overlay","26":"woocommerce-text-align-center","27":"woocommerce-image-align-center","28":"do-quantity-buttons","30":"first","31":"instock","32":"taxable","33":"shipping-taxable","34":"purchasable","35":"product-type-simple"},"acf":[],"_links":{"self":[{"href":"https:\/\/lediamant.ch\/de\/wp-json\/wp\/v2\/product\/218578","targetHints":{"allow":["GET"]}}],"collection":[{"href":"https:\/\/lediamant.ch\/de\/wp-json\/wp\/v2\/product"}],"about":[{"href":"https:\/\/lediamant.ch\/de\/wp-json\/wp\/v2\/types\/product"}],"wp:featuredmedia":[{"embeddable":true,"href":"https:\/\/lediamant.ch\/de\/wp-json\/wp\/v2\/media\/218580"}],"wp:attachment":[{"href":"https:\/\/lediamant.ch\/de\/wp-json\/wp\/v2\/media?parent=218578"}],"wp:term":[{"taxonomy":"brand","embeddable":true,"href":"https:\/\/lediamant.ch\/de\/wp-json\/wp\/v2\/brand?post=218578"},{"taxonomy":"product_brand","embeddable":true,"href":"https:\/\/lediamant.ch\/de\/wp-json\/wp\/v2\/product_brand?post=218578"},{"taxonomy":"product_cat","embeddable":true,"href":"https:\/\/lediamant.ch\/de\/wp-json\/wp\/v2\/product_cat?post=218578"},{"taxonomy":"product_tag","embeddable":true,"href":"https:\/\/lediamant.ch\/de\/wp-json\/wp\/v2\/product_tag?post=218578"}],"curies":[{"name":"wp","href":"https:\/\/api.w.org\/{rel}","templated":true}]}}