{"id":218610,"date":"2024-06-12T17:52:23","date_gmt":"2024-06-12T15:52:23","guid":{"rendered":"https:\/\/lediamant.ch\/?post_type=product&#038;p=218610"},"modified":"2025-06-12T18:04:47","modified_gmt":"2025-06-12T16:04:47","slug":"balmain-flamea-34mm","status":"publish","type":"product","link":"https:\/\/lediamant.ch\/de\/uhren\/218610-balmain-flamea-34mm-b47903396\/","title":{"rendered":"Balmain Flamea 34mm"},"content":{"rendered":"<p>Balmain bietet neue Varianten seiner Flamea-Kollektion an. Diese St\u00fccke, die zum Trendies-Segment geh\u00f6ren und direkt vom Geist der Haute Couture beseelt sind, tragen stolz Zifferbl\u00e4tter aus Naturstein, eine Besonderheit, die den Ruf der Marke seit ihren Anf\u00e4ngen begr\u00fcndet hat. Die Flamea-Kollektion ist schlicht und schick zugleich und repr\u00e4sentiert die zeitgen\u00f6ssische Vision der Balmain-Eleganz. Inspiriert von der faszinierenden Welt der Haute Couture, wo der Fantasie keine Grenzen gesetzt sind und wo die originellsten Kreationen erlaubt sind, immer zu Ehren der franz\u00f6sischen Eleganz und Raffinesse.<\/p>\n","protected":false},"excerpt":{"rendered":"<p>Balmain bietet neue Varianten seiner Flamea-Kollektion an. Diese St\u00fccke, die zum Trendies-Segment geh\u00f6ren und direkt vom Geist der Haute Couture beseelt sind, tragen stolz Zifferbl\u00e4tter aus Naturstein, eine Besonderheit, die den Ruf der Marke seit ihren Anf\u00e4ngen begr\u00fcndet hat. Die Flamea-Kollektion ist schlicht und schick zugleich und repr\u00e4sentiert die zeitgen\u00f6ssische Vision der Balmain-Eleganz. Inspiriert von &#8230; <a title=\"Balmain Flamea 34mm\" class=\"read-more\" href=\"https:\/\/lediamant.ch\/de\/uhren\/218610-balmain-flamea-34mm-b47903396\/\" aria-label=\"Mehr Informationen \u00fcber Balmain Flamea 34mm\">Weiterlesen &#8230;<\/a><\/p>\n","protected":false},"featured_media":218612,"template":"","meta":{"_acf_changed":false,"_seopress_robots_primary_cat":"27173","_seopress_titles_title":"","_seopress_titles_desc":"Entdecken Sie die neue Flamea-Kollektion von Balmain. Elegante Designs mit Naturstein-Zifferbl\u00e4ttern, inspiriert von der Haute Couture.","_seopress_robots_index":""},"brand":[27083],"product_brand":[],"product_cat":[27173,27137,27401,27123],"product_tag":[],"class_list":{"0":"post-218610","1":"product","2":"type-product","3":"status-publish","4":"has-post-thumbnail","6":"brand-balmain-de","7":"product_cat-balmain-de","8":"product_cat-bracelet-ajustable-de","9":"product_cat-flamea-de","10":"product_cat-uhren","11":"pa_couleurduboitier-gelb-de","12":"pa_couleurdubracelet-gelb-de","13":"pa_couleurducadran-blau","14":"pa_dimensions-o-34-00-mm","15":"pa_etancheite-50m-de","16":"pa_forme-runden","17":"pa_genre-frau","18":"pa_matiere-gelbgoldpvd","19":"pa_matierebraceletmontre-edelstahl","20":"pa_mouvement-quarzbatterie-de","21":"pa_swissmade-ja-de","22":"sales-flash-overlay","23":"woocommerce-text-align-center","24":"woocommerce-image-align-center","25":"do-quantity-buttons","27":"first","28":"instock","29":"taxable","30":"shipping-taxable","31":"purchasable","32":"product-type-simple"},"acf":[],"_links":{"self":[{"href":"https:\/\/lediamant.ch\/de\/wp-json\/wp\/v2\/product\/218610","targetHints":{"allow":["GET"]}}],"collection":[{"href":"https:\/\/lediamant.ch\/de\/wp-json\/wp\/v2\/product"}],"about":[{"href":"https:\/\/lediamant.ch\/de\/wp-json\/wp\/v2\/types\/product"}],"wp:featuredmedia":[{"embeddable":true,"href":"https:\/\/lediamant.ch\/de\/wp-json\/wp\/v2\/media\/218612"}],"wp:attachment":[{"href":"https:\/\/lediamant.ch\/de\/wp-json\/wp\/v2\/media?parent=218610"}],"wp:term":[{"taxonomy":"brand","embeddable":true,"href":"https:\/\/lediamant.ch\/de\/wp-json\/wp\/v2\/brand?post=218610"},{"taxonomy":"product_brand","embeddable":true,"href":"https:\/\/lediamant.ch\/de\/wp-json\/wp\/v2\/product_brand?post=218610"},{"taxonomy":"product_cat","embeddable":true,"href":"https:\/\/lediamant.ch\/de\/wp-json\/wp\/v2\/product_cat?post=218610"},{"taxonomy":"product_tag","embeddable":true,"href":"https:\/\/lediamant.ch\/de\/wp-json\/wp\/v2\/product_tag?post=218610"}],"curies":[{"name":"wp","href":"https:\/\/api.w.org\/{rel}","templated":true}]}}