{"id":218648,"date":"2025-06-27T15:51:26","date_gmt":"2025-06-27T13:51:26","guid":{"rendered":"https:\/\/lediamant.ch\/?post_type=product&#038;p=218648"},"modified":"2025-06-27T16:04:16","modified_gmt":"2025-06-27T14:04:16","slug":"balmain-beleganza-27mm","status":"publish","type":"product","link":"https:\/\/lediamant.ch\/de\/uhren\/218648-balmain-beleganza-27mm-b83483318\/","title":{"rendered":"Balmain Beleganza 27mm"},"content":{"rendered":"<p>Balmain Quarzuhr, Beleganza Kollektion, zweifarbiges Stahl-PVD Ros\u00e9gold Geh\u00e4use, silbernes Zifferblatt mit Arabesken, Saphirglas, zweifarbiges Stahl-PVD Ros\u00e9gold Armband.<\/p>\n","protected":false},"excerpt":{"rendered":"<p>Balmain Quarzuhr, Beleganza Kollektion, zweifarbiges Stahl-PVD Ros\u00e9gold Geh\u00e4use, silbernes Zifferblatt mit Arabesken, Saphirglas, zweifarbiges Stahl-PVD Ros\u00e9gold Armband.<\/p>\n","protected":false},"featured_media":218650,"template":"","meta":{"_acf_changed":false,"_seopress_robots_primary_cat":"27173","_seopress_titles_title":"","_seopress_titles_desc":"Entdecken Sie die Balmain Beleganza Uhr: Quarz, rosafarbenes Stahl-PVD-Geh\u00e4use, Perlmutt-Zifferblatt mit Diamanten, schickes Armband. Zeitlose Eleganz.","_seopress_robots_index":""},"brand":[27083],"product_brand":[],"product_cat":[27173,27399,27137,27123],"product_tag":[],"class_list":{"0":"post-218648","1":"product","2":"type-product","3":"status-publish","4":"has-post-thumbnail","6":"brand-balmain-de","7":"product_cat-balmain-de","8":"product_cat-beleganza-de","9":"product_cat-bracelet-ajustable-de","10":"product_cat-uhren","11":"pa_couleurduboitier-zweifarbig-de","12":"pa_couleurdubracelet-bicolor","13":"pa_couleurducadran-silber","14":"pa_etancheite-50m-de","15":"pa_forme-runden","16":"pa_genre-frau","17":"pa_matiere-zweifarbigstahlrosegoldpvd","18":"pa_matierebraceletmontre-edelstahl","19":"pa_mouvement-quarzbatterie-de","20":"pa_swissmade-ja-de","21":"sales-flash-overlay","22":"woocommerce-text-align-center","23":"woocommerce-image-align-center","24":"do-quantity-buttons","26":"first","27":"instock","28":"taxable","29":"shipping-taxable","30":"purchasable","31":"product-type-simple"},"acf":[],"_links":{"self":[{"href":"https:\/\/lediamant.ch\/de\/wp-json\/wp\/v2\/product\/218648","targetHints":{"allow":["GET"]}}],"collection":[{"href":"https:\/\/lediamant.ch\/de\/wp-json\/wp\/v2\/product"}],"about":[{"href":"https:\/\/lediamant.ch\/de\/wp-json\/wp\/v2\/types\/product"}],"wp:featuredmedia":[{"embeddable":true,"href":"https:\/\/lediamant.ch\/de\/wp-json\/wp\/v2\/media\/218650"}],"wp:attachment":[{"href":"https:\/\/lediamant.ch\/de\/wp-json\/wp\/v2\/media?parent=218648"}],"wp:term":[{"taxonomy":"brand","embeddable":true,"href":"https:\/\/lediamant.ch\/de\/wp-json\/wp\/v2\/brand?post=218648"},{"taxonomy":"product_brand","embeddable":true,"href":"https:\/\/lediamant.ch\/de\/wp-json\/wp\/v2\/product_brand?post=218648"},{"taxonomy":"product_cat","embeddable":true,"href":"https:\/\/lediamant.ch\/de\/wp-json\/wp\/v2\/product_cat?post=218648"},{"taxonomy":"product_tag","embeddable":true,"href":"https:\/\/lediamant.ch\/de\/wp-json\/wp\/v2\/product_tag?post=218648"}],"curies":[{"name":"wp","href":"https:\/\/api.w.org\/{rel}","templated":true}]}}