{"id":218696,"date":"2025-07-03T16:26:11","date_gmt":"2025-07-03T14:26:11","guid":{"rendered":"https:\/\/lediamant.ch\/produit\/unkategorisiert\/tissot-t-race-chronograph\/"},"modified":"2025-07-09T14:00:13","modified_gmt":"2025-07-09T12:00:13","slug":"tissot-t-race-chronograph","status":"publish","type":"product","link":"https:\/\/lediamant.ch\/de\/uhren\/218696-tissot-t-race-chronograph-t1414171105101\/","title":{"rendered":"Tissot T-Race Chronograph"},"content":{"rendered":"<p>Dank seines \u00fcberarbeiteten Designs hat der Tissot T-Race Chronograph ein eleganteres Zifferblatt, bleibt aber dennoch seinen sportlichen Urspr\u00fcngen treu. Tissot hat sich von seiner Partnerschaft mit der Welt der Motorr\u00e4der inspirieren lassen, um eine Uhr zu kreieren, die die Dynamik dieser Maschinen und die Emotionen des Sports widerspiegelt. Die T-Race Kollektion l\u00e4sst den Tr\u00e4ger in eine mechanische Welt eintauchen und weckt seinen Geist. Die L\u00fcnette erinnert an eine Bremsscheibe, die Dr\u00fccker an Lenker und die K\u00fchlrippen eines Motors sind auf der Seite des Geh\u00e4uses nachgebildet. Die Uhr ist wasserdicht bis zu einem Druck von 10 bar (100 Meter), verf\u00fcgt \u00fcber ein Quarzchronographenwerk und die Stunden- und Minutenzeiger sind mit Superluminova-Leuchtmasse beschichtet. Diese Version des Tissot T-Race Chronograph hat ein Geh\u00e4use aus 316L-Edelstahl. Das kratzfeste und entspiegelte Saphirglas garantiert eine hohe Robustheit. Das massive und gleichzeitig flexible Armband aus Edelstahl 316L ist mit einer Sicherheitsfaltschlie\u00dfe mit Dr\u00fcckern ausgestattet, die diesen sportlichen Zeitmesser sicher h\u00e4lt.<\/p>\n","protected":false},"excerpt":{"rendered":"<p>Dank seines \u00fcberarbeiteten Designs hat der Tissot T-Race Chronograph ein eleganteres Zifferblatt, bleibt aber dennoch seinen sportlichen Urspr\u00fcngen treu. Tissot hat sich von seiner Partnerschaft mit der Welt der Motorr\u00e4der inspirieren lassen, um eine Uhr zu kreieren, die die Dynamik dieser Maschinen und die Emotionen des Sports widerspiegelt. Die T-Race Kollektion l\u00e4sst den Tr\u00e4ger in &#8230; <a title=\"Tissot T-Race Chronograph\" class=\"read-more\" href=\"https:\/\/lediamant.ch\/de\/uhren\/218696-tissot-t-race-chronograph-t1414171105101\/\" aria-label=\"Mehr Informationen \u00fcber Tissot T-Race Chronograph\">Weiterlesen &#8230;<\/a><\/p>\n","protected":false},"featured_media":218683,"template":"","meta":{"_acf_changed":false,"_seopress_robots_primary_cat":"27159","_seopress_titles_title":"","_seopress_titles_desc":"Entdecken Sie den neuen Tissot T-Race Chronograph: Eleganz und sportliche Leistung, inspiriert von Motorr\u00e4dern, mit Stahlgeh\u00e4use und Saphirglas.","_seopress_robots_index":""},"brand":[27087],"product_brand":[],"product_cat":[27159,27509,27203,27123],"product_tag":[],"class_list":{"0":"post-218696","1":"product","2":"type-product","3":"status-publish","4":"has-post-thumbnail","6":"brand-tissot-de","7":"product_cat-tissot-de","8":"product_cat-tissot-t-race","9":"product_cat-tissot-sport","10":"product_cat-uhren","11":"pa_couleurduboitier-grau-de","12":"pa_couleurdubracelet-grau-de","13":"pa_couleurducadran-schwarz","14":"pa_dimensions-o-45-mm","15":"pa_etancheite-100m-de","16":"pa_forme-runden","17":"pa_garantie-24monate","18":"pa_genre-mann","19":"pa_matiere-stahl","20":"pa_matierebraceletmontre-edelstahl","21":"pa_mouvement-quarzbatterie-de","22":"pa_swissmade-ja-de","23":"pa_typedemontre-chronograph-de","24":"pa_verre-saphir-de","25":"sales-flash-overlay","26":"woocommerce-text-align-center","27":"woocommerce-image-align-center","28":"do-quantity-buttons","30":"first","31":"outofstock","32":"taxable","33":"shipping-taxable","34":"purchasable","35":"product-type-simple"},"acf":[],"_links":{"self":[{"href":"https:\/\/lediamant.ch\/de\/wp-json\/wp\/v2\/product\/218696","targetHints":{"allow":["GET"]}}],"collection":[{"href":"https:\/\/lediamant.ch\/de\/wp-json\/wp\/v2\/product"}],"about":[{"href":"https:\/\/lediamant.ch\/de\/wp-json\/wp\/v2\/types\/product"}],"wp:featuredmedia":[{"embeddable":true,"href":"https:\/\/lediamant.ch\/de\/wp-json\/wp\/v2\/media\/218683"}],"wp:attachment":[{"href":"https:\/\/lediamant.ch\/de\/wp-json\/wp\/v2\/media?parent=218696"}],"wp:term":[{"taxonomy":"brand","embeddable":true,"href":"https:\/\/lediamant.ch\/de\/wp-json\/wp\/v2\/brand?post=218696"},{"taxonomy":"product_brand","embeddable":true,"href":"https:\/\/lediamant.ch\/de\/wp-json\/wp\/v2\/product_brand?post=218696"},{"taxonomy":"product_cat","embeddable":true,"href":"https:\/\/lediamant.ch\/de\/wp-json\/wp\/v2\/product_cat?post=218696"},{"taxonomy":"product_tag","embeddable":true,"href":"https:\/\/lediamant.ch\/de\/wp-json\/wp\/v2\/product_tag?post=218696"}],"curies":[{"name":"wp","href":"https:\/\/api.w.org\/{rel}","templated":true}]}}