{"id":218728,"date":"2025-07-09T14:34:28","date_gmt":"2025-07-09T12:34:28","guid":{"rendered":"https:\/\/lediamant.ch\/?post_type=product&#038;p=218728"},"modified":"2025-10-03T08:35:28","modified_gmt":"2025-10-03T06:35:28","slug":"tissot-pr-100-jungfraubahn-quartz-34mm-2","status":"publish","type":"product","link":"https:\/\/lediamant.ch\/de\/uhren\/218728-tissot-pr-100-jungfraubahn-quartz-34mm-t1502101103101\/","title":{"rendered":"Tissot PR 100 Jungfraubahn Quartz 34mm"},"content":{"rendered":"<p>Die langj\u00e4hrigen Partner Tissot und Jungfrau feiern das Schweizer Erbe mit exklusiven Zeitmessern, die von den ungez\u00e4hmten Alpen und der Schweizer Handwerkskunst inspiriert sind. Wo Himmel und Erde aufeinandertreffen, wo die Luft d\u00fcnn ist und der Horizont sich bis ins Unendliche erstreckt, schl\u00e4gt die Zeit einen anderen Rhythmus an. Die neuen Tissot PR 100 Jungfrau Edition Uhren werden von einem zuverl\u00e4ssigen Quarzwerk angetrieben. Sie sind in zwei Gr\u00f6\u00dfen (34 mm und 40 mm) erh\u00e4ltlich und passen perfekt an jedes Handgelenk. Die Jungfrau-Berge sind auf jedem Zifferblatt fein eingraviert und der Schriftzug &#8222;Jungfrau - Top of Europe&#8220; auf dem Geh\u00e4useboden markiert ihre Verbindung zu diesem ber\u00fchmten Schweizer Monument.    <\/p>\n","protected":false},"excerpt":{"rendered":"<p>Die langj\u00e4hrigen Partner Tissot und Jungfrau feiern das Schweizer Erbe mit exklusiven Zeitmessern, die von den ungez\u00e4hmten Alpen und der Schweizer Handwerkskunst inspiriert sind. Wo Himmel und Erde aufeinandertreffen, wo die Luft d\u00fcnn ist und der Horizont sich bis ins Unendliche erstreckt, schl\u00e4gt die Zeit einen anderen Rhythmus an. Die neuen Tissot PR 100 Jungfrau &#8230; <a title=\"Tissot PR 100 Jungfraubahn Quartz 34mm\" class=\"read-more\" href=\"https:\/\/lediamant.ch\/de\/uhren\/218728-tissot-pr-100-jungfraubahn-quartz-34mm-t1502101103101\/\" aria-label=\"Mehr Informationen \u00fcber Tissot PR 100 Jungfraubahn Quartz 34mm\">Weiterlesen &#8230;<\/a><\/p>\n","protected":false},"featured_media":218261,"template":"","meta":{"_acf_changed":false,"_seopress_robots_primary_cat":"27158","_seopress_titles_title":"","_seopress_titles_desc":"Entdecken Sie die Tissot PR 100 Jungfrau Edition, wo Schweizer Eleganz auf die majest\u00e4tischen Alpen trifft. Perfekt f\u00fcr jedes Handgelenk. ","_seopress_robots_index":""},"brand":[27087],"product_brand":[],"product_cat":[27159,27245,27513,27325,27123],"product_tag":[],"class_list":{"0":"post-218728","1":"product","2":"type-product","3":"status-publish","4":"has-post-thumbnail","6":"brand-tissot-de","7":"product_cat-tissot-de","8":"product_cat-tissot-classic","9":"product_cat-tissot-pr100","10":"product_cat-tissot-spezialitaten","11":"product_cat-uhren","12":"pa_couleurduboitier-grau-de","13":"pa_couleurdubracelet-grau-de","14":"pa_couleurducadran-silber","15":"pa_dimensions-o-34-mm","16":"pa_etancheite-100m-de","17":"pa_forme-runden","18":"pa_garantie-24monate","19":"pa_genre-frau","20":"pa_matiere-stahl","21":"pa_matierebraceletmontre-edelstahl","22":"pa_mouvement-quarzbatterie-de","23":"pa_swissmade-ja-de","24":"pa_verre-saphir-de","25":"sales-flash-overlay","26":"woocommerce-text-align-center","27":"woocommerce-image-align-center","28":"do-quantity-buttons","30":"first","31":"instock","32":"taxable","33":"shipping-taxable","34":"purchasable","35":"product-type-simple"},"acf":[],"_links":{"self":[{"href":"https:\/\/lediamant.ch\/de\/wp-json\/wp\/v2\/product\/218728","targetHints":{"allow":["GET"]}}],"collection":[{"href":"https:\/\/lediamant.ch\/de\/wp-json\/wp\/v2\/product"}],"about":[{"href":"https:\/\/lediamant.ch\/de\/wp-json\/wp\/v2\/types\/product"}],"wp:featuredmedia":[{"embeddable":true,"href":"https:\/\/lediamant.ch\/de\/wp-json\/wp\/v2\/media\/218261"}],"wp:attachment":[{"href":"https:\/\/lediamant.ch\/de\/wp-json\/wp\/v2\/media?parent=218728"}],"wp:term":[{"taxonomy":"brand","embeddable":true,"href":"https:\/\/lediamant.ch\/de\/wp-json\/wp\/v2\/brand?post=218728"},{"taxonomy":"product_brand","embeddable":true,"href":"https:\/\/lediamant.ch\/de\/wp-json\/wp\/v2\/product_brand?post=218728"},{"taxonomy":"product_cat","embeddable":true,"href":"https:\/\/lediamant.ch\/de\/wp-json\/wp\/v2\/product_cat?post=218728"},{"taxonomy":"product_tag","embeddable":true,"href":"https:\/\/lediamant.ch\/de\/wp-json\/wp\/v2\/product_tag?post=218728"}],"curies":[{"name":"wp","href":"https:\/\/api.w.org\/{rel}","templated":true}]}}