{"id":219121,"date":"2025-07-18T10:51:44","date_gmt":"2025-07-18T08:51:44","guid":{"rendered":"https:\/\/lediamant.ch\/produit\/unkategorisiert\/tissot-t-race-chronograph-2\/"},"modified":"2025-07-30T11:46:52","modified_gmt":"2025-07-30T09:46:52","slug":"tissot-t-race-chronograph-2","status":"publish","type":"product","link":"https:\/\/lediamant.ch\/de\/montres\/218805-tissot-t-race-chronograph-t1414171103100\/","title":{"rendered":"Tissot T-Race Chronograph"},"content":{"rendered":"<p class=\"ti-fs-14 mt-10 mb-24 pr-lg-30 ti-pdp-details-content\">Dank seines \u00fcberarbeiteten Designs hat der Tissot T-Race Chronograph ein eleganteres Zifferblatt, ohne jedoch seine sportlichen Wurzeln zu verleugnen.<\/p>\n<p>Tissot hat sich von seiner Partnerschaft mit dem Motorradrennsport inspirieren lassen, um eine Uhr zu kreieren, die die Dynamik der Motorr\u00e4der und die Emotionen des Sports widerspiegelt. Die T-Race Kollektion l\u00e4sst den Tr\u00e4ger in eine mechanische Umgebung eintauchen und weckt den Geist dieser Umgebung. Die L\u00fcnette \u00e4hnelt einer Bremsscheibe, die Dr\u00fccker sind von Lenkern inspiriert und die K\u00fchlrippen eines Motors sind an der Seite des Geh\u00e4uses nachgebildet. Die Uhr ist wasserdicht bis zu einem Druck von 10 bar (100 m), mit einem Quarzchronographenwerk ausgestattet und verf\u00fcgt \u00fcber markante Stunden- und Minutenzeiger, die mit SuperlumiNova beschichtet sind.<\/p>\n<p>Diese Version des Tissot T-Race Chronograph ist mit einem Geh\u00e4use aus Edelstahl 316L ausgestattet. Das kratzfeste und entspiegelte Saphirglas sorgt f\u00fcr zus\u00e4tzliche Robustheit. Das massive und gleichzeitig flexible Armband aus Edelstahl 316L ist mit einer Sicherheitsfaltschlie\u00dfe mit Dr\u00fcckern ausgestattet, die diesen sportlichen Zeitmesser sicher h\u00e4lt.<\/p>\n","protected":false},"excerpt":{"rendered":"<p>Dank seines \u00fcberarbeiteten Designs hat der Tissot T-Race Chronograph ein eleganteres Zifferblatt, ohne jedoch seine sportlichen Wurzeln zu verleugnen. Tissot hat sich von seiner Partnerschaft mit dem Motorradrennsport inspirieren lassen, um eine Uhr zu kreieren, die die Dynamik der Motorr\u00e4der und die Emotionen des Sports widerspiegelt. Die T-Race Kollektion l\u00e4sst den Tr\u00e4ger in eine mechanische &#8230; <a title=\"Tissot T-Race Chronograph\" class=\"read-more\" href=\"https:\/\/lediamant.ch\/de\/montres\/218805-tissot-t-race-chronograph-t1414171103100\/\" aria-label=\"Mehr Informationen \u00fcber Tissot T-Race Chronograph\">Weiterlesen &#8230;<\/a><\/p>\n","protected":false},"featured_media":218807,"template":"","meta":{"_acf_changed":false,"_seopress_robots_primary_cat":"27159","_seopress_titles_title":"","_seopress_titles_desc":"Eleganz und Sportlichkeit verschmelzen in dem Tissot T-Race Chronograph, der von Rennmotorr\u00e4dern inspiriert ist. Robustes Design und fortschrittliche Funktionen.","_seopress_robots_index":""},"brand":[27087],"product_brand":[],"product_cat":[27159,27509,27203,27123],"product_tag":[],"class_list":{"0":"post-219121","1":"product","2":"type-product","3":"status-publish","4":"has-post-thumbnail","6":"brand-tissot-de","7":"product_cat-tissot-de","8":"product_cat-tissot-t-race","9":"product_cat-tissot-sport","10":"product_cat-uhren","11":"pa_couleurduboitier-grau-de","12":"pa_couleurdubracelet-grau-de","13":"pa_couleurducadran-silber","14":"pa_etancheite-100m-de","15":"pa_forme-runden","16":"pa_garantie-24monate","17":"pa_genre-mann","18":"pa_matiere-stahl","19":"pa_matierebraceletmontre-edelstahl","20":"pa_swissmade-ja-de","21":"pa_typedemontre-chronograph-de","22":"pa_verre-saphir-de","23":"sales-flash-overlay","24":"woocommerce-text-align-center","25":"woocommerce-image-align-center","26":"do-quantity-buttons","28":"first","29":"instock","30":"taxable","31":"shipping-taxable","32":"purchasable","33":"product-type-simple"},"acf":[],"_links":{"self":[{"href":"https:\/\/lediamant.ch\/de\/wp-json\/wp\/v2\/product\/219121","targetHints":{"allow":["GET"]}}],"collection":[{"href":"https:\/\/lediamant.ch\/de\/wp-json\/wp\/v2\/product"}],"about":[{"href":"https:\/\/lediamant.ch\/de\/wp-json\/wp\/v2\/types\/product"}],"wp:featuredmedia":[{"embeddable":true,"href":"https:\/\/lediamant.ch\/de\/wp-json\/wp\/v2\/media\/218807"}],"wp:attachment":[{"href":"https:\/\/lediamant.ch\/de\/wp-json\/wp\/v2\/media?parent=219121"}],"wp:term":[{"taxonomy":"brand","embeddable":true,"href":"https:\/\/lediamant.ch\/de\/wp-json\/wp\/v2\/brand?post=219121"},{"taxonomy":"product_brand","embeddable":true,"href":"https:\/\/lediamant.ch\/de\/wp-json\/wp\/v2\/product_brand?post=219121"},{"taxonomy":"product_cat","embeddable":true,"href":"https:\/\/lediamant.ch\/de\/wp-json\/wp\/v2\/product_cat?post=219121"},{"taxonomy":"product_tag","embeddable":true,"href":"https:\/\/lediamant.ch\/de\/wp-json\/wp\/v2\/product_tag?post=219121"}],"curies":[{"name":"wp","href":"https:\/\/api.w.org\/{rel}","templated":true}]}}