{"id":219135,"date":"2025-07-18T11:16:52","date_gmt":"2025-07-18T09:16:52","guid":{"rendered":"https:\/\/lediamant.ch\/?post_type=product&#038;p=219135"},"modified":"2025-07-30T14:00:41","modified_gmt":"2025-07-30T12:00:41","slug":"tissot-prc-100-solar-quartz-34mm-4","status":"publish","type":"product","link":"https:\/\/lediamant.ch\/de\/montres\/218848-tissot-prc-100-solar-quartz-34mm-t1518223302100\/","title":{"rendered":"Tissot PRC 100 Solar Quartz 34mm"},"content":{"rendered":"<p>Die Tissot PRC 100, die erstmals Mitte der 2000er Jahre vorgestellt wurde, ist f\u00fcr ihr einzigartiges Design bekannt und hat sich einen festen Platz in der Tissot-Kollektion erobert. Jetzt kehrt sie mit einem bahnbrechenden Lightmaster Solar Quartz Uhrwerk zur\u00fcck, das die photovoltaische Energie nutzt, um jede Sekunde zu versorgen. Mit seinem 34 mm gro\u00dfen Edelstahlgeh\u00e4use und der charakteristischen zw\u00f6lfeckigen L\u00fcnette strahlt dieses Modell Vertrauen aus. Unter dem eleganten Saphirglas verbirgt sich ein solarbetriebenes Quarzwerk, das so konzipiert ist, dass es sich m\u00fchelos bei nat\u00fcrlichem und k\u00fcnstlichem Licht aufl\u00e4dt.<\/p>\n<p>&nbsp;<\/p>\n","protected":false},"excerpt":{"rendered":"<p>Die Tissot PRC 100, die erstmals Mitte der 2000er Jahre vorgestellt wurde, ist f\u00fcr ihr einzigartiges Design bekannt und hat sich einen festen Platz in der Tissot-Kollektion erobert. Jetzt kehrt sie mit einem bahnbrechenden Lightmaster Solar Quartz Uhrwerk zur\u00fcck, das die photovoltaische Energie nutzt, um jede Sekunde zu versorgen. Mit seinem 34 mm gro\u00dfen Edelstahlgeh\u00e4use &#8230; <a title=\"Tissot PRC 100 Solar Quartz 34mm\" class=\"read-more\" href=\"https:\/\/lediamant.ch\/de\/montres\/218848-tissot-prc-100-solar-quartz-34mm-t1518223302100\/\" aria-label=\"Mehr Informationen \u00fcber Tissot PRC 100 Solar Quartz 34mm\">Weiterlesen &#8230;<\/a><\/p>\n","protected":false},"featured_media":218854,"template":"","meta":{"_acf_changed":false,"_seopress_robots_primary_cat":"27159","_seopress_titles_title":"","_seopress_titles_desc":"Entdecken Sie die Tissot PRC 100 Uhr mit ihrem innovativen Solaruhrwerk und dem eleganten Design f\u00fcr zeitlose Eleganz neu.","_seopress_robots_index":""},"brand":[27087],"product_brand":[],"product_cat":[27123,27159,27245,41991],"product_tag":[],"class_list":{"0":"post-219135","1":"product","2":"type-product","3":"status-publish","4":"has-post-thumbnail","6":"brand-tissot-de","7":"product_cat-uhren","8":"product_cat-tissot-de","9":"product_cat-tissot-classic","10":"product_cat-tissot-prc100-solar-de","11":"pa_couleurduboitier-gelb-de","12":"pa_couleurdubracelet-gelb-de","13":"pa_couleurducadran-gelb","14":"pa_etancheite-100m-de","15":"pa_forme-runden","16":"pa_genre-frau","17":"pa_matiere-gelbgoldpvd","18":"pa_matierebraceletmontre-edelstahl","19":"pa_mouvement-solar-de","20":"pa_swissmade-ja-de","21":"pa_typedemontre-solaruhren","22":"pa_verre-saphir-de","23":"sales-flash-overlay","24":"woocommerce-text-align-center","25":"woocommerce-image-align-center","26":"do-quantity-buttons","28":"first","29":"instock","30":"taxable","31":"shipping-taxable","32":"purchasable","33":"product-type-simple"},"acf":[],"_links":{"self":[{"href":"https:\/\/lediamant.ch\/de\/wp-json\/wp\/v2\/product\/219135","targetHints":{"allow":["GET"]}}],"collection":[{"href":"https:\/\/lediamant.ch\/de\/wp-json\/wp\/v2\/product"}],"about":[{"href":"https:\/\/lediamant.ch\/de\/wp-json\/wp\/v2\/types\/product"}],"wp:featuredmedia":[{"embeddable":true,"href":"https:\/\/lediamant.ch\/de\/wp-json\/wp\/v2\/media\/218854"}],"wp:attachment":[{"href":"https:\/\/lediamant.ch\/de\/wp-json\/wp\/v2\/media?parent=219135"}],"wp:term":[{"taxonomy":"brand","embeddable":true,"href":"https:\/\/lediamant.ch\/de\/wp-json\/wp\/v2\/brand?post=219135"},{"taxonomy":"product_brand","embeddable":true,"href":"https:\/\/lediamant.ch\/de\/wp-json\/wp\/v2\/product_brand?post=219135"},{"taxonomy":"product_cat","embeddable":true,"href":"https:\/\/lediamant.ch\/de\/wp-json\/wp\/v2\/product_cat?post=219135"},{"taxonomy":"product_tag","embeddable":true,"href":"https:\/\/lediamant.ch\/de\/wp-json\/wp\/v2\/product_tag?post=219135"}],"curies":[{"name":"wp","href":"https:\/\/api.w.org\/{rel}","templated":true}]}}