{"id":219137,"date":"2025-07-18T11:17:17","date_gmt":"2025-07-18T09:17:17","guid":{"rendered":"https:\/\/lediamant.ch\/?post_type=product&#038;p=219137"},"modified":"2025-07-30T15:10:27","modified_gmt":"2025-07-30T13:10:27","slug":"tissot-t-touch-connect-sport-jungfraubahn","status":"publish","type":"product","link":"https:\/\/lediamant.ch\/de\/montres\/218870-tissot-t-touch-connect-sport-jungfraubahn-t1534204705106\/","title":{"rendered":"Tissot T-Touch Connect Sport Jungfraubahn"},"content":{"rendered":"<div class=\"pdp-description-container pb-32\">\n<div class=\"pdp-description-block\">\n<p><img decoding=\"async\" title=\"\" src=\"https:\/\/www.tissotwatches.com\/on\/demandware.static\/-\/Sites-Tissot-Catalogue\/default\/dwfe43e545\/pdp-description\/tissot-t-connect.svg\" alt=\"Tissot T Connect\" \/><\/p>\n<h3 class=\"ti-font-weight-700 mt-10 ti-fs-10\">TISSOT T-CONNECT<\/h3>\n<p class=\"ti-fs-10\">Verbinden Sie Ihre Uhr mit der Tissot T-Connect App, um detaillierte Informationen \u00fcber Ihre Aktivit\u00e4ten und Leistungen zu erhalten. Halten Sie sich mit regelm\u00e4\u00dfigen Software-Updates \u00fcber die neuesten Funktionen und Verbesserungen auf dem Laufenden.<\/p>\n<\/div>\n<div class=\"pdp-description-block\">\n<p><img decoding=\"async\" src=\"https:\/\/www.tissotwatches.com\/on\/demandware.static\/-\/Sites-Tissot-Catalogue\/default\/dwca0a5652\/pdp-description\/smart-notifications.svg\" alt=\"Smart Notifications\" \/><\/p>\n<h3 class=\"ti-font-weight-700 mt-10 ti-fs-10\">SMART NOTIFICATIONS<\/h3>\n<p class=\"ti-fs-10\">Bleiben Sie den ganzen Tag \u00fcber in Verbindung. Ihre Tissot Connected Watch informiert Sie \u00fcber eingehende Anrufe, Nachrichten, Kalenderereignisse, Timer und vieles mehr. Direkt an Ihrem Handgelenk, wenn sie mit Ihrem Smartphone gekoppelt ist.<\/p>\n<\/div>\n<div class=\"pdp-description-block\">\n<p><img decoding=\"async\" src=\"https:\/\/www.tissotwatches.com\/on\/demandware.static\/-\/Sites-Tissot-Catalogue\/default\/dw2126d941\/pdp-description\/solar-powered-performance.svg\" alt=\"Solar powered performance\" \/><\/p>\n<h3 class=\"ti-font-weight-700 mt-10 ti-fs-10\">LEISTUNG MIT SOLARENERGIE<\/h3>\n<p class=\"ti-fs-10\">Dank der Solarladung kann Ihre Tissot Connected Watch monatelang laufen, ohne dass sie an die Steckdose angeschlossen werden muss. Die unter dem Zifferblatt eingebauten Solarzellen fangen das Licht ein, um die Lebensdauer der Batterie zu verl\u00e4ngern und sorgen so f\u00fcr eine un\u00fcbertroffene Ausdauer in einem eleganten Design.<\/p>\n<\/div>\n<div class=\"pdp-description-block\">\n<p><img decoding=\"async\" src=\"https:\/\/www.tissotwatches.com\/on\/demandware.static\/-\/Sites-Tissot-Catalogue\/default\/dwe302ddc4\/pdp-description\/power-insights.svg\" alt=\"Power Insights\" \/><\/p>\n<h3 class=\"ti-font-weight-700 mt-10 ti-fs-10\">INFORMATIONEN \u00dcBER ENERGIE<\/h3>\n<p class=\"ti-fs-10\">\u00dcberwachen Sie, wie sich die Solarladung und die Nutzung der Funktionen auf die Lebensdauer Ihrer Batterie auswirken. Die Tissot T-Connect App gibt Ihnen einen klaren \u00dcberblick \u00fcber den Energieverbrauch Ihrer Uhr und hilft Ihnen, das Beste aus jeder Ladung zu machen.<\/p>\n<\/div>\n<div class=\"pdp-description-block\">\n<p><img decoding=\"async\" src=\"https:\/\/www.tissotwatches.com\/on\/demandware.static\/-\/Sites-Tissot-Catalogue\/default\/dw2ae04c21\/pdp-description\/daily-activity-monitoring.svg\" alt=\"T\u00e4gliche Aktivit\u00e4ts\u00fcberwachung\" \/><\/p>\n<h3 class=\"ti-font-weight-700 mt-10 ti-fs-10\">\u00dcBERWACHUNG DER T\u00c4GLICHEN AKTIVIT\u00c4TEN<\/h3>\n<p class=\"ti-fs-10\">Verfolgen Sie Ihre Schritte, die verbrannten Kalorien, die Distanz und die Minuten der Aktivit\u00e4t w\u00e4hrend des ganzen Tages. Setzen Sie sich pers\u00f6nliche Ziele und bleiben Sie motiviert, sich jeden Tag mehr zu bewegen, direkt von Ihrem Handgelenk aus.<\/p>\n<\/div>\n<div class=\"pdp-description-block\">\n<p><img decoding=\"async\" src=\"https:\/\/www.tissotwatches.com\/on\/demandware.static\/-\/Sites-Tissot-Catalogue\/default\/dwcb6e03b0\/pdp-description\/altimeter-barometer-compass.svg\" alt=\"H\u00f6henmesser Barometer Kompass\" \/><\/p>\n<h3 class=\"ti-font-weight-700 mt-10 ti-fs-10\">H\u00d6HENMESSER, BAROMETER UND KOMPASS<\/h3>\n<p class=\"ti-fs-10\">Bleiben Sie auf allen Pfaden orientiert. Der H\u00f6henmesser, das Barometer und der 3-Achsen-Kompass sind direkt in Ihre Uhr integriert und f\u00fchren Sie pr\u00e4zise durch Ihre Outdoor-Abenteuer.<\/p>\n<\/div>\n<div class=\"pdp-description-block\">\n<p><img decoding=\"async\" src=\"https:\/\/www.tissotwatches.com\/on\/demandware.static\/-\/Sites-Tissot-Catalogue\/default\/dwb564f41d\/pdp-description\/hiking-tracking.svg\" alt=\"Hiking Tracking\" \/><\/p>\n<h3 class=\"ti-font-weight-700 mt-10 ti-fs-10\">VERFOLGUNG VON WANDERUNGEN<\/h3>\n<p class=\"ti-fs-10\">Verfolgen Sie Ihre Wanderabenteuer mit speziellen Daten, einschlie\u00dflich der Gesamtdistanz, der H\u00f6henmeter und des gesamten Verlaufs Ihrer Tour. Alle Ihre Routen werden aufgezeichnet und k\u00f6nnen in der Tissot T-Connect App abgerufen werden, so dass Sie jeden Anstieg und jeden Weg noch einmal erleben k\u00f6nnen.<\/p>\n<\/div>\n<\/div>\n","protected":false},"excerpt":{"rendered":"<p>TISSOT T-CONNECT Verbinden Sie Ihre Uhr mit der Tissot T-Connect App, um detaillierte Informationen \u00fcber Ihre Aktivit\u00e4ten und Leistungen zu erhalten. Halten Sie sich mit regelm\u00e4\u00dfigen Software-Updates \u00fcber die neuesten Funktionen und Verbesserungen auf dem Laufenden. SMART NOTIFICATIONS Bleiben Sie den ganzen Tag \u00fcber in Verbindung. Ihre Tissot Connected Watch informiert Sie \u00fcber eingehende Anrufe, &#8230; <a title=\"Tissot T-Touch Connect Sport Jungfraubahn\" class=\"read-more\" href=\"https:\/\/lediamant.ch\/de\/montres\/218870-tissot-t-touch-connect-sport-jungfraubahn-t1534204705106\/\" aria-label=\"Mehr Informationen \u00fcber Tissot T-Touch Connect Sport Jungfraubahn\">Weiterlesen &#8230;<\/a><\/p>\n","protected":false},"featured_media":218901,"template":"","meta":{"_acf_changed":false,"_seopress_robots_primary_cat":"27159","_seopress_titles_title":"","_seopress_titles_desc":"Verbinden Sie Ihren Tissot mit der T-Connect App, um Ihre Aktivit\u00e4ten und Leistungen mit intelligenten Benachrichtigungen und Solarenergie zu verfolgen!","_seopress_robots_index":""},"brand":[27087],"product_brand":[],"product_cat":[27159,42062,27377,27123],"product_tag":[],"class_list":{"0":"post-219137","1":"product","2":"type-product","3":"status-publish","4":"has-post-thumbnail","6":"brand-tissot-de","7":"product_cat-tissot-de","8":"product_cat-tissot-t-touch-connect-sport-de","9":"product_cat-touch-uhren","10":"product_cat-uhren","11":"pa_couleurduboitier-grau-de","12":"pa_couleurdubracelet-schwarz-de","13":"pa_couleurducadran-schwarz","14":"pa_etancheite-50m-de","15":"pa_forme-runden","16":"pa_genre-mann","17":"pa_matiere-titan","18":"pa_matierebraceletmontre-textil-de","19":"pa_mouvement-solar-de","20":"pa_swissmade-ja-de","21":"pa_typedemontre-sportuhren","22":"pa_typedemontre-touchuhren","23":"pa_verre-saphir-de","24":"sales-flash-overlay","25":"woocommerce-text-align-center","26":"woocommerce-image-align-center","27":"do-quantity-buttons","29":"first","30":"instock","31":"taxable","32":"shipping-taxable","33":"purchasable","34":"product-type-simple"},"acf":[],"_links":{"self":[{"href":"https:\/\/lediamant.ch\/de\/wp-json\/wp\/v2\/product\/219137","targetHints":{"allow":["GET"]}}],"collection":[{"href":"https:\/\/lediamant.ch\/de\/wp-json\/wp\/v2\/product"}],"about":[{"href":"https:\/\/lediamant.ch\/de\/wp-json\/wp\/v2\/types\/product"}],"wp:featuredmedia":[{"embeddable":true,"href":"https:\/\/lediamant.ch\/de\/wp-json\/wp\/v2\/media\/218901"}],"wp:attachment":[{"href":"https:\/\/lediamant.ch\/de\/wp-json\/wp\/v2\/media?parent=219137"}],"wp:term":[{"taxonomy":"brand","embeddable":true,"href":"https:\/\/lediamant.ch\/de\/wp-json\/wp\/v2\/brand?post=219137"},{"taxonomy":"product_brand","embeddable":true,"href":"https:\/\/lediamant.ch\/de\/wp-json\/wp\/v2\/product_brand?post=219137"},{"taxonomy":"product_cat","embeddable":true,"href":"https:\/\/lediamant.ch\/de\/wp-json\/wp\/v2\/product_cat?post=219137"},{"taxonomy":"product_tag","embeddable":true,"href":"https:\/\/lediamant.ch\/de\/wp-json\/wp\/v2\/product_tag?post=219137"}],"curies":[{"name":"wp","href":"https:\/\/api.w.org\/{rel}","templated":true}]}}