{"id":219141,"date":"2025-07-18T11:17:30","date_gmt":"2025-07-18T09:17:30","guid":{"rendered":"https:\/\/lediamant.ch\/produit\/unkategorisiert\/tissot-pr-100-jungfraubahn-quartz-40mm-2\/"},"modified":"2025-07-30T15:31:50","modified_gmt":"2025-07-30T13:31:50","slug":"tissot-pr-100-jungfraubahn-quartz-40mm-2","status":"publish","type":"product","link":"https:\/\/lediamant.ch\/de\/uhren\/219141-tissot-pr-100-jungfraubahn-quartz-40mm-t1504101104102\/","title":{"rendered":"Tissot PR 100 Jungfraubahn Quartz 40mm"},"content":{"rendered":"<p class=\"ti-fs-14 mt-10 mb-24 pr-lg-30 ti-pdp-details-content\">Die langj\u00e4hrigen Partner Tissot und Jungfrau feiern das Schweizer Erbe mit exklusiven Zeitmessern, die von den ungez\u00e4hmten Alpen und der Schweizer Handwerkskunst inspiriert sind. Am Treffpunkt von Erde und Himmel, wo die Luft d\u00fcnn ist und der Horizont sich bis ins Unendliche erstreckt, schl\u00e4gt die Zeit einen anderen Rhythmus an. Die neuen Tissot PR 100 Jungfrau Edition Uhren werden von einem zuverl\u00e4ssigen Quarzwerk angetrieben. Die Jungfrau-Berge sind auf jedem Zifferblatt fein eingraviert, w\u00e4hrend der Geh\u00e4useboden mit der Aufschrift &#8222;Jungfrau - Top of Europe&#8220; versehen ist, um die Verbindung zu diesem ber\u00fchmten Schweizer Monument zu verdeutlichen.<\/p>\n","protected":false},"excerpt":{"rendered":"<p>Die langj\u00e4hrigen Partner Tissot und Jungfrau feiern das Schweizer Erbe mit exklusiven Zeitmessern, die von den ungez\u00e4hmten Alpen und der Schweizer Handwerkskunst inspiriert sind. Am Treffpunkt von Erde und Himmel, wo die Luft d\u00fcnn ist und der Horizont sich bis ins Unendliche erstreckt, schl\u00e4gt die Zeit einen anderen Rhythmus an. Die neuen Tissot PR 100 &#8230; <a title=\"Tissot PR 100 Jungfraubahn Quartz 40mm\" class=\"read-more\" href=\"https:\/\/lediamant.ch\/de\/uhren\/219141-tissot-pr-100-jungfraubahn-quartz-40mm-t1504101104102\/\" aria-label=\"Mehr Informationen \u00fcber Tissot PR 100 Jungfraubahn Quartz 40mm\">Weiterlesen &#8230;<\/a><\/p>\n","protected":false},"featured_media":218897,"template":"","meta":{"_acf_changed":false,"_seopress_robots_primary_cat":"27159","_seopress_titles_title":"","_seopress_titles_desc":"Entdecken Sie die Tissot PR 100 Uhren, die von den Schweizer Alpen und der Handwerkskunst der Jungfrau inspiriert sind. Exklusives Design und Schweizer Pr\u00e4zision.","_seopress_robots_index":""},"brand":[27087],"product_brand":[],"product_cat":[27159,27245,27513,27325,27123],"product_tag":[],"class_list":{"0":"post-219141","1":"product","2":"type-product","3":"status-publish","4":"has-post-thumbnail","6":"brand-tissot-de","7":"product_cat-tissot-de","8":"product_cat-tissot-classic","9":"product_cat-tissot-pr100","10":"product_cat-tissot-spezialitaten","11":"product_cat-uhren","12":"pa_couleurduboitier-grau-de","13":"pa_couleurdubracelet-grau-de","14":"pa_couleurducadran-blau","15":"pa_etancheite-100m-de","16":"pa_forme-runden","17":"pa_genre-mann","18":"pa_matiere-stahl","19":"pa_matierebraceletmontre-edelstahl","20":"pa_mouvement-quarzbatterie-de","21":"pa_swissmade-ja-de","22":"pa_verre-saphir-de","23":"sales-flash-overlay","24":"woocommerce-text-align-center","25":"woocommerce-image-align-center","26":"do-quantity-buttons","28":"first","29":"instock","30":"taxable","31":"shipping-taxable","32":"purchasable","33":"product-type-simple"},"acf":[],"_links":{"self":[{"href":"https:\/\/lediamant.ch\/de\/wp-json\/wp\/v2\/product\/219141","targetHints":{"allow":["GET"]}}],"collection":[{"href":"https:\/\/lediamant.ch\/de\/wp-json\/wp\/v2\/product"}],"about":[{"href":"https:\/\/lediamant.ch\/de\/wp-json\/wp\/v2\/types\/product"}],"wp:featuredmedia":[{"embeddable":true,"href":"https:\/\/lediamant.ch\/de\/wp-json\/wp\/v2\/media\/218897"}],"wp:attachment":[{"href":"https:\/\/lediamant.ch\/de\/wp-json\/wp\/v2\/media?parent=219141"}],"wp:term":[{"taxonomy":"brand","embeddable":true,"href":"https:\/\/lediamant.ch\/de\/wp-json\/wp\/v2\/brand?post=219141"},{"taxonomy":"product_brand","embeddable":true,"href":"https:\/\/lediamant.ch\/de\/wp-json\/wp\/v2\/product_brand?post=219141"},{"taxonomy":"product_cat","embeddable":true,"href":"https:\/\/lediamant.ch\/de\/wp-json\/wp\/v2\/product_cat?post=219141"},{"taxonomy":"product_tag","embeddable":true,"href":"https:\/\/lediamant.ch\/de\/wp-json\/wp\/v2\/product_tag?post=219141"}],"curies":[{"name":"wp","href":"https:\/\/api.w.org\/{rel}","templated":true}]}}