{"id":219155,"date":"2025-07-18T11:19:28","date_gmt":"2025-07-18T09:19:28","guid":{"rendered":"https:\/\/lediamant.ch\/produit\/unkategorisiert\/tissot-seastar-1000-quartz-chronograph-38mm-5\/"},"modified":"2025-07-30T17:53:11","modified_gmt":"2025-07-30T15:53:11","slug":"tissot-seastar-1000-quartz-chronograph-38mm-5","status":"publish","type":"product","link":"https:\/\/lediamant.ch\/de\/uhren\/219155-tissot-seastar-1000-quartz-chronograph-38mm-t1202172206100\/","title":{"rendered":"Tissot Seastar 1000 Quartz Chronograph 38mm"},"content":{"rendered":"<p>Dieser neue 38 mm gro\u00dfe Quarz-Chronograph, der auf dem Erbe der Seastar aufbaut, verleiht der Identit\u00e4t der Kollektion eine neue Dimension, indem er die Pr\u00e4zision des Uhrwerks mit der Pers\u00f6nlichkeit jeder Variation verbindet. Das 38 mm Edelstahlgeh\u00e4use ist wasserdicht bis 30 bar (300 Meter\/1.000 Fu\u00df) und bietet zuverl\u00e4ssige Leistung in einem Format, das an jedes Handgelenk passt. Sie ist mit einem Schweizer Quarz-Chronographenwerk, einer Taucherl\u00fcnette, einer verschraubten Krone und einem verschraubten Geh\u00e4useboden ausgestattet und verf\u00fcgt \u00fcber Chronographen-Unterzifferbl\u00e4tter f\u00fcr eine pr\u00e4zise Zeitmessung. Die lumineszierenden Zeiger und Markierungen sorgen f\u00fcr eine gute Lesbarkeit im Dunkeln.<\/p>\n<p>&nbsp;<\/p>\n","protected":false},"excerpt":{"rendered":"<p>Dieser neue 38 mm gro\u00dfe Quarz-Chronograph, der auf dem Erbe der Seastar aufbaut, verleiht der Identit\u00e4t der Kollektion eine neue Dimension, indem er die Pr\u00e4zision des Uhrwerks mit der Pers\u00f6nlichkeit jeder Variation verbindet. Das 38 mm Edelstahlgeh\u00e4use ist wasserdicht bis 30 bar (300 Meter\/1.000 Fu\u00df) und bietet zuverl\u00e4ssige Leistung in einem Format, das an jedes &#8230; <a title=\"Tissot Seastar 1000 Quartz Chronograph 38mm\" class=\"read-more\" href=\"https:\/\/lediamant.ch\/de\/uhren\/219155-tissot-seastar-1000-quartz-chronograph-38mm-t1202172206100\/\" aria-label=\"Mehr Informationen \u00fcber Tissot Seastar 1000 Quartz Chronograph 38mm\">Weiterlesen &#8230;<\/a><\/p>\n","protected":false},"featured_media":218986,"template":"","meta":{"_acf_changed":false,"_seopress_robots_primary_cat":"27159","_seopress_titles_title":"","_seopress_titles_desc":"Entdecken Sie den 38mm Seastar Quarz-Chronographen: Schweizer Pr\u00e4zision, wasserdicht bis 300m, ideal f\u00fcr jeden Stil. Entdecken Sie die Vielfalt!","_seopress_robots_index":""},"brand":[27087],"product_brand":[],"product_cat":[27159,27441,27203,27123],"product_tag":[],"class_list":{"0":"post-219155","1":"product","2":"type-product","3":"status-publish","4":"has-post-thumbnail","6":"brand-tissot-de","7":"product_cat-tissot-de","8":"product_cat-tissot-seastar","9":"product_cat-tissot-sport","10":"product_cat-uhren","11":"pa_couleurduboitier-zweifarbig-de","12":"pa_couleurdubracelet-bicolor","13":"pa_couleurducadran-grau","14":"pa_etancheite-300m-de","15":"pa_forme-runden","16":"pa_genre-frau","17":"pa_genre-kind","18":"pa_matiere-zweifarbigstahlgelbgoldpvd","19":"pa_matierebraceletmontre-edelstahl","20":"pa_mouvement-quarzbatterie-de","21":"pa_option-boitier-lunette-aus-mineralglas-gegen-den-uhrzeigersinn-drehbare-lunette-verschraubte-krone-und-gehauseboden-verschraubte-drucker","22":"pa_swissmade-ja-de","23":"pa_typedemontre-chronograph-de","24":"pa_verre-saphir-de","25":"sales-flash-overlay","26":"woocommerce-text-align-center","27":"woocommerce-image-align-center","28":"do-quantity-buttons","30":"first","31":"instock","32":"taxable","33":"shipping-taxable","34":"purchasable","35":"product-type-simple"},"acf":[],"_links":{"self":[{"href":"https:\/\/lediamant.ch\/de\/wp-json\/wp\/v2\/product\/219155","targetHints":{"allow":["GET"]}}],"collection":[{"href":"https:\/\/lediamant.ch\/de\/wp-json\/wp\/v2\/product"}],"about":[{"href":"https:\/\/lediamant.ch\/de\/wp-json\/wp\/v2\/types\/product"}],"wp:featuredmedia":[{"embeddable":true,"href":"https:\/\/lediamant.ch\/de\/wp-json\/wp\/v2\/media\/218986"}],"wp:attachment":[{"href":"https:\/\/lediamant.ch\/de\/wp-json\/wp\/v2\/media?parent=219155"}],"wp:term":[{"taxonomy":"brand","embeddable":true,"href":"https:\/\/lediamant.ch\/de\/wp-json\/wp\/v2\/brand?post=219155"},{"taxonomy":"product_brand","embeddable":true,"href":"https:\/\/lediamant.ch\/de\/wp-json\/wp\/v2\/product_brand?post=219155"},{"taxonomy":"product_cat","embeddable":true,"href":"https:\/\/lediamant.ch\/de\/wp-json\/wp\/v2\/product_cat?post=219155"},{"taxonomy":"product_tag","embeddable":true,"href":"https:\/\/lediamant.ch\/de\/wp-json\/wp\/v2\/product_tag?post=219155"}],"curies":[{"name":"wp","href":"https:\/\/api.w.org\/{rel}","templated":true}]}}