{"id":219200,"date":"2025-08-08T13:47:23","date_gmt":"2025-08-08T11:47:23","guid":{"rendered":"https:\/\/lediamant.ch\/?post_type=product&#038;p=219200"},"modified":"2025-08-08T14:22:08","modified_gmt":"2025-08-08T12:22:08","slug":"aerowatch-montre-de-poche-lepine-milan-mechanical-limited-edition","status":"publish","type":"product","link":"https:\/\/lediamant.ch\/de\/uhren\/219200-aerowatch-montre-de-poche-lepine-milan-mechanical-limited-edition-50829-aa05\/","title":{"rendered":"Aerowatch Taschenuhr L\u00e9pine Milan Mechanical Limited Edition"},"content":{"rendered":"<p>Aerowatch ist f\u00fcr seine Taschenuhren ber\u00fchmt. Die Leidenschaft und die Werte des im Jura ans\u00e4ssigen Familienunternehmens Aerowatch sind in der neuen L\u00e9pine mechanische Skelett-Taschenuhr aus Stahl harmonisch vereint. Mit einer solchen Uhr in der Tasche und ihrem Modernismus haben Sie die Zeit immer auf Ihrer Seite. Die Uhr mit ihrem blauen Zifferblatt mit &#8222;Tannennadel&#8220;-Dekor, Indizes und Zeigern mit Super-LumiNova.ist mit dem hochwertigen Handaufzugskaliber AERO DB9 SWISS ausgestattet, das eine Gangreserve von 46 Stunden bietet. Entdecken Sie diese wundersch\u00f6ne Taschenuhr.<\/p>\n<p>&nbsp;<\/p>\n","protected":false},"excerpt":{"rendered":"<p>Aerowatch ist f\u00fcr seine Taschenuhren ber\u00fchmt. Die Leidenschaft und die Werte des im Jura ans\u00e4ssigen Familienunternehmens Aerowatch sind in der neuen L\u00e9pine mechanische Skelett-Taschenuhr aus Stahl harmonisch vereint. Mit einer solchen Uhr in der Tasche und ihrem Modernismus haben Sie die Zeit immer auf Ihrer Seite. Die Uhr mit ihrem blauen Zifferblatt mit &#8222;Tannennadel&#8220;-Dekor, Indizes &#8230; <a title=\"Aerowatch Taschenuhr L\u00e9pine Milan Mechanical Limited Edition\" class=\"read-more\" href=\"https:\/\/lediamant.ch\/de\/uhren\/219200-aerowatch-montre-de-poche-lepine-milan-mechanical-limited-edition-50829-aa05\/\" aria-label=\"Mehr Informationen \u00fcber Aerowatch Taschenuhr L\u00e9pine Milan Mechanical Limited Edition\">Weiterlesen &#8230;<\/a><\/p>\n","protected":false},"featured_media":219203,"template":"","meta":{"_acf_changed":false,"_seopress_robots_primary_cat":"27337","_seopress_titles_title":"%%post_title%%","_seopress_titles_desc":"Entdecken Sie die Eleganz der Aerowatch L\u00e9pine Skelett-Taschenuhr mit blauem Zifferblatt und 46 Stunden Gangreserve. Moderne trifft Tradition.","_seopress_robots_index":""},"brand":[27081],"product_brand":[],"product_cat":[27167,42084,27337,27123],"product_tag":[],"class_list":{"0":"post-219200","1":"product","2":"type-product","3":"status-publish","4":"has-post-thumbnail","6":"brand-aerowatch-de","7":"product_cat-aerowatch-de","8":"product_cat-lepine-de","9":"product_cat-taschenuhren","10":"product_cat-uhren","11":"pa_couleurduboitier-grau-de","12":"pa_couleurducadran-blau","13":"pa_etancheite-30m-de","14":"pa_forme-runden","15":"pa_genre-mann","16":"pa_limitededition-100-exemplare-weltweit","17":"pa_matiere-stahl","18":"pa_modele-de-mouvement-aero-db9-swiss-de","19":"pa_mouvement-mechanik","20":"pa_swissmade-ja-de","21":"pa_typedemontre-taschenuhren","22":"pa_verre-saphir-de","23":"sales-flash-overlay","24":"woocommerce-text-align-center","25":"woocommerce-image-align-center","26":"do-quantity-buttons","28":"first","29":"instock","30":"taxable","31":"shipping-taxable","32":"purchasable","33":"product-type-simple"},"acf":[],"_links":{"self":[{"href":"https:\/\/lediamant.ch\/de\/wp-json\/wp\/v2\/product\/219200","targetHints":{"allow":["GET"]}}],"collection":[{"href":"https:\/\/lediamant.ch\/de\/wp-json\/wp\/v2\/product"}],"about":[{"href":"https:\/\/lediamant.ch\/de\/wp-json\/wp\/v2\/types\/product"}],"wp:featuredmedia":[{"embeddable":true,"href":"https:\/\/lediamant.ch\/de\/wp-json\/wp\/v2\/media\/219203"}],"wp:attachment":[{"href":"https:\/\/lediamant.ch\/de\/wp-json\/wp\/v2\/media?parent=219200"}],"wp:term":[{"taxonomy":"brand","embeddable":true,"href":"https:\/\/lediamant.ch\/de\/wp-json\/wp\/v2\/brand?post=219200"},{"taxonomy":"product_brand","embeddable":true,"href":"https:\/\/lediamant.ch\/de\/wp-json\/wp\/v2\/product_brand?post=219200"},{"taxonomy":"product_cat","embeddable":true,"href":"https:\/\/lediamant.ch\/de\/wp-json\/wp\/v2\/product_cat?post=219200"},{"taxonomy":"product_tag","embeddable":true,"href":"https:\/\/lediamant.ch\/de\/wp-json\/wp\/v2\/product_tag?post=219200"}],"curies":[{"name":"wp","href":"https:\/\/api.w.org\/{rel}","templated":true}]}}