{"id":219262,"date":"2025-08-08T17:14:43","date_gmt":"2025-08-08T15:14:43","guid":{"rendered":"https:\/\/lediamant.ch\/?post_type=product&#038;p=219262"},"modified":"2025-08-13T11:17:06","modified_gmt":"2025-08-13T09:17:06","slug":"maurice-lacroix-aikonic-automatic-43mm-copie-4","status":"publish","type":"product","link":"https:\/\/lediamant.ch\/de\/uhren\/219262-maurice-lacroix-aikonic-automatic-limited-edition-ac6008-ttb00-330-2\/","title":{"rendered":"Maurice Lacroix Aikonic Automatic Limited Edition"},"content":{"rendered":"<p data-start=\"140\" data-end=\"411\">Die AIKONIC ist mit dem neuen Automatikwerk ML1000 ausgestattet. Die verzierte Br\u00fccke verbessert die Sto\u00dffestigkeit und zeigt durch den transparenten Boden eine gepflegte \u00c4sthetik: Genfer Streifen, gebl\u00e4ute Schrauben, sonnenbeschienener Rotor. Das \u00e4u\u00dfere Design vereint Eleganz und Robustheit: L\u00fcnette und Krone aus Keramik, Geh\u00e4use mit satinierten und polierten Oberfl\u00e4chen f\u00fcr einen urbanen Look. Das Zifferblatt aus Karbonfaser, das bei jedem St\u00fcck einzigartig ist, f\u00e4ngt das Licht intensiv ein. 10 ATM wasserdichtes, entspiegeltes Saphirglas und das ML EasyChange System zum werkzeuglosen Wechseln des Armbandes. Das sportlich-schicke Kautschukarmband vereint Komfort und Stil. AIKONIC richtet sich an Liebhaber von Design, Technik und Authentizit\u00e4t - diejenigen, die die Uhrmacherei Tag f\u00fcr Tag leben.<\/p>\n","protected":false},"excerpt":{"rendered":"<p>Die AIKONIC ist mit dem neuen Automatikwerk ML1000 ausgestattet. Die verzierte Br\u00fccke verbessert die Sto\u00dffestigkeit und zeigt durch den transparenten Boden eine gepflegte \u00c4sthetik: Genfer Streifen, gebl\u00e4ute Schrauben, sonnenbeschienener Rotor. Das \u00e4u\u00dfere Design vereint Eleganz und Robustheit: L\u00fcnette und Krone aus Keramik, Geh\u00e4use mit satinierten und polierten Oberfl\u00e4chen f\u00fcr einen urbanen Look. Das Zifferblatt aus &#8230; <a title=\"Maurice Lacroix Aikonic Automatic Limited Edition\" class=\"read-more\" href=\"https:\/\/lediamant.ch\/de\/uhren\/219262-maurice-lacroix-aikonic-automatic-limited-edition-ac6008-ttb00-330-2\/\" aria-label=\"Mehr Informationen \u00fcber Maurice Lacroix Aikonic Automatic Limited Edition\">Weiterlesen &#8230;<\/a><\/p>\n","protected":false},"featured_media":219258,"template":"","meta":{"_acf_changed":false,"_seopress_robots_primary_cat":"27149","_seopress_titles_title":"%%post_title%% %%sep%% %%sitetitle%%.ch","_seopress_titles_desc":"Die AIKONIC brilliert mit dem ML1000 Werk, Genfer Streifen, gebl\u00e4uten Schrauben und einem urbanen Design. Perfekt f\u00fcr Uhrenliebhaber!","_seopress_robots_index":""},"brand":[27103],"product_brand":[],"product_cat":[42488,27149,27123],"product_tag":[],"class_list":{"0":"post-219262","1":"product","2":"type-product","3":"status-publish","4":"has-post-thumbnail","6":"brand-mauricelacroix-de","7":"product_cat-aikonic","8":"product_cat-maurice-lacroix-de","9":"product_cat-uhren","10":"pa_couleurduboitier-schwarz-de","11":"pa_couleurdubracelet-schwarz-de","12":"pa_couleurducadran-schwarz","13":"pa_etancheite-100m-de","14":"pa_forme-runden","15":"pa_genre-mann","16":"pa_matiere-schwarzespvd","17":"pa_matierebraceletmontre-kautschuk","18":"pa_modele-de-mouvement-ml1000-soprod-m300-de","19":"pa_mouvement-automatik-de","20":"pa_option-boitier-keramikluenette","21":"pa_option-boitier-transparenter-hintergrund","22":"pa_swissmade-ja-de","23":"sales-flash-overlay","24":"woocommerce-text-align-center","25":"woocommerce-image-align-center","26":"do-quantity-buttons","28":"first","29":"instock","30":"taxable","31":"shipping-taxable","32":"purchasable","33":"product-type-simple"},"acf":[],"_links":{"self":[{"href":"https:\/\/lediamant.ch\/de\/wp-json\/wp\/v2\/product\/219262","targetHints":{"allow":["GET"]}}],"collection":[{"href":"https:\/\/lediamant.ch\/de\/wp-json\/wp\/v2\/product"}],"about":[{"href":"https:\/\/lediamant.ch\/de\/wp-json\/wp\/v2\/types\/product"}],"wp:featuredmedia":[{"embeddable":true,"href":"https:\/\/lediamant.ch\/de\/wp-json\/wp\/v2\/media\/219258"}],"wp:attachment":[{"href":"https:\/\/lediamant.ch\/de\/wp-json\/wp\/v2\/media?parent=219262"}],"wp:term":[{"taxonomy":"brand","embeddable":true,"href":"https:\/\/lediamant.ch\/de\/wp-json\/wp\/v2\/brand?post=219262"},{"taxonomy":"product_brand","embeddable":true,"href":"https:\/\/lediamant.ch\/de\/wp-json\/wp\/v2\/product_brand?post=219262"},{"taxonomy":"product_cat","embeddable":true,"href":"https:\/\/lediamant.ch\/de\/wp-json\/wp\/v2\/product_cat?post=219262"},{"taxonomy":"product_tag","embeddable":true,"href":"https:\/\/lediamant.ch\/de\/wp-json\/wp\/v2\/product_tag?post=219262"}],"curies":[{"name":"wp","href":"https:\/\/api.w.org\/{rel}","templated":true}]}}