{"id":219281,"date":"2025-08-13T14:13:56","date_gmt":"2025-08-13T12:13:56","guid":{"rendered":"https:\/\/lediamant.ch\/?post_type=product&#038;p=219281"},"modified":"2025-08-13T14:26:44","modified_gmt":"2025-08-13T12:26:44","slug":"maurice-lacroix-1975-automatic-vagues-du-jura","status":"publish","type":"product","link":"https:\/\/lediamant.ch\/de\/uhren\/219281-maurice-lacroix-1975-automatic-vagues-du-jura-756108-ss001-430-4\/","title":{"rendered":"Maurice Lacroix 1975 Automatic Vagues du Jura"},"content":{"rendered":"<p data-start=\"70\" data-end=\"351\">Geburtstag bringt Maurice Lacroix die 1975 Automatic Saignel\u00e9gier Blue auf den Markt, eine auf 888 Exemplare limitierte Edition, die eine Hommage an die Freiberge ist. Das historische blaue Zifferblatt &#8222;Saignel\u00e9gier Blue&#8220; zeigt das exklusive Motiv &#8222;Vagues du Jura&#8220;, das f\u00fcr Relief und Lichtspiele sorgt. Facettierte Dauphine-Zeiger, Trapez-Indizes und ein passendes Datum sorgen f\u00fcr Eleganz und Ablesbarkeit. Das 40 mm gro\u00dfe Stahlgeh\u00e4use mit abwechselnd satinierten und polierten Oberfl\u00e4chen beherbergt das automatische Kaliber ML155 mit 56 Stunden Gangreserve. Der Saphirglasboden enth\u00fcllt ein Uhrwerk mit Perl- und Schneckenverzierungen und einem Rotor mit eingraviertem Motiv &#8222;Vagues du Jura&#8220;. Ein St\u00fcck, das Tradition, Pr\u00e4zision und Raffinesse vereint.<\/p>\n<p>&nbsp;<\/p>\n<p>&nbsp;<\/p>\n","protected":false},"excerpt":{"rendered":"<p>Geburtstag bringt Maurice Lacroix die 1975 Automatic Saignel\u00e9gier Blue auf den Markt, eine auf 888 Exemplare limitierte Edition, die eine Hommage an die Freiberge ist. Das historische blaue Zifferblatt &#8222;Saignel\u00e9gier Blue&#8220; zeigt das exklusive Motiv &#8222;Vagues du Jura&#8220;, das f\u00fcr Relief und Lichtspiele sorgt. Facettierte Dauphine-Zeiger, Trapez-Indizes und ein passendes Datum sorgen f\u00fcr Eleganz und &#8230; <a title=\"Maurice Lacroix 1975 Automatic Vagues du Jura\" class=\"read-more\" href=\"https:\/\/lediamant.ch\/de\/uhren\/219281-maurice-lacroix-1975-automatic-vagues-du-jura-756108-ss001-430-4\/\" aria-label=\"Mehr Informationen \u00fcber Maurice Lacroix 1975 Automatic Vagues du Jura\">Weiterlesen &#8230;<\/a><\/p>\n","protected":false},"featured_media":219283,"template":"","meta":{"_acf_changed":false,"_seopress_robots_primary_cat":"27149","_seopress_titles_title":"%%post_title%%","_seopress_titles_desc":"Feiern Sie den Geburtstag von Maurice Lacroix mit der Uhr in limitierter Auflage 1975 Automatic, einer Hommage an die Freiberge mit einem exklusiven Design.","_seopress_robots_index":""},"brand":[27103],"product_brand":[],"product_cat":[42009,27149,27123],"product_tag":[],"class_list":{"0":"post-219281","1":"product","2":"type-product","3":"status-publish","4":"has-post-thumbnail","6":"brand-mauricelacroix-de","7":"product_cat-1975-de","8":"product_cat-maurice-lacroix-de","9":"product_cat-uhren","10":"sales-flash-overlay","11":"woocommerce-text-align-center","12":"woocommerce-image-align-center","13":"do-quantity-buttons","15":"first","16":"instock","17":"taxable","18":"shipping-taxable","19":"purchasable","20":"product-type-simple"},"acf":[],"_links":{"self":[{"href":"https:\/\/lediamant.ch\/de\/wp-json\/wp\/v2\/product\/219281","targetHints":{"allow":["GET"]}}],"collection":[{"href":"https:\/\/lediamant.ch\/de\/wp-json\/wp\/v2\/product"}],"about":[{"href":"https:\/\/lediamant.ch\/de\/wp-json\/wp\/v2\/types\/product"}],"wp:featuredmedia":[{"embeddable":true,"href":"https:\/\/lediamant.ch\/de\/wp-json\/wp\/v2\/media\/219283"}],"wp:attachment":[{"href":"https:\/\/lediamant.ch\/de\/wp-json\/wp\/v2\/media?parent=219281"}],"wp:term":[{"taxonomy":"brand","embeddable":true,"href":"https:\/\/lediamant.ch\/de\/wp-json\/wp\/v2\/brand?post=219281"},{"taxonomy":"product_brand","embeddable":true,"href":"https:\/\/lediamant.ch\/de\/wp-json\/wp\/v2\/product_brand?post=219281"},{"taxonomy":"product_cat","embeddable":true,"href":"https:\/\/lediamant.ch\/de\/wp-json\/wp\/v2\/product_cat?post=219281"},{"taxonomy":"product_tag","embeddable":true,"href":"https:\/\/lediamant.ch\/de\/wp-json\/wp\/v2\/product_tag?post=219281"}],"curies":[{"name":"wp","href":"https:\/\/api.w.org\/{rel}","templated":true}]}}