{"id":219579,"date":"2025-09-17T18:07:14","date_gmt":"2025-09-17T16:07:14","guid":{"rendered":"https:\/\/lediamant.ch\/?post_type=product&#038;p=219579"},"modified":"2025-09-19T13:43:55","modified_gmt":"2025-09-19T11:43:55","slug":"tissot-srv-perlmutt-schwarz-30mm","status":"publish","type":"product","link":"https:\/\/lediamant.ch\/de\/uhren\/219579-tissot-srv-perlmutt-schwarz-30mm-t1601103612600\/","title":{"rendered":"Tissot SRV Perlmutt Schwarz 30mm"},"content":{"rendered":"<p>Die SRV Uhr ist von der Epoche des Art Deco inspiriert, die sich in den 1920er Jahren entwickelte. Diese Epoche zeichnete sich durch geometrische Formen und abstrakte Muster aus, die zu einem dominierenden Stil in der Architektur, Inneneinrichtung, Mode und Grafik wurden. W\u00e4hrend die SRV direkt von einem Modell aus dem Jahr 1975 inspiriert ist, war dieses Design selbst eine Neuinterpretation von Tissots fr\u00fcheren Entw\u00fcrfen aus den 1920er Jahren. SRV ist nicht nur ein Name, sondern steht auch f\u00fcr Saphir Rectangle V: ein facettiertes Saphirglas mit einer rechteckigen Silhouette, wobei das &#8222;V&#8220; auf die Wasserdichtigkeit bis 5 bar hinweist. Das Lederarmband zeichnet sich dadurch aus, dass es sich im Laufe der Zeit ver\u00e4ndert hat. Es passt sich dem Handgelenk des Tr\u00e4gers an und bietet Komfort und eine einzigartige Passform.<\/p>\n","protected":false},"excerpt":{"rendered":"<p>Die SRV Uhr ist von der Epoche des Art Deco inspiriert, die sich in den 1920er Jahren entwickelte. Diese Epoche zeichnete sich durch geometrische Formen und abstrakte Muster aus, die zu einem dominierenden Stil in der Architektur, Inneneinrichtung, Mode und Grafik wurden. W\u00e4hrend die SRV direkt von einem Modell aus dem Jahr 1975 inspiriert ist, &#8230; <a title=\"Tissot SRV Perlmutt Schwarz 30mm\" class=\"read-more\" href=\"https:\/\/lediamant.ch\/de\/uhren\/219579-tissot-srv-perlmutt-schwarz-30mm-t1601103612600\/\" aria-label=\"Mehr Informationen \u00fcber Tissot SRV Perlmutt Schwarz 30mm\">Weiterlesen &#8230;<\/a><\/p>\n","protected":false},"featured_media":219581,"template":"","meta":{"_acf_changed":false,"_seopress_robots_primary_cat":"27159","_seopress_titles_title":"","_seopress_titles_desc":"Inspiriert von den 1920er Jahren, kombiniert die SRV Uhr geometrische Formen mit modernem Design und Wasserdichtigkeit bis 5 bar.","_seopress_robots_index":""},"brand":[27087],"product_brand":[],"product_cat":[27297,27159,42118,27123],"product_tag":[],"class_list":{"0":"post-219579","1":"product","2":"type-product","3":"status-publish","4":"has-post-thumbnail","6":"brand-tissot-de","7":"product_cat-exklusiv-fur-damen","8":"product_cat-tissot-de","9":"product_cat-tissot-srv-de","10":"product_cat-uhren","11":"pa_couleurduboitier-gelb-de","12":"pa_couleurdubracelet-schwarz-de","13":"pa_couleurducadran-perlmutt","14":"pa_couleurducadran-schwarz","15":"pa_dimensions-30-x-21-8-mm-de","16":"pa_etancheite-50m-de","17":"pa_forme-rechteckig-de","18":"pa_garantie-24monate","19":"pa_genre-frau","20":"pa_matiere-gelbgoldpvd","21":"pa_matierebraceletmontre-leder","22":"pa_mouvement-quarzbatterie-de","23":"pa_swissmade-ja-de","24":"pa_verre-saphir-de","25":"sales-flash-overlay","26":"woocommerce-text-align-center","27":"woocommerce-image-align-center","28":"do-quantity-buttons","30":"first","31":"instock","32":"taxable","33":"shipping-taxable","34":"purchasable","35":"product-type-simple"},"acf":[],"_links":{"self":[{"href":"https:\/\/lediamant.ch\/de\/wp-json\/wp\/v2\/product\/219579","targetHints":{"allow":["GET"]}}],"collection":[{"href":"https:\/\/lediamant.ch\/de\/wp-json\/wp\/v2\/product"}],"about":[{"href":"https:\/\/lediamant.ch\/de\/wp-json\/wp\/v2\/types\/product"}],"wp:featuredmedia":[{"embeddable":true,"href":"https:\/\/lediamant.ch\/de\/wp-json\/wp\/v2\/media\/219581"}],"wp:attachment":[{"href":"https:\/\/lediamant.ch\/de\/wp-json\/wp\/v2\/media?parent=219579"}],"wp:term":[{"taxonomy":"brand","embeddable":true,"href":"https:\/\/lediamant.ch\/de\/wp-json\/wp\/v2\/brand?post=219579"},{"taxonomy":"product_brand","embeddable":true,"href":"https:\/\/lediamant.ch\/de\/wp-json\/wp\/v2\/product_brand?post=219579"},{"taxonomy":"product_cat","embeddable":true,"href":"https:\/\/lediamant.ch\/de\/wp-json\/wp\/v2\/product_cat?post=219579"},{"taxonomy":"product_tag","embeddable":true,"href":"https:\/\/lediamant.ch\/de\/wp-json\/wp\/v2\/product_tag?post=219579"}],"curies":[{"name":"wp","href":"https:\/\/api.w.org\/{rel}","templated":true}]}}