{"id":219702,"date":"2025-09-24T17:57:04","date_gmt":"2025-09-24T15:57:04","guid":{"rendered":"https:\/\/lediamant.ch\/produit\/unkategorisiert\/hamilton-ardmore-small\/"},"modified":"2025-09-25T09:30:15","modified_gmt":"2025-09-25T07:30:15","slug":"hamilton-ardmore-small","status":"publish","type":"product","link":"https:\/\/lediamant.ch\/de\/uhren\/219702-hamilton-ardmore-small-h11221150\/","title":{"rendered":"Hamilton Ardmore Small"},"content":{"rendered":"<p>Die American Classic Ardmore ist ein Klassiker des Art Deco-Stils, der f\u00fcr die heutige Zeit \u00fcberarbeitet wurde und eine anspruchsvolle Wahl f\u00fcr den Alltag darstellt. Inspiriert von dem Modell aus dem Jahr 1935 ist das Geh\u00e4use so gebogen, dass es sich perfekt an das Handgelenk schmiegt und dabei den vielseitigen Charme des Art Deco Stils mit einem Z\u00e4hler f\u00fcr die kleine Sekunde, r\u00f6mischen Ziffern, feinen Proportionen und hochwertigen Materialien bewahrt.<\/p>\n","protected":false},"excerpt":{"rendered":"<p>Die American Classic Ardmore ist ein Klassiker des Art Deco-Stils, der f\u00fcr die heutige Zeit \u00fcberarbeitet wurde und eine anspruchsvolle Wahl f\u00fcr den Alltag darstellt. Inspiriert von dem Modell aus dem Jahr 1935 ist das Geh\u00e4use so gebogen, dass es sich perfekt an das Handgelenk schmiegt und dabei den vielseitigen Charme des Art Deco Stils &#8230; <a title=\"Hamilton Ardmore Small\" class=\"read-more\" href=\"https:\/\/lediamant.ch\/de\/uhren\/219702-hamilton-ardmore-small-h11221150\/\" aria-label=\"Mehr Informationen \u00fcber Hamilton Ardmore Small\">Weiterlesen &#8230;<\/a><\/p>\n","protected":false},"featured_media":219664,"template":"","meta":{"_acf_changed":false,"_seopress_robots_primary_cat":"27181","_seopress_titles_title":"","_seopress_titles_desc":"Erleben Sie den Charme des Art Deco mit der American Classic Ardmore, einer eleganten Uhr, die von 1935 inspiriert wurde und perfekt f\u00fcr den Alltag ist.","_seopress_robots_index":""},"brand":[27085],"product_brand":[],"product_cat":[27201,27181,27123],"product_tag":[],"class_list":{"0":"post-219702","1":"product","2":"type-product","3":"status-publish","4":"has-post-thumbnail","6":"brand-hamilton-de","7":"product_cat-american-classic","8":"product_cat-hamilton-de","9":"product_cat-uhren","10":"pa_couleurducadran-silber","11":"pa_etancheite-30m-de","12":"pa_forme-rechteckig-de","13":"pa_genre-frau","14":"pa_matiere-stahl","15":"pa_matierebraceletmontre-edelstahl","16":"pa_mouvement-quarzbatterie-de","17":"pa_swissmade-ja-de","18":"pa_verre-mineralglas-de","19":"sales-flash-overlay","20":"woocommerce-text-align-center","21":"woocommerce-image-align-center","22":"do-quantity-buttons","24":"first","25":"instock","26":"taxable","27":"shipping-taxable","28":"purchasable","29":"product-type-simple"},"acf":[],"_links":{"self":[{"href":"https:\/\/lediamant.ch\/de\/wp-json\/wp\/v2\/product\/219702","targetHints":{"allow":["GET"]}}],"collection":[{"href":"https:\/\/lediamant.ch\/de\/wp-json\/wp\/v2\/product"}],"about":[{"href":"https:\/\/lediamant.ch\/de\/wp-json\/wp\/v2\/types\/product"}],"wp:featuredmedia":[{"embeddable":true,"href":"https:\/\/lediamant.ch\/de\/wp-json\/wp\/v2\/media\/219664"}],"wp:attachment":[{"href":"https:\/\/lediamant.ch\/de\/wp-json\/wp\/v2\/media?parent=219702"}],"wp:term":[{"taxonomy":"brand","embeddable":true,"href":"https:\/\/lediamant.ch\/de\/wp-json\/wp\/v2\/brand?post=219702"},{"taxonomy":"product_brand","embeddable":true,"href":"https:\/\/lediamant.ch\/de\/wp-json\/wp\/v2\/product_brand?post=219702"},{"taxonomy":"product_cat","embeddable":true,"href":"https:\/\/lediamant.ch\/de\/wp-json\/wp\/v2\/product_cat?post=219702"},{"taxonomy":"product_tag","embeddable":true,"href":"https:\/\/lediamant.ch\/de\/wp-json\/wp\/v2\/product_tag?post=219702"}],"curies":[{"name":"wp","href":"https:\/\/api.w.org\/{rel}","templated":true}]}}