{"id":219781,"date":"2025-09-25T08:55:41","date_gmt":"2025-09-25T06:55:41","guid":{"rendered":"https:\/\/lediamant.ch\/produit\/unkategorisiert\/balmain-ophrys-42-50-mm-2\/"},"modified":"2025-09-26T11:09:01","modified_gmt":"2025-09-26T09:09:01","slug":"balmain-ophrys-42-50-mm-2","status":"publish","type":"product","link":"https:\/\/lediamant.ch\/de\/uhren\/219781-balmain-ophrys-42-5-mm-b43423975\/","title":{"rendered":"Balmain Ophrys 42.5mm"},"content":{"rendered":"<p>Die Ophrys von Balmain ist eine elegante Herrenuhr, die einen zarten Charme mit einem modernen, von der Pariser Haute Couture inspirierten Design verbindet. modernen, von der Pariser Haute Couture inspirierten Design verbindet. Das tiefgr\u00fcne Zifferblatt und die klar gezeichnete L\u00fcnette sorgen f\u00fcr einen vibrierenden Touch, w\u00e4hrend das zweifarbige 42,50 mm PVD Geh\u00e4use aus Edelstahl und Gelbgold PVD mit einem robusten 10,00 mm Profil und einem passenden Armband einen zeitlosen Stil f\u00fcr den Alltag bietet. bietet einen zeitlosen Stil f\u00fcr den Alltag. Dieser Swiss Made Zeitmesser ist mit einem Saphirglas ausgestattet.<\/p>\n","protected":false},"excerpt":{"rendered":"<p>Die Ophrys von Balmain ist eine elegante Herrenuhr, die einen zarten Charme mit einem modernen, von der Pariser Haute Couture inspirierten Design verbindet. modernen, von der Pariser Haute Couture inspirierten Design verbindet. Das tiefgr\u00fcne Zifferblatt und die klar gezeichnete L\u00fcnette sorgen f\u00fcr einen vibrierenden Touch, w\u00e4hrend das zweifarbige 42,50 mm PVD Geh\u00e4use aus Edelstahl und &#8230; <a title=\"Balmain Ophrys 42.5mm\" class=\"read-more\" href=\"https:\/\/lediamant.ch\/de\/uhren\/219781-balmain-ophrys-42-5-mm-b43423975\/\" aria-label=\"Mehr Informationen \u00fcber Balmain Ophrys 42.5mm\">Weiterlesen &#8230;<\/a><\/p>\n","protected":false},"featured_media":219681,"template":"","meta":{"_acf_changed":false,"_seopress_robots_primary_cat":"27173","_seopress_titles_title":"","_seopress_titles_desc":"Ophrys von Balmain: Eleganz und Modernit\u00e4t, inspiriert von der Pariser Haute Couture, f\u00fcr eine zeitlose Herrenuhr.","_seopress_robots_index":""},"brand":[27083],"product_brand":[],"product_cat":[27123,27173,27477],"product_tag":[],"class_list":{"0":"post-219781","1":"product","2":"type-product","3":"status-publish","4":"has-post-thumbnail","6":"brand-balmain-de","7":"product_cat-uhren","8":"product_cat-balmain-de","9":"product_cat-ophrys-de","10":"pa_couleurducadran-grun","11":"pa_etancheite-50m-de","12":"pa_forme-runden","13":"pa_genre-mann","14":"pa_matiere-zweifarbigstahlgelbgoldpvd","15":"pa_matierebraceletmontre-edelstahl","16":"pa_mouvement-quarzbatterie-de","17":"pa_swissmade-ja-de","18":"pa_verre-saphir-de","19":"sales-flash-overlay","20":"woocommerce-text-align-center","21":"woocommerce-image-align-center","22":"do-quantity-buttons","24":"first","25":"instock","26":"taxable","27":"shipping-taxable","28":"purchasable","29":"product-type-simple"},"acf":[],"_links":{"self":[{"href":"https:\/\/lediamant.ch\/de\/wp-json\/wp\/v2\/product\/219781","targetHints":{"allow":["GET"]}}],"collection":[{"href":"https:\/\/lediamant.ch\/de\/wp-json\/wp\/v2\/product"}],"about":[{"href":"https:\/\/lediamant.ch\/de\/wp-json\/wp\/v2\/types\/product"}],"wp:featuredmedia":[{"embeddable":true,"href":"https:\/\/lediamant.ch\/de\/wp-json\/wp\/v2\/media\/219681"}],"wp:attachment":[{"href":"https:\/\/lediamant.ch\/de\/wp-json\/wp\/v2\/media?parent=219781"}],"wp:term":[{"taxonomy":"brand","embeddable":true,"href":"https:\/\/lediamant.ch\/de\/wp-json\/wp\/v2\/brand?post=219781"},{"taxonomy":"product_brand","embeddable":true,"href":"https:\/\/lediamant.ch\/de\/wp-json\/wp\/v2\/product_brand?post=219781"},{"taxonomy":"product_cat","embeddable":true,"href":"https:\/\/lediamant.ch\/de\/wp-json\/wp\/v2\/product_cat?post=219781"},{"taxonomy":"product_tag","embeddable":true,"href":"https:\/\/lediamant.ch\/de\/wp-json\/wp\/v2\/product_tag?post=219781"}],"curies":[{"name":"wp","href":"https:\/\/api.w.org\/{rel}","templated":true}]}}