{"id":219782,"date":"2025-09-25T09:00:41","date_gmt":"2025-09-25T07:00:41","guid":{"rendered":"https:\/\/lediamant.ch\/produit\/unkategorisiert\/balmain-beleganza-gent-ii-40-mm\/"},"modified":"2025-09-26T11:13:48","modified_gmt":"2025-09-26T09:13:48","slug":"balmain-beleganza-gent-ii-40-mm","status":"publish","type":"product","link":"https:\/\/lediamant.ch\/de\/uhren\/219782-balmain-beleganza-gent-ii-40-mm-b13413391\/","title":{"rendered":"Balmain Beleganza Gent II 40mm"},"content":{"rendered":"<p>Die Balmain Beleganza Gent II ist eine anmutige Herrenuhr, die leuchtende Eleganz mit einem modernen Design verbindet, das von der Pariser Haute Couture inspiriert ist. leuchtende Eleganz mit einem modernen Design verbindet, das von der Pariser Haute Couture inspiriert ist. Das tiefblaue, kreisf\u00f6rmige geometrische Zifferblatt und die modernen r\u00f6mischen Ziffern verleihen der Uhr einen raffinierten Touch. einen raffinierten Touch. Das 40 mm Edelstahlgeh\u00e4use mit einem robusten 7,60 mm Profil und einem Edelstahlarmband bietet einen allt\u00e4glichen Stil. und einem Edelstahlarmband bietet einen allt\u00e4glichen Stil. Dieser Swiss Made Zeitmesser ist mit einem Saphirglas ausgestattet.<\/p>\n","protected":false},"excerpt":{"rendered":"<p>Die Balmain Beleganza Gent II ist eine anmutige Herrenuhr, die leuchtende Eleganz mit einem modernen Design verbindet, das von der Pariser Haute Couture inspiriert ist. leuchtende Eleganz mit einem modernen Design verbindet, das von der Pariser Haute Couture inspiriert ist. Das tiefblaue, kreisf\u00f6rmige geometrische Zifferblatt und die modernen r\u00f6mischen Ziffern verleihen der Uhr einen raffinierten &#8230; <a title=\"Balmain Beleganza Gent II 40mm\" class=\"read-more\" href=\"https:\/\/lediamant.ch\/de\/uhren\/219782-balmain-beleganza-gent-ii-40-mm-b13413391\/\" aria-label=\"Mehr Informationen \u00fcber Balmain Beleganza Gent II 40mm\">Weiterlesen &#8230;<\/a><\/p>\n","protected":false},"featured_media":219684,"template":"","meta":{"_acf_changed":false,"_seopress_robots_primary_cat":"27173","_seopress_titles_title":"","_seopress_titles_desc":"Entdecken Sie die Eleganz der Balmain Beleganza Gent II Uhr: ein modernes Design, das von der Pariser Haute Couture inspiriert wurde.","_seopress_robots_index":""},"brand":[27083],"product_brand":[],"product_cat":[27173,27399,27123],"product_tag":[],"class_list":{"0":"post-219782","1":"product","2":"type-product","3":"status-publish","4":"has-post-thumbnail","6":"brand-balmain-de","7":"product_cat-balmain-de","8":"product_cat-beleganza-de","9":"product_cat-uhren","10":"pa_couleurducadran-blau","11":"pa_etancheite-50m-de","12":"pa_forme-runden","13":"pa_genre-mann","14":"pa_matiere-stahl","15":"pa_matierebraceletmontre-edelstahl","16":"pa_mouvement-quarzbatterie-de","17":"pa_swissmade-ja-de","18":"pa_verre-saphir-de","19":"sales-flash-overlay","20":"woocommerce-text-align-center","21":"woocommerce-image-align-center","22":"do-quantity-buttons","24":"first","25":"instock","26":"taxable","27":"shipping-taxable","28":"purchasable","29":"product-type-simple"},"acf":[],"_links":{"self":[{"href":"https:\/\/lediamant.ch\/de\/wp-json\/wp\/v2\/product\/219782","targetHints":{"allow":["GET"]}}],"collection":[{"href":"https:\/\/lediamant.ch\/de\/wp-json\/wp\/v2\/product"}],"about":[{"href":"https:\/\/lediamant.ch\/de\/wp-json\/wp\/v2\/types\/product"}],"wp:featuredmedia":[{"embeddable":true,"href":"https:\/\/lediamant.ch\/de\/wp-json\/wp\/v2\/media\/219684"}],"wp:attachment":[{"href":"https:\/\/lediamant.ch\/de\/wp-json\/wp\/v2\/media?parent=219782"}],"wp:term":[{"taxonomy":"brand","embeddable":true,"href":"https:\/\/lediamant.ch\/de\/wp-json\/wp\/v2\/brand?post=219782"},{"taxonomy":"product_brand","embeddable":true,"href":"https:\/\/lediamant.ch\/de\/wp-json\/wp\/v2\/product_brand?post=219782"},{"taxonomy":"product_cat","embeddable":true,"href":"https:\/\/lediamant.ch\/de\/wp-json\/wp\/v2\/product_cat?post=219782"},{"taxonomy":"product_tag","embeddable":true,"href":"https:\/\/lediamant.ch\/de\/wp-json\/wp\/v2\/product_tag?post=219782"}],"curies":[{"name":"wp","href":"https:\/\/api.w.org\/{rel}","templated":true}]}}