{"id":219793,"date":"2025-09-25T09:15:41","date_gmt":"2025-09-25T07:15:41","guid":{"rendered":"https:\/\/lediamant.ch\/produit\/unkategorisiert\/balmain-ophrys-42-50-mm-3\/"},"modified":"2025-09-26T11:49:42","modified_gmt":"2025-09-26T09:49:42","slug":"balmain-ophrys-42-50-mm-3","status":"publish","type":"product","link":"https:\/\/lediamant.ch\/de\/uhren\/219793-balmain-ophrys-42-5-mm-b43485255\/","title":{"rendered":"Balmain Ophrys 42.5mm"},"content":{"rendered":"<p>Die Balmain Ophrys ist eine kunstvolle Herrenuhr, die einen hellen Stil mit einem modernen, von der Pariser Haute Couture inspirierten Design verbindet. modernen, von der Pariser Haute Couture inspirierten Design verbindet. Das schokoladenbraune Zifferblatt und die L\u00fcnette und die L\u00fcnette mit minimalen Linien sorgen f\u00fcr einen ausdrucksstarken Touch, w\u00e4hrend das zweifarbige 42,50 mm PVD Geh\u00e4use aus Edelstahl und Ros\u00e9gold PVD mit einem raffinierten 10,00 mm Profil und einem schokoladenbraunen Kautschukarmband f\u00fcr die Raffinesse des Alltags sorgt. schokoladenbraunes Kautschukarmband f\u00fcr die Raffinesse des Alltags sorgt. Dieser Swiss Made Zeitmesser ist mit einem Saphirglas ausgestattet.<\/p>\n","protected":false},"excerpt":{"rendered":"<p>Die Balmain Ophrys ist eine kunstvolle Herrenuhr, die einen hellen Stil mit einem modernen, von der Pariser Haute Couture inspirierten Design verbindet. modernen, von der Pariser Haute Couture inspirierten Design verbindet. Das schokoladenbraune Zifferblatt und die L\u00fcnette und die L\u00fcnette mit minimalen Linien sorgen f\u00fcr einen ausdrucksstarken Touch, w\u00e4hrend das zweifarbige 42,50 mm PVD Geh\u00e4use &#8230; <a title=\"Balmain Ophrys 42.5mm\" class=\"read-more\" href=\"https:\/\/lediamant.ch\/de\/uhren\/219793-balmain-ophrys-42-5-mm-b43485255\/\" aria-label=\"Mehr Informationen \u00fcber Balmain Ophrys 42.5mm\">Weiterlesen &#8230;<\/a><\/p>\n","protected":false},"featured_media":219693,"template":"","meta":{"_acf_changed":false,"_seopress_robots_primary_cat":"27173","_seopress_titles_title":"","_seopress_titles_desc":"Eleganz und Innovation treffen sich in der Balmain Ophrys, einer Haute Couture Herrenuhr mit einem modernen Design und raffinierten Materialien.","_seopress_robots_index":""},"brand":[27083],"product_brand":[],"product_cat":[27173,27477,27123],"product_tag":[],"class_list":{"0":"post-219793","1":"product","2":"type-product","3":"status-publish","4":"has-post-thumbnail","6":"brand-balmain-de","7":"product_cat-balmain-de","8":"product_cat-ophrys-de","9":"product_cat-uhren","10":"pa_couleurducadran-braun","11":"pa_etancheite-50m-de","12":"pa_forme-runden","13":"pa_genre-mann","14":"pa_matiere-zweifarbigstahlrosegoldpvd","15":"pa_matierebraceletmontre-kautschuk","16":"pa_mouvement-quarzbatterie-de","17":"pa_swissmade-ja-de","18":"pa_verre-saphir-de","19":"sales-flash-overlay","20":"woocommerce-text-align-center","21":"woocommerce-image-align-center","22":"do-quantity-buttons","24":"first","25":"instock","26":"taxable","27":"shipping-taxable","28":"purchasable","29":"product-type-simple"},"acf":[],"_links":{"self":[{"href":"https:\/\/lediamant.ch\/de\/wp-json\/wp\/v2\/product\/219793","targetHints":{"allow":["GET"]}}],"collection":[{"href":"https:\/\/lediamant.ch\/de\/wp-json\/wp\/v2\/product"}],"about":[{"href":"https:\/\/lediamant.ch\/de\/wp-json\/wp\/v2\/types\/product"}],"wp:featuredmedia":[{"embeddable":true,"href":"https:\/\/lediamant.ch\/de\/wp-json\/wp\/v2\/media\/219693"}],"wp:attachment":[{"href":"https:\/\/lediamant.ch\/de\/wp-json\/wp\/v2\/media?parent=219793"}],"wp:term":[{"taxonomy":"brand","embeddable":true,"href":"https:\/\/lediamant.ch\/de\/wp-json\/wp\/v2\/brand?post=219793"},{"taxonomy":"product_brand","embeddable":true,"href":"https:\/\/lediamant.ch\/de\/wp-json\/wp\/v2\/product_brand?post=219793"},{"taxonomy":"product_cat","embeddable":true,"href":"https:\/\/lediamant.ch\/de\/wp-json\/wp\/v2\/product_cat?post=219793"},{"taxonomy":"product_tag","embeddable":true,"href":"https:\/\/lediamant.ch\/de\/wp-json\/wp\/v2\/product_tag?post=219793"}],"curies":[{"name":"wp","href":"https:\/\/api.w.org\/{rel}","templated":true}]}}