{"id":219800,"date":"2025-09-25T09:25:41","date_gmt":"2025-09-25T07:25:41","guid":{"rendered":"https:\/\/lediamant.ch\/produit\/unkategorisiert\/balmain-ophrys-42-50-mm-5\/"},"modified":"2025-09-26T11:40:18","modified_gmt":"2025-09-26T09:40:18","slug":"balmain-ophrys-42-50-mm-5","status":"publish","type":"product","link":"https:\/\/lediamant.ch\/de\/uhren\/219800-balmain-ophrys-42-5-mm-b43483355\/","title":{"rendered":"Balmain Ophrys 42.5mm"},"content":{"rendered":"<p>Die Ophrys von Balmain ist eine raffinierte Herrenuhr, die strahlenden Charme mit einem modernen Design verbindet, das von der Pariser Haute Couture inspiriert ist. Das schokoladenbraune Zifferblatt und die schokoladenbraune L\u00fcnette mit ihren klaren Linien sorgen f\u00fcr einen ausdrucksstarken Touch, w\u00e4hrend das zweifarbige 42,50 mm PVD Geh\u00e4use aus Edelstahl und Gelbgold PVD mit einem anmutigen 10,00 mm Profil und einem passenden Armband f\u00fcr allt\u00e4gliche Kultiviertheit sorgt. passenden Armband f\u00fcr allt\u00e4gliche Kultiviertheit sorgt. Dieser Swiss Made Zeitmesser ist mit einem Saphirglas ausgestattet.<\/p>\n","protected":false},"excerpt":{"rendered":"<p>Die Ophrys von Balmain ist eine raffinierte Herrenuhr, die strahlenden Charme mit einem modernen Design verbindet, das von der Pariser Haute Couture inspiriert ist. Das schokoladenbraune Zifferblatt und die schokoladenbraune L\u00fcnette mit ihren klaren Linien sorgen f\u00fcr einen ausdrucksstarken Touch, w\u00e4hrend das zweifarbige 42,50 mm PVD Geh\u00e4use aus Edelstahl und Gelbgold PVD mit einem anmutigen &#8230; <a title=\"Balmain Ophrys 42.5mm\" class=\"read-more\" href=\"https:\/\/lediamant.ch\/de\/uhren\/219800-balmain-ophrys-42-5-mm-b43483355\/\" aria-label=\"Mehr Informationen \u00fcber Balmain Ophrys 42.5mm\">Weiterlesen &#8230;<\/a><\/p>\n","protected":false},"featured_media":219701,"template":"","meta":{"_acf_changed":false,"_seopress_robots_primary_cat":"27173","_seopress_titles_title":"","_seopress_titles_desc":"Entdecken Sie die Ophrys von Balmain, eine elegante Uhr, die modernes Design mit Pariser Haute Couture verbindet. Pure Raffinesse f\u00fcr den Alltag.","_seopress_robots_index":""},"brand":[27083],"product_brand":[],"product_cat":[27123,27173,27477],"product_tag":[],"class_list":{"0":"post-219800","1":"product","2":"type-product","3":"status-publish","4":"has-post-thumbnail","6":"brand-balmain-de","7":"product_cat-uhren","8":"product_cat-balmain-de","9":"product_cat-ophrys-de","10":"pa_couleurducadran-braun","11":"pa_etancheite-50m-de","12":"pa_forme-runden","13":"pa_genre-mann","14":"pa_matiere-zweifarbigstahlrosegoldpvd","15":"pa_matierebraceletmontre-edelstahl","16":"pa_mouvement-quarzbatterie-de","17":"pa_swissmade-ja-de","18":"pa_verre-saphir-de","19":"sales-flash-overlay","20":"woocommerce-text-align-center","21":"woocommerce-image-align-center","22":"do-quantity-buttons","24":"first","25":"instock","26":"taxable","27":"shipping-taxable","28":"purchasable","29":"product-type-simple"},"acf":[],"_links":{"self":[{"href":"https:\/\/lediamant.ch\/de\/wp-json\/wp\/v2\/product\/219800","targetHints":{"allow":["GET"]}}],"collection":[{"href":"https:\/\/lediamant.ch\/de\/wp-json\/wp\/v2\/product"}],"about":[{"href":"https:\/\/lediamant.ch\/de\/wp-json\/wp\/v2\/types\/product"}],"wp:featuredmedia":[{"embeddable":true,"href":"https:\/\/lediamant.ch\/de\/wp-json\/wp\/v2\/media\/219701"}],"wp:attachment":[{"href":"https:\/\/lediamant.ch\/de\/wp-json\/wp\/v2\/media?parent=219800"}],"wp:term":[{"taxonomy":"brand","embeddable":true,"href":"https:\/\/lediamant.ch\/de\/wp-json\/wp\/v2\/brand?post=219800"},{"taxonomy":"product_brand","embeddable":true,"href":"https:\/\/lediamant.ch\/de\/wp-json\/wp\/v2\/product_brand?post=219800"},{"taxonomy":"product_cat","embeddable":true,"href":"https:\/\/lediamant.ch\/de\/wp-json\/wp\/v2\/product_cat?post=219800"},{"taxonomy":"product_tag","embeddable":true,"href":"https:\/\/lediamant.ch\/de\/wp-json\/wp\/v2\/product_tag?post=219800"}],"curies":[{"name":"wp","href":"https:\/\/api.w.org\/{rel}","templated":true}]}}