{"id":219827,"date":"2025-09-25T09:45:41","date_gmt":"2025-09-25T07:45:41","guid":{"rendered":"https:\/\/lediamant.ch\/produit\/unkategorisiert\/balmain-madrigal-40-mm-3\/"},"modified":"2025-09-26T13:49:51","modified_gmt":"2025-09-26T11:49:51","slug":"balmain-madrigal-40-mm-3","status":"publish","type":"product","link":"https:\/\/lediamant.ch\/de\/uhren\/219827-balmain-madrigal-40-mm-b14683352\/","title":{"rendered":"Balmain Madrigal 40mm"},"content":{"rendered":"<p>Die Balmain Madrigal ist eine anmutige Herrenuhr, die zarte Eleganz mit einem modernen, von der Pariser Haute Couture inspirierten Design verbindet. mit einem modernen, von der Pariser Haute Couture inspirierten Design verbindet. Das schokoladenbraune Zifferblatt mit modernen r\u00f6mischen Ziffern verleiht der Uhr einen ausdrucksstarken Touch. Das zweifarbige 40 mm zweifarbige Geh\u00e4use aus Edelstahl und PVD Ros\u00e9gold mit einem robusten 7,43 mm Profil und einem passenden Armband bietet einen zeitlosen Stil f\u00fcr den Alltag. passenden Armband bietet einen zeitlosen Stil f\u00fcr den Alltag. Dieser Swiss Made Zeitmesser ist mit einem Saphirglas ausgestattet.<\/p>\n","protected":false},"excerpt":{"rendered":"<p>Die Balmain Madrigal ist eine anmutige Herrenuhr, die zarte Eleganz mit einem modernen, von der Pariser Haute Couture inspirierten Design verbindet. mit einem modernen, von der Pariser Haute Couture inspirierten Design verbindet. Das schokoladenbraune Zifferblatt mit modernen r\u00f6mischen Ziffern verleiht der Uhr einen ausdrucksstarken Touch. Das zweifarbige 40 mm zweifarbige Geh\u00e4use aus Edelstahl und PVD &#8230; <a title=\"Balmain Madrigal 40mm\" class=\"read-more\" href=\"https:\/\/lediamant.ch\/de\/uhren\/219827-balmain-madrigal-40-mm-b14683352\/\" aria-label=\"Mehr Informationen \u00fcber Balmain Madrigal 40mm\">Weiterlesen &#8230;<\/a><\/p>\n","protected":false},"featured_media":219724,"template":"","meta":{"_acf_changed":false,"_seopress_robots_primary_cat":"27173","_seopress_titles_title":"","_seopress_titles_desc":"Entdecken Sie die Eleganz der Balmain Madrigal Uhr, die mit ihrem von der Pariser Haute Couture inspirierten Design ein Symbol f\u00fcr Luxus ist.","_seopress_robots_index":""},"brand":[27083],"product_brand":[],"product_cat":[27173,27465,27123],"product_tag":[],"class_list":{"0":"post-219827","1":"product","2":"type-product","3":"status-publish","4":"has-post-thumbnail","6":"brand-balmain-de","7":"product_cat-balmain-de","8":"product_cat-madrigal-de","9":"product_cat-uhren","10":"pa_couleurducadran-braun","11":"pa_etancheite-50m-de","12":"pa_forme-runden","13":"pa_genre-mann","14":"pa_matiere-zweifarbigstahlrosegoldpvd","15":"pa_matierebraceletmontre-edelstahl","16":"pa_mouvement-quarzbatterie-de","17":"pa_swissmade-ja-de","18":"pa_verre-saphir-de","19":"sales-flash-overlay","20":"woocommerce-text-align-center","21":"woocommerce-image-align-center","22":"do-quantity-buttons","24":"first","25":"instock","26":"taxable","27":"shipping-taxable","28":"purchasable","29":"product-type-simple"},"acf":[],"_links":{"self":[{"href":"https:\/\/lediamant.ch\/de\/wp-json\/wp\/v2\/product\/219827","targetHints":{"allow":["GET"]}}],"collection":[{"href":"https:\/\/lediamant.ch\/de\/wp-json\/wp\/v2\/product"}],"about":[{"href":"https:\/\/lediamant.ch\/de\/wp-json\/wp\/v2\/types\/product"}],"wp:featuredmedia":[{"embeddable":true,"href":"https:\/\/lediamant.ch\/de\/wp-json\/wp\/v2\/media\/219724"}],"wp:attachment":[{"href":"https:\/\/lediamant.ch\/de\/wp-json\/wp\/v2\/media?parent=219827"}],"wp:term":[{"taxonomy":"brand","embeddable":true,"href":"https:\/\/lediamant.ch\/de\/wp-json\/wp\/v2\/brand?post=219827"},{"taxonomy":"product_brand","embeddable":true,"href":"https:\/\/lediamant.ch\/de\/wp-json\/wp\/v2\/product_brand?post=219827"},{"taxonomy":"product_cat","embeddable":true,"href":"https:\/\/lediamant.ch\/de\/wp-json\/wp\/v2\/product_cat?post=219827"},{"taxonomy":"product_tag","embeddable":true,"href":"https:\/\/lediamant.ch\/de\/wp-json\/wp\/v2\/product_tag?post=219827"}],"curies":[{"name":"wp","href":"https:\/\/api.w.org\/{rel}","templated":true}]}}