{"id":219850,"date":"2025-09-25T10:00:42","date_gmt":"2025-09-25T08:00:42","guid":{"rendered":"https:\/\/lediamant.ch\/produit\/unkategorisiert\/balmain-madrigal-40-mm-5\/"},"modified":"2025-09-26T14:03:03","modified_gmt":"2025-09-26T12:03:03","slug":"balmain-madrigal-40-mm-5","status":"publish","type":"product","link":"https:\/\/lediamant.ch\/de\/uhren\/219850-balmain-madrigal-40-mm-b14603362\/","title":{"rendered":"Balmain Madrigal 40mm"},"content":{"rendered":"<p>Die Balmain Madrigal ist eine kunstvolle Herrenuhr, die k\u00fchne Eleganz mit einem modernen, von der Pariser Haute Couture inspirierten Design verbindet. modernen, von der Pariser Haute Couture inspirierten Design verbindet. Das schwarze Zifferblatt und die modernen r\u00f6mischen Ziffern moderne r\u00f6mische Ziffern sorgen f\u00fcr einen vibrierenden Touch, w\u00e4hrend das 40 mm Gelbgold PVD Geh\u00e4use mit einem anmutigen 7,43 mm Profil und einem Armband aus Gelbgold PVD f\u00fcr den t\u00e4glichen Gebrauch sorgt. mit einem anmutigen 7,43 mm Profil und einem Armband aus Gelbgold PVD. sophistication for everyday. Dieser Swiss Made Zeitmesser ist mit einem Saphirglas ausgestattet.<\/p>\n","protected":false},"excerpt":{"rendered":"<p>Die Balmain Madrigal ist eine kunstvolle Herrenuhr, die k\u00fchne Eleganz mit einem modernen, von der Pariser Haute Couture inspirierten Design verbindet. modernen, von der Pariser Haute Couture inspirierten Design verbindet. Das schwarze Zifferblatt und die modernen r\u00f6mischen Ziffern moderne r\u00f6mische Ziffern sorgen f\u00fcr einen vibrierenden Touch, w\u00e4hrend das 40 mm Gelbgold PVD Geh\u00e4use mit einem &#8230; <a title=\"Balmain Madrigal 40mm\" class=\"read-more\" href=\"https:\/\/lediamant.ch\/de\/uhren\/219850-balmain-madrigal-40-mm-b14603362\/\" aria-label=\"Mehr Informationen \u00fcber Balmain Madrigal 40mm\">Weiterlesen &#8230;<\/a><\/p>\n","protected":false},"featured_media":219735,"template":"","meta":{"_acf_changed":false,"_seopress_robots_primary_cat":"27173","_seopress_titles_title":"","_seopress_titles_desc":"Entdecken Sie die Eleganz der Balmain Madrigal, einer Herrenuhr, die K\u00fchnheit mit modernem Design verbindet, das von der Pariser Haute Couture inspiriert wurde.","_seopress_robots_index":""},"brand":[27083],"product_brand":[],"product_cat":[27123,27173,27465],"product_tag":[],"class_list":{"0":"post-219850","1":"product","2":"type-product","3":"status-publish","4":"has-post-thumbnail","6":"brand-balmain-de","7":"product_cat-uhren","8":"product_cat-balmain-de","9":"product_cat-madrigal-de","10":"pa_couleurduboitier-gelb-de","11":"pa_couleurdubracelet-gelb-de","12":"pa_couleurducadran-schwarz","13":"pa_etancheite-50m-de","14":"pa_forme-runden","15":"pa_genre-mann","16":"pa_matiere-gelbgoldpvd","17":"pa_matierebraceletmontre-edelstahl","18":"pa_mouvement-quarzbatterie-de","19":"pa_swissmade-ja-de","20":"pa_verre-saphir-de","21":"sales-flash-overlay","22":"woocommerce-text-align-center","23":"woocommerce-image-align-center","24":"do-quantity-buttons","26":"first","27":"instock","28":"taxable","29":"shipping-taxable","30":"purchasable","31":"product-type-simple"},"acf":[],"_links":{"self":[{"href":"https:\/\/lediamant.ch\/de\/wp-json\/wp\/v2\/product\/219850","targetHints":{"allow":["GET"]}}],"collection":[{"href":"https:\/\/lediamant.ch\/de\/wp-json\/wp\/v2\/product"}],"about":[{"href":"https:\/\/lediamant.ch\/de\/wp-json\/wp\/v2\/types\/product"}],"wp:featuredmedia":[{"embeddable":true,"href":"https:\/\/lediamant.ch\/de\/wp-json\/wp\/v2\/media\/219735"}],"wp:attachment":[{"href":"https:\/\/lediamant.ch\/de\/wp-json\/wp\/v2\/media?parent=219850"}],"wp:term":[{"taxonomy":"brand","embeddable":true,"href":"https:\/\/lediamant.ch\/de\/wp-json\/wp\/v2\/brand?post=219850"},{"taxonomy":"product_brand","embeddable":true,"href":"https:\/\/lediamant.ch\/de\/wp-json\/wp\/v2\/product_brand?post=219850"},{"taxonomy":"product_cat","embeddable":true,"href":"https:\/\/lediamant.ch\/de\/wp-json\/wp\/v2\/product_cat?post=219850"},{"taxonomy":"product_tag","embeddable":true,"href":"https:\/\/lediamant.ch\/de\/wp-json\/wp\/v2\/product_tag?post=219850"}],"curies":[{"name":"wp","href":"https:\/\/api.w.org\/{rel}","templated":true}]}}