{"id":219859,"date":"2025-09-25T10:05:41","date_gmt":"2025-09-25T08:05:41","guid":{"rendered":"https:\/\/lediamant.ch\/produit\/unkategorisiert\/balmain-madrigal-42-mm-5\/"},"modified":"2025-09-26T14:07:48","modified_gmt":"2025-09-26T12:07:48","slug":"balmain-madrigal-42-mm-5","status":"publish","type":"product","link":"https:\/\/lediamant.ch\/de\/uhren\/219859-balmain-chrono-madrigal-42-mm-b74819272\/","title":{"rendered":"Balmain Chrono Madrigal 42mm"},"content":{"rendered":"<p>Die Balmain Madrigal ist eine elegante Herrenuhr, die Raffinesse mit einem modernen, von der Pariser Haute Couture inspirierten Design verbindet. modernen, von der Pariser Haute Couture inspirierten Design verbindet. Das tiefgr\u00fcne Zifferblatt mit drei Z\u00e4hlern und modernen r\u00f6mischen Ziffern verleiht einen Hauch von Selbstbewusstsein. modernen r\u00f6mischen Ziffern verleiht einen Hauch von Selbstbewusstsein, w\u00e4hrend das 42 mm Edelstahlgeh\u00e4use mit einem robusten 10,36 mm Profil und einem Nato-Zifferblatt einen Hauch von Eleganz verleiht. 42 mm Edelstahlgeh\u00e4use mit einem robusten 10,36 mm Profil und einem gr\u00fcnen Nato-Armband bietet alltagstaugliche Kultiviertheit. Dieser Swiss Made Zeitmesser ist mit einem Saphirglas ausgestattet.<\/p>\n","protected":false},"excerpt":{"rendered":"<p>Die Balmain Madrigal ist eine elegante Herrenuhr, die Raffinesse mit einem modernen, von der Pariser Haute Couture inspirierten Design verbindet. modernen, von der Pariser Haute Couture inspirierten Design verbindet. Das tiefgr\u00fcne Zifferblatt mit drei Z\u00e4hlern und modernen r\u00f6mischen Ziffern verleiht einen Hauch von Selbstbewusstsein. modernen r\u00f6mischen Ziffern verleiht einen Hauch von Selbstbewusstsein, w\u00e4hrend das 42 &#8230; <a title=\"Balmain Chrono Madrigal 42mm\" class=\"read-more\" href=\"https:\/\/lediamant.ch\/de\/uhren\/219859-balmain-chrono-madrigal-42-mm-b74819272\/\" aria-label=\"Mehr Informationen \u00fcber Balmain Chrono Madrigal 42mm\">Weiterlesen &#8230;<\/a><\/p>\n","protected":false},"featured_media":219738,"template":"","meta":{"_acf_changed":false,"_seopress_robots_primary_cat":"27173","_seopress_titles_title":"","_seopress_titles_desc":"Entdecken Sie die Balmain Madrigal Uhr: Pariser Eleganz, modernes Design, gr\u00fcnes Zifferblatt und Nato-Armband f\u00fcr einen starken Stil. Swiss Made.","_seopress_robots_index":""},"brand":[27083],"product_brand":[],"product_cat":[27173,27465,27123],"product_tag":[],"class_list":{"0":"post-219859","1":"product","2":"type-product","3":"status-publish","4":"has-post-thumbnail","6":"brand-balmain-de","7":"product_cat-balmain-de","8":"product_cat-madrigal-de","9":"product_cat-uhren","10":"pa_couleurducadran-grun","11":"pa_etancheite-50m-de","12":"pa_forme-runden","13":"pa_genre-mann","14":"pa_matiere-stahl","15":"pa_matierebraceletmontre-nato-de","16":"pa_mouvement-quarzbatterie-de","17":"pa_swissmade-ja-de","18":"pa_typedemontre-chronograph-de","19":"pa_verre-saphir-de","20":"sales-flash-overlay","21":"woocommerce-text-align-center","22":"woocommerce-image-align-center","23":"do-quantity-buttons","25":"first","26":"instock","27":"taxable","28":"shipping-taxable","29":"purchasable","30":"product-type-simple"},"acf":[],"_links":{"self":[{"href":"https:\/\/lediamant.ch\/de\/wp-json\/wp\/v2\/product\/219859","targetHints":{"allow":["GET"]}}],"collection":[{"href":"https:\/\/lediamant.ch\/de\/wp-json\/wp\/v2\/product"}],"about":[{"href":"https:\/\/lediamant.ch\/de\/wp-json\/wp\/v2\/types\/product"}],"wp:featuredmedia":[{"embeddable":true,"href":"https:\/\/lediamant.ch\/de\/wp-json\/wp\/v2\/media\/219738"}],"wp:attachment":[{"href":"https:\/\/lediamant.ch\/de\/wp-json\/wp\/v2\/media?parent=219859"}],"wp:term":[{"taxonomy":"brand","embeddable":true,"href":"https:\/\/lediamant.ch\/de\/wp-json\/wp\/v2\/brand?post=219859"},{"taxonomy":"product_brand","embeddable":true,"href":"https:\/\/lediamant.ch\/de\/wp-json\/wp\/v2\/product_brand?post=219859"},{"taxonomy":"product_cat","embeddable":true,"href":"https:\/\/lediamant.ch\/de\/wp-json\/wp\/v2\/product_cat?post=219859"},{"taxonomy":"product_tag","embeddable":true,"href":"https:\/\/lediamant.ch\/de\/wp-json\/wp\/v2\/product_tag?post=219859"}],"curies":[{"name":"wp","href":"https:\/\/api.w.org\/{rel}","templated":true}]}}