{"id":219865,"date":"2025-09-25T10:15:40","date_gmt":"2025-09-25T08:15:40","guid":{"rendered":"https:\/\/lediamant.ch\/produit\/unkategorisiert\/balmain-madrigal-42-mm-7\/"},"modified":"2025-09-26T14:16:10","modified_gmt":"2025-09-26T12:16:10","slug":"balmain-madrigal-42-mm-7","status":"publish","type":"product","link":"https:\/\/lediamant.ch\/de\/uhren\/219865-balmain-chrono-madrigal-42-mm-b74803164\/","title":{"rendered":"Balmain Chrono Madrigal 42mm"},"content":{"rendered":"<p>Die Balmain Madrigal ist eine elegante Herrenuhr, die Raffinesse mit einem modernen, von der Pariser Haute Couture inspirierten Design verbindet. modernen, von der Pariser Haute Couture inspirierten Design verbindet. Das schwarze Zifferblatt mit drei Z\u00e4hlern und Z\u00e4hlern und arabischen Ziffern verleiht der Uhr einen ausdrucksstarken Touch, w\u00e4hrend das 42 mm Gelbgold PVD Geh\u00e4use mit einem 10,36 mm schlanken Profil und ein 42 mm Gelbgold PVD Wabenmuster Zifferblatt mit einem 10,36 mm schlanken Profil und ein schwarz-goldenes Nato-Armband f\u00fcr allt\u00e4gliche Raffinesse sorgen. sorgen f\u00fcr allt\u00e4gliche Raffinesse. Dieser Swiss Made Zeitmesser ist mit einem Saphirglas ausgestattet.<\/p>\n","protected":false},"excerpt":{"rendered":"<p>Die Balmain Madrigal ist eine elegante Herrenuhr, die Raffinesse mit einem modernen, von der Pariser Haute Couture inspirierten Design verbindet. modernen, von der Pariser Haute Couture inspirierten Design verbindet. Das schwarze Zifferblatt mit drei Z\u00e4hlern und Z\u00e4hlern und arabischen Ziffern verleiht der Uhr einen ausdrucksstarken Touch, w\u00e4hrend das 42 mm Gelbgold PVD Geh\u00e4use mit einem &#8230; <a title=\"Balmain Chrono Madrigal 42mm\" class=\"read-more\" href=\"https:\/\/lediamant.ch\/de\/uhren\/219865-balmain-chrono-madrigal-42-mm-b74803164\/\" aria-label=\"Mehr Informationen \u00fcber Balmain Chrono Madrigal 42mm\">Weiterlesen &#8230;<\/a><\/p>\n","protected":false},"featured_media":219744,"template":"","meta":{"_acf_changed":false,"_seopress_robots_primary_cat":"27173","_seopress_titles_title":"","_seopress_titles_desc":"Eleganz und Modernit\u00e4t mit der Balmain Madrigal Uhr, die von der Pariser Haute Couture inspiriert ist. Ein Must-have f\u00fcr den raffinierten Mann.","_seopress_robots_index":""},"brand":[27083],"product_brand":[],"product_cat":[27173,27465,27123],"product_tag":[],"class_list":{"0":"post-219865","1":"product","2":"type-product","3":"status-publish","4":"has-post-thumbnail","6":"brand-balmain-de","7":"product_cat-balmain-de","8":"product_cat-madrigal-de","9":"product_cat-uhren","10":"pa_couleurducadran-schwarz","11":"pa_etancheite-50m-de","12":"pa_forme-runden","13":"pa_genre-mann","14":"pa_matiere-gelbgoldpvd","15":"pa_matierebraceletmontre-nato-de","16":"pa_mouvement-quarzbatterie-de","17":"pa_swissmade-ja-de","18":"pa_typedemontre-chronograph-de","19":"pa_verre-saphir-de","20":"sales-flash-overlay","21":"woocommerce-text-align-center","22":"woocommerce-image-align-center","23":"do-quantity-buttons","25":"first","26":"instock","27":"taxable","28":"shipping-taxable","29":"purchasable","30":"product-type-simple"},"acf":[],"_links":{"self":[{"href":"https:\/\/lediamant.ch\/de\/wp-json\/wp\/v2\/product\/219865","targetHints":{"allow":["GET"]}}],"collection":[{"href":"https:\/\/lediamant.ch\/de\/wp-json\/wp\/v2\/product"}],"about":[{"href":"https:\/\/lediamant.ch\/de\/wp-json\/wp\/v2\/types\/product"}],"wp:featuredmedia":[{"embeddable":true,"href":"https:\/\/lediamant.ch\/de\/wp-json\/wp\/v2\/media\/219744"}],"wp:attachment":[{"href":"https:\/\/lediamant.ch\/de\/wp-json\/wp\/v2\/media?parent=219865"}],"wp:term":[{"taxonomy":"brand","embeddable":true,"href":"https:\/\/lediamant.ch\/de\/wp-json\/wp\/v2\/brand?post=219865"},{"taxonomy":"product_brand","embeddable":true,"href":"https:\/\/lediamant.ch\/de\/wp-json\/wp\/v2\/product_brand?post=219865"},{"taxonomy":"product_cat","embeddable":true,"href":"https:\/\/lediamant.ch\/de\/wp-json\/wp\/v2\/product_cat?post=219865"},{"taxonomy":"product_tag","embeddable":true,"href":"https:\/\/lediamant.ch\/de\/wp-json\/wp\/v2\/product_tag?post=219865"}],"curies":[{"name":"wp","href":"https:\/\/api.w.org\/{rel}","templated":true}]}}