{"id":219872,"date":"2025-09-25T10:25:40","date_gmt":"2025-09-25T08:25:40","guid":{"rendered":"https:\/\/lediamant.ch\/produit\/unkategorisiert\/balmain-ophrys-42-50-mm-7\/"},"modified":"2025-09-26T14:27:52","modified_gmt":"2025-09-26T12:27:52","slug":"balmain-ophrys-42-50-mm-7","status":"publish","type":"product","link":"https:\/\/lediamant.ch\/de\/uhren\/219872-balmain-ophrys-42-5-mm-b43473265\/","title":{"rendered":"Balmain Ophrys 42.5mm"},"content":{"rendered":"<p>Die Ophrys von Balmain ist eine raffinierte Herrenuhr, die k\u00fchne Eleganz mit einem modernen Design verbindet, das von der Pariser Haute Couture inspiriert ist. Das schwarze Zifferblatt mit minimalistischen Linien verleiht der Uhr einen ausdrucksstarken Touch. Das 42,50 mm Edelstahlgeh\u00e4use mit einem robusten 10,00 mm Profil und einem schwarzen Kautschukzifferblatt verleiht einen ausdrucksstarken Touch. Das 10,00 mm gro\u00dfe Zifferblatt und das schwarze Kautschukarmband sorgen f\u00fcr allt\u00e4gliche Eleganz. Dieser Zeitmesser Swiss Dieser Zeitmesser aus Schweizer Produktion ist mit einem Saphirglas ausgestattet.<\/p>\n","protected":false},"excerpt":{"rendered":"<p>Die Ophrys von Balmain ist eine raffinierte Herrenuhr, die k\u00fchne Eleganz mit einem modernen Design verbindet, das von der Pariser Haute Couture inspiriert ist. Das schwarze Zifferblatt mit minimalistischen Linien verleiht der Uhr einen ausdrucksstarken Touch. Das 42,50 mm Edelstahlgeh\u00e4use mit einem robusten 10,00 mm Profil und einem schwarzen Kautschukzifferblatt verleiht einen ausdrucksstarken Touch. Das &#8230; <a title=\"Balmain Ophrys 42.5mm\" class=\"read-more\" href=\"https:\/\/lediamant.ch\/de\/uhren\/219872-balmain-ophrys-42-5-mm-b43473265\/\" aria-label=\"Mehr Informationen \u00fcber Balmain Ophrys 42.5mm\">Weiterlesen &#8230;<\/a><\/p>\n","protected":false},"featured_media":219750,"template":"","meta":{"_acf_changed":false,"_seopress_robots_primary_cat":"27173","_seopress_titles_title":"","_seopress_titles_desc":"Entdecken Sie die Ophrys von Balmain, die Herrenuhr, die k\u00fchne Eleganz und Haute Couture Design vereint. Eine Raffinesse f\u00fcr jeden Tag.","_seopress_robots_index":""},"brand":[27083],"product_brand":[],"product_cat":[27173,27477,27123],"product_tag":[],"class_list":{"0":"post-219872","1":"product","2":"type-product","3":"status-publish","4":"has-post-thumbnail","6":"brand-balmain-de","7":"product_cat-balmain-de","8":"product_cat-ophrys-de","9":"product_cat-uhren","10":"pa_couleurducadran-schwarz","11":"pa_etancheite-50m-de","12":"pa_forme-runden","13":"pa_genre-mann","14":"pa_matiere-stahl","15":"pa_matierebraceletmontre-kautschuk","16":"pa_mouvement-quarzbatterie-de","17":"pa_swissmade-ja-de","18":"pa_verre-saphir-de","19":"sales-flash-overlay","20":"woocommerce-text-align-center","21":"woocommerce-image-align-center","22":"do-quantity-buttons","24":"first","25":"instock","26":"taxable","27":"shipping-taxable","28":"purchasable","29":"product-type-simple"},"acf":[],"_links":{"self":[{"href":"https:\/\/lediamant.ch\/de\/wp-json\/wp\/v2\/product\/219872","targetHints":{"allow":["GET"]}}],"collection":[{"href":"https:\/\/lediamant.ch\/de\/wp-json\/wp\/v2\/product"}],"about":[{"href":"https:\/\/lediamant.ch\/de\/wp-json\/wp\/v2\/types\/product"}],"wp:featuredmedia":[{"embeddable":true,"href":"https:\/\/lediamant.ch\/de\/wp-json\/wp\/v2\/media\/219750"}],"wp:attachment":[{"href":"https:\/\/lediamant.ch\/de\/wp-json\/wp\/v2\/media?parent=219872"}],"wp:term":[{"taxonomy":"brand","embeddable":true,"href":"https:\/\/lediamant.ch\/de\/wp-json\/wp\/v2\/brand?post=219872"},{"taxonomy":"product_brand","embeddable":true,"href":"https:\/\/lediamant.ch\/de\/wp-json\/wp\/v2\/product_brand?post=219872"},{"taxonomy":"product_cat","embeddable":true,"href":"https:\/\/lediamant.ch\/de\/wp-json\/wp\/v2\/product_cat?post=219872"},{"taxonomy":"product_tag","embeddable":true,"href":"https:\/\/lediamant.ch\/de\/wp-json\/wp\/v2\/product_tag?post=219872"}],"curies":[{"name":"wp","href":"https:\/\/api.w.org\/{rel}","templated":true}]}}