{"id":219874,"date":"2025-09-25T10:30:41","date_gmt":"2025-09-25T08:30:41","guid":{"rendered":"https:\/\/lediamant.ch\/produit\/unkategorisiert\/balmain-madrigal-42-mm-9\/"},"modified":"2025-09-26T14:32:32","modified_gmt":"2025-09-26T12:32:32","slug":"balmain-madrigal-42-mm-9","status":"publish","type":"product","link":"https:\/\/lediamant.ch\/de\/uhren\/219874-balmain-chrono-madrigal-42-mm-b74885252\/","title":{"rendered":"Balmain Chrono Madrigal 42mm"},"content":{"rendered":"<p>Die Balmain Chrono Madrigal ist eine elegante Herrenuhr, die einen leuchtenden Charme mit einem modernen, von der Pariser Haute Couture inspirierten Design verbindet. modernen, von der Pariser Haute Couture inspirierten Design verbindet. Das schokoladenbraune Zifferblatt mit drei Z\u00e4hlern mit drei Z\u00e4hlern und modernen r\u00f6mischen Ziffern sorgt f\u00fcr einen vibrierenden Touch, w\u00e4hrend das 42 mm zweifarbige Geh\u00e4use aus Edelstahl und Ros\u00e9gold PVD mit einem 42 mm zweifarbigen Edelstahl und Ros\u00e9gold PVD mit einem raffinierten 10,36 mm Profil und schokoladenbraunem Natoarmband bietet Raffinesse f\u00fcr den Alltag. Dieser Zeitmesser aus Schweizer Produktion ist mit einem Saphirglas ausgestattet.<\/p>\n","protected":false},"excerpt":{"rendered":"<p>Die Balmain Chrono Madrigal ist eine elegante Herrenuhr, die einen leuchtenden Charme mit einem modernen, von der Pariser Haute Couture inspirierten Design verbindet. modernen, von der Pariser Haute Couture inspirierten Design verbindet. Das schokoladenbraune Zifferblatt mit drei Z\u00e4hlern mit drei Z\u00e4hlern und modernen r\u00f6mischen Ziffern sorgt f\u00fcr einen vibrierenden Touch, w\u00e4hrend das 42 mm zweifarbige &#8230; <a title=\"Balmain Chrono Madrigal 42mm\" class=\"read-more\" href=\"https:\/\/lediamant.ch\/de\/uhren\/219874-balmain-chrono-madrigal-42-mm-b74885252\/\" aria-label=\"Mehr Informationen \u00fcber Balmain Chrono Madrigal 42mm\">Weiterlesen &#8230;<\/a><\/p>\n","protected":false},"featured_media":219753,"template":"","meta":{"_acf_changed":false,"_seopress_robots_primary_cat":"27173","_seopress_titles_title":"","_seopress_titles_desc":"Eleganz und Modernit\u00e4t mit der Balmain Madrigal, einer Schweizer Herrenuhr mit einem Design, das von der Pariser Haute Couture inspiriert ist.","_seopress_robots_index":""},"brand":[27083],"product_brand":[],"product_cat":[27173,27465,27123],"product_tag":[],"class_list":{"0":"post-219874","1":"product","2":"type-product","3":"status-publish","4":"has-post-thumbnail","6":"brand-balmain-de","7":"product_cat-balmain-de","8":"product_cat-madrigal-de","9":"product_cat-uhren","10":"pa_couleurducadran-braun","11":"pa_etancheite-50m-de","12":"pa_forme-runden","13":"pa_genre-mann","14":"pa_matiere-zweifarbigstahlrosegoldpvd","15":"pa_matierebraceletmontre-nato-de","16":"pa_mouvement-quarzbatterie-de","17":"pa_swissmade-ja-de","18":"pa_typedemontre-chronograph-de","19":"pa_verre-saphir-de","20":"sales-flash-overlay","21":"woocommerce-text-align-center","22":"woocommerce-image-align-center","23":"do-quantity-buttons","25":"first","26":"instock","27":"taxable","28":"shipping-taxable","29":"purchasable","30":"product-type-simple"},"acf":[],"_links":{"self":[{"href":"https:\/\/lediamant.ch\/de\/wp-json\/wp\/v2\/product\/219874","targetHints":{"allow":["GET"]}}],"collection":[{"href":"https:\/\/lediamant.ch\/de\/wp-json\/wp\/v2\/product"}],"about":[{"href":"https:\/\/lediamant.ch\/de\/wp-json\/wp\/v2\/types\/product"}],"wp:featuredmedia":[{"embeddable":true,"href":"https:\/\/lediamant.ch\/de\/wp-json\/wp\/v2\/media\/219753"}],"wp:attachment":[{"href":"https:\/\/lediamant.ch\/de\/wp-json\/wp\/v2\/media?parent=219874"}],"wp:term":[{"taxonomy":"brand","embeddable":true,"href":"https:\/\/lediamant.ch\/de\/wp-json\/wp\/v2\/brand?post=219874"},{"taxonomy":"product_brand","embeddable":true,"href":"https:\/\/lediamant.ch\/de\/wp-json\/wp\/v2\/product_brand?post=219874"},{"taxonomy":"product_cat","embeddable":true,"href":"https:\/\/lediamant.ch\/de\/wp-json\/wp\/v2\/product_cat?post=219874"},{"taxonomy":"product_tag","embeddable":true,"href":"https:\/\/lediamant.ch\/de\/wp-json\/wp\/v2\/product_tag?post=219874"}],"curies":[{"name":"wp","href":"https:\/\/api.w.org\/{rel}","templated":true}]}}