{"id":219882,"date":"2025-09-25T10:50:40","date_gmt":"2025-09-25T08:50:40","guid":{"rendered":"https:\/\/lediamant.ch\/produit\/unkategorisiert\/balmain-classic-r-41-mm-4\/"},"modified":"2025-09-26T14:48:09","modified_gmt":"2025-09-26T12:48:09","slug":"balmain-classic-r-41-mm-4","status":"publish","type":"product","link":"https:\/\/lediamant.ch\/de\/uhren\/219882-balmain-classic-r-41-mm-b41003171\/","title":{"rendered":"Balmain Classic R 41mm"},"content":{"rendered":"<p>Die Balmain Classic R ist eine elegante Herrenuhr mit einem modernen Design, das von der Welt der Pariser Haute Couture inspiriert ist. Die Balmain Classic R ist eine elegante Herrenuhr mit einem modernen Design, das von der Welt der Pariser Haute Couture inspiriert ist. Das dunkel khakigr\u00fcne Zifferblatt und die modernen r\u00f6mischen Ziffern verleihen der Uhr einen sanften und distinguierten Touch. Das 41 mm Gelbgold-PVD-Geh\u00e4use mit seinem schlichten 7,17 mm Profil und dem passenden Armband verleiht der Uhr einen sanften und distinguierten Touch. Das 41 mm Gelbgold-PVD-Geh\u00e4use mit seinem schlichten 7,17 mm Profil und dem passenden Armband verleiht der Uhr eine raffinierte Raffinesse f\u00fcr den Alltag. Dieser in der Schweiz hergestellte Zeitmesser ist mit einem Saphirglas ausgestattet.<\/p>\n","protected":false},"excerpt":{"rendered":"<p>Die Balmain Classic R ist eine elegante Herrenuhr mit einem modernen Design, das von der Welt der Pariser Haute Couture inspiriert ist. Die Balmain Classic R ist eine elegante Herrenuhr mit einem modernen Design, das von der Welt der Pariser Haute Couture inspiriert ist. Das dunkel khakigr\u00fcne Zifferblatt und die modernen r\u00f6mischen Ziffern verleihen der &#8230; <a title=\"Balmain Classic R 41mm\" class=\"read-more\" href=\"https:\/\/lediamant.ch\/de\/uhren\/219882-balmain-classic-r-41-mm-b41003171\/\" aria-label=\"Mehr Informationen \u00fcber Balmain Classic R 41mm\">Weiterlesen &#8230;<\/a><\/p>\n","protected":false},"featured_media":219765,"template":"","meta":{"_acf_changed":false,"_seopress_robots_primary_cat":"27173","_seopress_titles_title":"","_seopress_titles_desc":"Entdecken Sie die Eleganz der Balmain Classic R, einer Herrenuhr, die Pariser Haute Couture mit allt\u00e4glichem Luxus verbindet.","_seopress_robots_index":""},"brand":[27083],"product_brand":[],"product_cat":[27173,27433,27123],"product_tag":[],"class_list":{"0":"post-219882","1":"product","2":"type-product","3":"status-publish","4":"has-post-thumbnail","6":"brand-balmain-de","7":"product_cat-balmain-de","8":"product_cat-classic-r-de","9":"product_cat-uhren","10":"pa_couleurduboitier-gelb-de","11":"pa_couleurdubracelet-gelb-de","12":"pa_couleurducadran-grun","13":"pa_etancheite-50m-de","14":"pa_forme-runden","15":"pa_genre-mann","16":"pa_matiere-gelbgoldpvd","17":"pa_matierebraceletmontre-edelstahl","18":"pa_mouvement-quarzbatterie-de","19":"pa_swissmade-ja-de","20":"pa_verre-saphir-de","21":"sales-flash-overlay","22":"woocommerce-text-align-center","23":"woocommerce-image-align-center","24":"do-quantity-buttons","26":"first","27":"instock","28":"taxable","29":"shipping-taxable","30":"purchasable","31":"product-type-simple"},"acf":[],"_links":{"self":[{"href":"https:\/\/lediamant.ch\/de\/wp-json\/wp\/v2\/product\/219882","targetHints":{"allow":["GET"]}}],"collection":[{"href":"https:\/\/lediamant.ch\/de\/wp-json\/wp\/v2\/product"}],"about":[{"href":"https:\/\/lediamant.ch\/de\/wp-json\/wp\/v2\/types\/product"}],"wp:featuredmedia":[{"embeddable":true,"href":"https:\/\/lediamant.ch\/de\/wp-json\/wp\/v2\/media\/219765"}],"wp:attachment":[{"href":"https:\/\/lediamant.ch\/de\/wp-json\/wp\/v2\/media?parent=219882"}],"wp:term":[{"taxonomy":"brand","embeddable":true,"href":"https:\/\/lediamant.ch\/de\/wp-json\/wp\/v2\/brand?post=219882"},{"taxonomy":"product_brand","embeddable":true,"href":"https:\/\/lediamant.ch\/de\/wp-json\/wp\/v2\/product_brand?post=219882"},{"taxonomy":"product_cat","embeddable":true,"href":"https:\/\/lediamant.ch\/de\/wp-json\/wp\/v2\/product_cat?post=219882"},{"taxonomy":"product_tag","embeddable":true,"href":"https:\/\/lediamant.ch\/de\/wp-json\/wp\/v2\/product_tag?post=219882"}],"curies":[{"name":"wp","href":"https:\/\/api.w.org\/{rel}","templated":true}]}}