{"id":219887,"date":"2025-09-25T11:00:41","date_gmt":"2025-09-25T09:00:41","guid":{"rendered":"https:\/\/lediamant.ch\/produit\/unkategorisiert\/balmain-ophrys-42-50-mm-8\/"},"modified":"2025-09-26T14:54:47","modified_gmt":"2025-09-26T12:54:47","slug":"balmain-ophrys-42-50-mm-8","status":"publish","type":"product","link":"https:\/\/lediamant.ch\/de\/uhren\/219887-balmain-ophrys-42-5-mm-b43473365\/","title":{"rendered":"Balmain Ophrys 42.5mm"},"content":{"rendered":"<p>Die Balmain Ophrys ist eine elegante Herrenuhr, die einen hellen Stil mit einem modernen Design kombiniert, das von der Pariser Haute Couture inspiriert ist. Das schwarze Zifferblatt mit minimalistischen Linien verleiht der Uhr einen vibrierenden Touch. Das 42,50 mm gro\u00dfe Edelstahlgeh\u00e4use mit einem raffinierten 10,00 mm Profil und einem 10,00 mm gro\u00dfen Edelstahlzifferblatt verleiht einen vibrierenden Touch. 10,00 mm und ein Edelstahlarmband sorgen f\u00fcr t\u00e4gliche Eleganz. Dieser Swiss Made Zeitmesser ist mit einem Saphirglas ausgestattet.<\/p>\n","protected":false},"excerpt":{"rendered":"<p>Die Balmain Ophrys ist eine elegante Herrenuhr, die einen hellen Stil mit einem modernen Design kombiniert, das von der Pariser Haute Couture inspiriert ist. Das schwarze Zifferblatt mit minimalistischen Linien verleiht der Uhr einen vibrierenden Touch. Das 42,50 mm gro\u00dfe Edelstahlgeh\u00e4use mit einem raffinierten 10,00 mm Profil und einem 10,00 mm gro\u00dfen Edelstahlzifferblatt verleiht einen &#8230; <a title=\"Balmain Ophrys 42.5mm\" class=\"read-more\" href=\"https:\/\/lediamant.ch\/de\/uhren\/219887-balmain-ophrys-42-5-mm-b43473365\/\" aria-label=\"Mehr Informationen \u00fcber Balmain Ophrys 42.5mm\">Weiterlesen &#8230;<\/a><\/p>\n","protected":false},"featured_media":219771,"template":"","meta":{"_acf_changed":false,"_seopress_robots_primary_cat":"27173","_seopress_titles_title":"","_seopress_titles_desc":"Eleganz und Modernit\u00e4t mit der Balmain Ophrys, einer Pariser Haute Couture Herrenuhr aus Edelstahl und Saphirglas.","_seopress_robots_index":""},"brand":[27083],"product_brand":[],"product_cat":[27173,27477,27123],"product_tag":[],"class_list":{"0":"post-219887","1":"product","2":"type-product","3":"status-publish","4":"has-post-thumbnail","6":"brand-balmain-de","7":"product_cat-balmain-de","8":"product_cat-ophrys-de","9":"product_cat-uhren","10":"pa_couleurducadran-schwarz","11":"pa_etancheite-50m-de","12":"pa_forme-runden","13":"pa_genre-mann","14":"pa_matiere-stahl","15":"pa_matierebraceletmontre-edelstahl","16":"pa_mouvement-quarzbatterie-de","17":"pa_swissmade-ja-de","18":"pa_verre-saphir-de","19":"sales-flash-overlay","20":"woocommerce-text-align-center","21":"woocommerce-image-align-center","22":"do-quantity-buttons","24":"first","25":"instock","26":"taxable","27":"shipping-taxable","28":"purchasable","29":"product-type-simple"},"acf":[],"_links":{"self":[{"href":"https:\/\/lediamant.ch\/de\/wp-json\/wp\/v2\/product\/219887","targetHints":{"allow":["GET"]}}],"collection":[{"href":"https:\/\/lediamant.ch\/de\/wp-json\/wp\/v2\/product"}],"about":[{"href":"https:\/\/lediamant.ch\/de\/wp-json\/wp\/v2\/types\/product"}],"wp:featuredmedia":[{"embeddable":true,"href":"https:\/\/lediamant.ch\/de\/wp-json\/wp\/v2\/media\/219771"}],"wp:attachment":[{"href":"https:\/\/lediamant.ch\/de\/wp-json\/wp\/v2\/media?parent=219887"}],"wp:term":[{"taxonomy":"brand","embeddable":true,"href":"https:\/\/lediamant.ch\/de\/wp-json\/wp\/v2\/brand?post=219887"},{"taxonomy":"product_brand","embeddable":true,"href":"https:\/\/lediamant.ch\/de\/wp-json\/wp\/v2\/product_brand?post=219887"},{"taxonomy":"product_cat","embeddable":true,"href":"https:\/\/lediamant.ch\/de\/wp-json\/wp\/v2\/product_cat?post=219887"},{"taxonomy":"product_tag","embeddable":true,"href":"https:\/\/lediamant.ch\/de\/wp-json\/wp\/v2\/product_tag?post=219887"}],"curies":[{"name":"wp","href":"https:\/\/api.w.org\/{rel}","templated":true}]}}