{"id":219889,"date":"2025-09-25T11:05:42","date_gmt":"2025-09-25T09:05:42","guid":{"rendered":"https:\/\/lediamant.ch\/produit\/unkategorisiert\/balmain-classic-r-41-mm-5\/"},"modified":"2025-09-26T14:58:07","modified_gmt":"2025-09-26T12:58:07","slug":"balmain-classic-r-41-mm-5","status":"publish","type":"product","link":"https:\/\/lediamant.ch\/de\/uhren\/219889-balmain-classic-r-41-mm-b41013161\/","title":{"rendered":"Balmain Classic R 41mm"},"content":{"rendered":"<p>Die Balmain Classic R ist eine k\u00fcnstlerische Herrenuhr, die einen hellen Stil mit einem modernen Design verbindet, das von der Kreativit\u00e4t der Pariser Haute Couture inspiriert wurde. ein modernes Design, das von der Kreativit\u00e4t der Pariser Haute Couture inspiriert wurde. Das graue Zifferblatt, das mittelgraue Zifferblatt und die modernen r\u00f6mischen Ziffern verleihen der Uhr einen vibrierenden und raffinierten Touch. Das 41 mm Edelstahlgeh\u00e4use mit einem schlanken Profil von 7,17 mm und das passende Armband bieten Raffinesse f\u00fcr jeden Tag. Dieser Swiss Made Zeitmesser ist mit einem Saphirglas ausgestattet.<\/p>\n","protected":false},"excerpt":{"rendered":"<p>Die Balmain Classic R ist eine k\u00fcnstlerische Herrenuhr, die einen hellen Stil mit einem modernen Design verbindet, das von der Kreativit\u00e4t der Pariser Haute Couture inspiriert wurde. ein modernes Design, das von der Kreativit\u00e4t der Pariser Haute Couture inspiriert wurde. Das graue Zifferblatt, das mittelgraue Zifferblatt und die modernen r\u00f6mischen Ziffern verleihen der Uhr einen &#8230; <a title=\"Balmain Classic R 41mm\" class=\"read-more\" href=\"https:\/\/lediamant.ch\/de\/uhren\/219889-balmain-classic-r-41-mm-b41013161\/\" aria-label=\"Mehr Informationen \u00fcber Balmain Classic R 41mm\">Weiterlesen &#8230;<\/a><\/p>\n","protected":false},"featured_media":219774,"template":"","meta":{"_acf_changed":false,"_seopress_robots_primary_cat":"27173","_seopress_titles_title":"","_seopress_titles_desc":"Entdecken Sie Stil und Raffinesse mit der Balmain Classic R: eine Herrenuhr, die von der Pariser Haute Couture inspiriert wurde. T\u00e4gliche Eleganz garantiert.","_seopress_robots_index":""},"brand":[27083],"product_brand":[],"product_cat":[27123,27173,27433],"product_tag":[],"class_list":{"0":"post-219889","1":"product","2":"type-product","3":"status-publish","4":"has-post-thumbnail","6":"brand-balmain-de","7":"product_cat-uhren","8":"product_cat-balmain-de","9":"product_cat-classic-r-de","10":"pa_couleurducadran-grau","11":"pa_etancheite-50m-de","12":"pa_forme-runden","13":"pa_genre-mann","14":"pa_matiere-stahl","15":"pa_matierebraceletmontre-edelstahl","16":"pa_mouvement-quarzbatterie-de","17":"pa_swissmade-ja-de","18":"pa_verre-saphir-de","19":"sales-flash-overlay","20":"woocommerce-text-align-center","21":"woocommerce-image-align-center","22":"do-quantity-buttons","24":"first","25":"instock","26":"taxable","27":"shipping-taxable","28":"purchasable","29":"product-type-simple"},"acf":[],"_links":{"self":[{"href":"https:\/\/lediamant.ch\/de\/wp-json\/wp\/v2\/product\/219889","targetHints":{"allow":["GET"]}}],"collection":[{"href":"https:\/\/lediamant.ch\/de\/wp-json\/wp\/v2\/product"}],"about":[{"href":"https:\/\/lediamant.ch\/de\/wp-json\/wp\/v2\/types\/product"}],"wp:featuredmedia":[{"embeddable":true,"href":"https:\/\/lediamant.ch\/de\/wp-json\/wp\/v2\/media\/219774"}],"wp:attachment":[{"href":"https:\/\/lediamant.ch\/de\/wp-json\/wp\/v2\/media?parent=219889"}],"wp:term":[{"taxonomy":"brand","embeddable":true,"href":"https:\/\/lediamant.ch\/de\/wp-json\/wp\/v2\/brand?post=219889"},{"taxonomy":"product_brand","embeddable":true,"href":"https:\/\/lediamant.ch\/de\/wp-json\/wp\/v2\/product_brand?post=219889"},{"taxonomy":"product_cat","embeddable":true,"href":"https:\/\/lediamant.ch\/de\/wp-json\/wp\/v2\/product_cat?post=219889"},{"taxonomy":"product_tag","embeddable":true,"href":"https:\/\/lediamant.ch\/de\/wp-json\/wp\/v2\/product_tag?post=219889"}],"curies":[{"name":"wp","href":"https:\/\/api.w.org\/{rel}","templated":true}]}}