{"id":219896,"date":"2025-09-26T13:36:49","date_gmt":"2025-09-26T11:36:49","guid":{"rendered":"https:\/\/lediamant.ch\/produit\/unkategorisiert\/balmain-classic-r-41-mm-8\/"},"modified":"2025-09-26T15:22:13","modified_gmt":"2025-09-26T13:22:13","slug":"balmain-classic-r-41-mm-8","status":"publish","type":"product","link":"https:\/\/lediamant.ch\/de\/uhren\/219896-balmain-classic-r-41-mm-b41023171\/","title":{"rendered":"Balmain Classic R 41mm"},"content":{"rendered":"<p>Die Balmain Classic R ist eine anmutige Herrenuhr mit einem modernen Design, das von der Pariser Haute Couture inspiriert ist. von der Pariser Haute Couture inspiriert ist. Das hell mittelgraue Zifferblatt und die modernen r\u00f6mischen Ziffern sorgen f\u00fcr eine vibrierende und raffinierte Note. eine vibrierende und raffinierte Note, w\u00e4hrend das 41 mm zweifarbige Geh\u00e4use aus Edelstahl und PVD zweifarbige Geh\u00e4use aus Edelstahl und PVD Gelbgold mit einem eleganten 7,17 mm Profil und einem passenden Armband f\u00fcr t\u00e4gliche Raffinesse sorgt. t\u00e4gliche Raffinesse sorgt. Dieser Swiss Made Zeitmesser ist mit einem Saphirglas ausgestattet.<\/p>\n","protected":false},"excerpt":{"rendered":"<p>Die Balmain Classic R ist eine anmutige Herrenuhr mit einem modernen Design, das von der Pariser Haute Couture inspiriert ist. von der Pariser Haute Couture inspiriert ist. Das hell mittelgraue Zifferblatt und die modernen r\u00f6mischen Ziffern sorgen f\u00fcr eine vibrierende und raffinierte Note. eine vibrierende und raffinierte Note, w\u00e4hrend das 41 mm zweifarbige Geh\u00e4use aus &#8230; <a title=\"Balmain Classic R 41mm\" class=\"read-more\" href=\"https:\/\/lediamant.ch\/de\/uhren\/219896-balmain-classic-r-41-mm-b41023171\/\" aria-label=\"Mehr Informationen \u00fcber Balmain Classic R 41mm\">Weiterlesen &#8230;<\/a><\/p>\n","protected":false},"featured_media":219809,"template":"","meta":{"_acf_changed":false,"_seopress_robots_primary_cat":"27173","_seopress_titles_title":"","_seopress_titles_desc":"Eleganz und Modernit\u00e4t mit der Balmain Classic R, eine Herrenuhr, die von der Pariser Haute Couture inspiriert ist. Raffiniertes Design, graues Zifferblatt und schickes Armband.","_seopress_robots_index":""},"brand":[27083],"product_brand":[],"product_cat":[27173,27433,27123],"product_tag":[],"class_list":{"0":"post-219896","1":"product","2":"type-product","3":"status-publish","4":"has-post-thumbnail","6":"brand-balmain-de","7":"product_cat-balmain-de","8":"product_cat-classic-r-de","9":"product_cat-uhren","10":"pa_couleurduboitier-zweifarbig-de","11":"pa_couleurdubracelet-bicolor","12":"pa_couleurducadran-grun","13":"pa_etancheite-50m-de","14":"pa_forme-runden","15":"pa_genre-mann","16":"pa_matiere-zweifarbigstahlgelbgoldpvd","17":"pa_matierebraceletmontre-edelstahl","18":"pa_mouvement-quarzbatterie-de","19":"pa_swissmade-ja-de","20":"pa_verre-saphir-de","21":"sales-flash-overlay","22":"woocommerce-text-align-center","23":"woocommerce-image-align-center","24":"do-quantity-buttons","26":"first","27":"instock","28":"taxable","29":"shipping-taxable","30":"purchasable","31":"product-type-simple"},"acf":[],"_links":{"self":[{"href":"https:\/\/lediamant.ch\/de\/wp-json\/wp\/v2\/product\/219896","targetHints":{"allow":["GET"]}}],"collection":[{"href":"https:\/\/lediamant.ch\/de\/wp-json\/wp\/v2\/product"}],"about":[{"href":"https:\/\/lediamant.ch\/de\/wp-json\/wp\/v2\/types\/product"}],"wp:featuredmedia":[{"embeddable":true,"href":"https:\/\/lediamant.ch\/de\/wp-json\/wp\/v2\/media\/219809"}],"wp:attachment":[{"href":"https:\/\/lediamant.ch\/de\/wp-json\/wp\/v2\/media?parent=219896"}],"wp:term":[{"taxonomy":"brand","embeddable":true,"href":"https:\/\/lediamant.ch\/de\/wp-json\/wp\/v2\/brand?post=219896"},{"taxonomy":"product_brand","embeddable":true,"href":"https:\/\/lediamant.ch\/de\/wp-json\/wp\/v2\/product_brand?post=219896"},{"taxonomy":"product_cat","embeddable":true,"href":"https:\/\/lediamant.ch\/de\/wp-json\/wp\/v2\/product_cat?post=219896"},{"taxonomy":"product_tag","embeddable":true,"href":"https:\/\/lediamant.ch\/de\/wp-json\/wp\/v2\/product_tag?post=219896"}],"curies":[{"name":"wp","href":"https:\/\/api.w.org\/{rel}","templated":true}]}}