{"id":219904,"date":"2025-09-26T13:42:46","date_gmt":"2025-09-26T11:42:46","guid":{"rendered":"https:\/\/lediamant.ch\/produit\/unkategorisiert\/balmain-beleganza-gent-ii-40-mm-2\/"},"modified":"2025-09-26T15:38:29","modified_gmt":"2025-09-26T13:38:29","slug":"balmain-beleganza-gent-ii-40-mm-2","status":"publish","type":"product","link":"https:\/\/lediamant.ch\/de\/uhren\/219904-balmain-beleganza-gent-ii-40-mm-b13413321\/","title":{"rendered":"Balmain Beleganza Gent II 40mm"},"content":{"rendered":"<p>Die Balmain Beleganza Gent II ist eine elegante Herrenuhr, die einen hellen Stil mit einem modernen, von der Pariser Haute Couture inspirierten Design verbindet. hellen Stil mit einem modernen, von der Pariser Haute Couture inspirierten Design verbindet. Das kreisf\u00f6rmige, geometrische, silberne Zifferblatt und die modernen r\u00f6mischen Ziffern sorgen f\u00fcr einen Hauch von Selbstbewusstsein. einen Hauch von Selbstbewusstsein. Das 40 mm Edelstahlgeh\u00e4use mit einem eleganten 7,60 mm Profil und einem Edelstahlarmband bietet einen allt\u00e4glichen Stil. Edelstahlarmband bietet einen allt\u00e4glichen Stil. Dieser in der Schweiz hergestellte Zeitmesser ist mit einem Saphirglas ausgestattet.<\/p>\n","protected":false},"excerpt":{"rendered":"<p>Die Balmain Beleganza Gent II ist eine elegante Herrenuhr, die einen hellen Stil mit einem modernen, von der Pariser Haute Couture inspirierten Design verbindet. hellen Stil mit einem modernen, von der Pariser Haute Couture inspirierten Design verbindet. Das kreisf\u00f6rmige, geometrische, silberne Zifferblatt und die modernen r\u00f6mischen Ziffern sorgen f\u00fcr einen Hauch von Selbstbewusstsein. einen Hauch &#8230; <a title=\"Balmain Beleganza Gent II 40mm\" class=\"read-more\" href=\"https:\/\/lediamant.ch\/de\/uhren\/219904-balmain-beleganza-gent-ii-40-mm-b13413321\/\" aria-label=\"Mehr Informationen \u00fcber Balmain Beleganza Gent II 40mm\">Weiterlesen &#8230;<\/a><\/p>\n","protected":false},"featured_media":219817,"template":"","meta":{"_acf_changed":false,"_seopress_robots_primary_cat":"27173","_seopress_titles_title":"","_seopress_titles_desc":"Entdecken Sie die Eleganz der Balmain Beleganza Gent II mit ihrem von der Pariser Haute Couture inspirierten Design und dem Armband aus Stahl.","_seopress_robots_index":""},"brand":[27083],"product_brand":[],"product_cat":[27123,27173,27399],"product_tag":[],"class_list":{"0":"post-219904","1":"product","2":"type-product","3":"status-publish","4":"has-post-thumbnail","6":"brand-balmain-de","7":"product_cat-uhren","8":"product_cat-balmain-de","9":"product_cat-beleganza-de","10":"pa_couleurducadran-grau","11":"pa_etancheite-50m-de","12":"pa_forme-runden","13":"pa_genre-mann","14":"pa_matiere-stahl","15":"pa_matierebraceletmontre-edelstahl","16":"pa_mouvement-quarzbatterie-de","17":"pa_swissmade-ja-de","18":"pa_verre-saphir-de","19":"sales-flash-overlay","20":"woocommerce-text-align-center","21":"woocommerce-image-align-center","22":"do-quantity-buttons","24":"first","25":"instock","26":"taxable","27":"shipping-taxable","28":"purchasable","29":"product-type-simple"},"acf":[],"_links":{"self":[{"href":"https:\/\/lediamant.ch\/de\/wp-json\/wp\/v2\/product\/219904","targetHints":{"allow":["GET"]}}],"collection":[{"href":"https:\/\/lediamant.ch\/de\/wp-json\/wp\/v2\/product"}],"about":[{"href":"https:\/\/lediamant.ch\/de\/wp-json\/wp\/v2\/types\/product"}],"wp:featuredmedia":[{"embeddable":true,"href":"https:\/\/lediamant.ch\/de\/wp-json\/wp\/v2\/media\/219817"}],"wp:attachment":[{"href":"https:\/\/lediamant.ch\/de\/wp-json\/wp\/v2\/media?parent=219904"}],"wp:term":[{"taxonomy":"brand","embeddable":true,"href":"https:\/\/lediamant.ch\/de\/wp-json\/wp\/v2\/brand?post=219904"},{"taxonomy":"product_brand","embeddable":true,"href":"https:\/\/lediamant.ch\/de\/wp-json\/wp\/v2\/product_brand?post=219904"},{"taxonomy":"product_cat","embeddable":true,"href":"https:\/\/lediamant.ch\/de\/wp-json\/wp\/v2\/product_cat?post=219904"},{"taxonomy":"product_tag","embeddable":true,"href":"https:\/\/lediamant.ch\/de\/wp-json\/wp\/v2\/product_tag?post=219904"}],"curies":[{"name":"wp","href":"https:\/\/api.w.org\/{rel}","templated":true}]}}