{"id":219907,"date":"2025-09-26T13:45:47","date_gmt":"2025-09-26T11:45:47","guid":{"rendered":"https:\/\/lediamant.ch\/produit\/unkategorisiert\/balmain-beleganza-gent-ii-40-mm-3\/"},"modified":"2025-09-26T15:42:05","modified_gmt":"2025-09-26T13:42:05","slug":"balmain-beleganza-gent-ii-40-mm-3","status":"publish","type":"product","link":"https:\/\/lediamant.ch\/de\/uhren\/219907-balmain-beleganza-gent-ii-40-mm-b13413361\/","title":{"rendered":"Balmain Beleganza Gent II 40mm"},"content":{"rendered":"<p>Die Balmain Beleganza Gent II ist eine anspruchsvolle Herrenuhr, die helle Eleganz mit einem modernen Design, das von der Pariser Haute Couture inspiriert ist, verbindet. helle Eleganz mit einem modernen Design, das von der Pariser Haute Couture inspiriert ist. Das schwarze Zifferblatt hat ein kreisf\u00f6rmiges geometrisches Muster und moderne r\u00f6mische Ziffern, die der Uhr einen selbstbewussten Touch verleihen. Das 40 mm Edelstahlgeh\u00e4use mit einem schlanken Profil von 7,60 mm und einem Edelstahlarmband macht die Uhr alltagstauglich. Dieser in der Schweiz hergestellte Zeitmesser ist mit einem Saphirglas ausgestattet.<\/p>\n","protected":false},"excerpt":{"rendered":"<p>Die Balmain Beleganza Gent II ist eine anspruchsvolle Herrenuhr, die helle Eleganz mit einem modernen Design, das von der Pariser Haute Couture inspiriert ist, verbindet. helle Eleganz mit einem modernen Design, das von der Pariser Haute Couture inspiriert ist. Das schwarze Zifferblatt hat ein kreisf\u00f6rmiges geometrisches Muster und moderne r\u00f6mische Ziffern, die der Uhr einen &#8230; <a title=\"Balmain Beleganza Gent II 40mm\" class=\"read-more\" href=\"https:\/\/lediamant.ch\/de\/uhren\/219907-balmain-beleganza-gent-ii-40-mm-b13413361\/\" aria-label=\"Mehr Informationen \u00fcber Balmain Beleganza Gent II 40mm\">Weiterlesen &#8230;<\/a><\/p>\n","protected":false},"featured_media":219822,"template":"","meta":{"_acf_changed":false,"_seopress_robots_primary_cat":"27173","_seopress_titles_title":"","_seopress_titles_desc":"Entdecken Sie Eleganz und Modernit\u00e4t mit der Balmain Beleganza Gent II, einer perfekten Verschmelzung von Pariser Haute Couture und Schweizer Pr\u00e4zision.","_seopress_robots_index":""},"brand":[27083],"product_brand":[],"product_cat":[27123,27173,27399],"product_tag":[],"class_list":{"0":"post-219907","1":"product","2":"type-product","3":"status-publish","4":"has-post-thumbnail","6":"brand-balmain-de","7":"product_cat-uhren","8":"product_cat-balmain-de","9":"product_cat-beleganza-de","10":"pa_couleurducadran-schwarz","11":"pa_etancheite-50m-de","12":"pa_forme-runden","13":"pa_genre-mann","14":"pa_matiere-stahl","15":"pa_matierebraceletmontre-edelstahl","16":"pa_mouvement-quarzbatterie-de","17":"pa_swissmade-ja-de","18":"pa_verre-saphir-de","19":"sales-flash-overlay","20":"woocommerce-text-align-center","21":"woocommerce-image-align-center","22":"do-quantity-buttons","24":"first","25":"instock","26":"taxable","27":"shipping-taxable","28":"purchasable","29":"product-type-simple"},"acf":[],"_links":{"self":[{"href":"https:\/\/lediamant.ch\/de\/wp-json\/wp\/v2\/product\/219907","targetHints":{"allow":["GET"]}}],"collection":[{"href":"https:\/\/lediamant.ch\/de\/wp-json\/wp\/v2\/product"}],"about":[{"href":"https:\/\/lediamant.ch\/de\/wp-json\/wp\/v2\/types\/product"}],"wp:featuredmedia":[{"embeddable":true,"href":"https:\/\/lediamant.ch\/de\/wp-json\/wp\/v2\/media\/219822"}],"wp:attachment":[{"href":"https:\/\/lediamant.ch\/de\/wp-json\/wp\/v2\/media?parent=219907"}],"wp:term":[{"taxonomy":"brand","embeddable":true,"href":"https:\/\/lediamant.ch\/de\/wp-json\/wp\/v2\/brand?post=219907"},{"taxonomy":"product_brand","embeddable":true,"href":"https:\/\/lediamant.ch\/de\/wp-json\/wp\/v2\/product_brand?post=219907"},{"taxonomy":"product_cat","embeddable":true,"href":"https:\/\/lediamant.ch\/de\/wp-json\/wp\/v2\/product_cat?post=219907"},{"taxonomy":"product_tag","embeddable":true,"href":"https:\/\/lediamant.ch\/de\/wp-json\/wp\/v2\/product_tag?post=219907"}],"curies":[{"name":"wp","href":"https:\/\/api.w.org\/{rel}","templated":true}]}}