{"id":219930,"date":"2025-09-26T13:57:46","date_gmt":"2025-09-26T11:57:46","guid":{"rendered":"https:\/\/lediamant.ch\/produit\/unkategorisiert\/balmain-beleganza-27-50-mm\/"},"modified":"2025-09-26T16:04:45","modified_gmt":"2025-09-26T14:04:45","slug":"balmain-beleganza-27-50-mm","status":"publish","type":"product","link":"https:\/\/lediamant.ch\/de\/uhren\/219930-balmain-beleganza-27-5-mm-b83483355\/","title":{"rendered":"Balmain Beleganza Diamonds 27.5mm"},"content":{"rendered":"<p>Die Beleganza-Kollektion von Balmain erh\u00e4lt durch eine wundersch\u00f6ne Kombination ein neues Gesicht. Die Reinheit und der Glanz der rosafarbenen PVD-Beschichtung sublimieren die W\u00e4rme der Schokoladenfarbe f\u00fcr ein subtiles Ergebnis, das perfekt in den Zeitgeist passt. Inspiriert von der franz\u00f6sischen Klasse und Eleganz hat diese Linie seit ihrer R\u00fcckkehr in den Balmain-Katalog im Jahr 2018 ihr Publikum gefunden und ist zu einem der Bestseller der Schweizer Uhrenmarke geworden. Auch das Armband setzt auf die Karte der Zweifarbigkeit. Es besteht aus zwei d\u00fcnnen Linien, die mit vertikal geb\u00fcrstetem rosa PVD verziert sind und einen Kontrast zu den anderen Gliedern aus Stahl bilden. Die neue Beleganza ist feminin und zeitgem\u00e4\u00df, sie respektiert den traditionellen Stil der Kollektion und verleiht ihr gleichzeitig einen Hauch von Originalit\u00e4t.<\/p>\n","protected":false},"excerpt":{"rendered":"<p>Die Beleganza-Kollektion von Balmain erh\u00e4lt durch eine wundersch\u00f6ne Kombination ein neues Gesicht. Die Reinheit und der Glanz der rosafarbenen PVD-Beschichtung sublimieren die W\u00e4rme der Schokoladenfarbe f\u00fcr ein subtiles Ergebnis, das perfekt in den Zeitgeist passt. Inspiriert von der franz\u00f6sischen Klasse und Eleganz hat diese Linie seit ihrer R\u00fcckkehr in den Balmain-Katalog im Jahr 2018 ihr &#8230; <a title=\"Balmain Beleganza Diamonds 27.5mm\" class=\"read-more\" href=\"https:\/\/lediamant.ch\/de\/uhren\/219930-balmain-beleganza-27-5-mm-b83483355\/\" aria-label=\"Mehr Informationen \u00fcber Balmain Beleganza Diamonds 27.5mm\">Weiterlesen &#8230;<\/a><\/p>\n","protected":false},"featured_media":219842,"template":"","meta":{"_acf_changed":false,"_seopress_robots_primary_cat":"27173","_seopress_titles_title":"","_seopress_titles_desc":"Erleben Sie die Eleganz der Beleganza-Uhren von Balmain, jetzt mit rosafarbener PVD-Beschichtung und schokoladenfarbenen Akzenten.","_seopress_robots_index":""},"brand":[27083],"product_brand":[],"product_cat":[27173,27399,27123],"product_tag":[],"class_list":{"0":"post-219930","1":"product","2":"type-product","3":"status-publish","4":"has-post-thumbnail","6":"brand-balmain-de","7":"product_cat-balmain-de","8":"product_cat-beleganza-de","9":"product_cat-uhren","10":"pa_couleurduboitier-zweifarbig-de","11":"pa_couleurdubracelet-bicolor","12":"pa_couleurducadran-braun","13":"pa_detail-de-s-pierres-s-11-top-wesselton-vs-si-diamanten-insgesamt-0041-ct","14":"pa_etancheite-50m-de","15":"pa_forme-runden","16":"pa_genre-frau","17":"pa_matiere-zweifarbigstahlrosegoldpvd","18":"pa_matierebraceletmontre-edelstahl","19":"pa_mouvement-quarzbatterie-de","20":"pa_swissmade-ja-de","21":"pa_typedemontre-uhrenmitdiamanten","22":"pa_verre-saphir-de","23":"sales-flash-overlay","24":"woocommerce-text-align-center","25":"woocommerce-image-align-center","26":"do-quantity-buttons","28":"first","29":"instock","30":"taxable","31":"shipping-taxable","32":"purchasable","33":"product-type-simple"},"acf":[],"_links":{"self":[{"href":"https:\/\/lediamant.ch\/de\/wp-json\/wp\/v2\/product\/219930","targetHints":{"allow":["GET"]}}],"collection":[{"href":"https:\/\/lediamant.ch\/de\/wp-json\/wp\/v2\/product"}],"about":[{"href":"https:\/\/lediamant.ch\/de\/wp-json\/wp\/v2\/types\/product"}],"wp:featuredmedia":[{"embeddable":true,"href":"https:\/\/lediamant.ch\/de\/wp-json\/wp\/v2\/media\/219842"}],"wp:attachment":[{"href":"https:\/\/lediamant.ch\/de\/wp-json\/wp\/v2\/media?parent=219930"}],"wp:term":[{"taxonomy":"brand","embeddable":true,"href":"https:\/\/lediamant.ch\/de\/wp-json\/wp\/v2\/brand?post=219930"},{"taxonomy":"product_brand","embeddable":true,"href":"https:\/\/lediamant.ch\/de\/wp-json\/wp\/v2\/product_brand?post=219930"},{"taxonomy":"product_cat","embeddable":true,"href":"https:\/\/lediamant.ch\/de\/wp-json\/wp\/v2\/product_cat?post=219930"},{"taxonomy":"product_tag","embeddable":true,"href":"https:\/\/lediamant.ch\/de\/wp-json\/wp\/v2\/product_tag?post=219930"}],"curies":[{"name":"wp","href":"https:\/\/api.w.org\/{rel}","templated":true}]}}