{"id":219955,"date":"2025-09-26T14:00:47","date_gmt":"2025-09-26T12:00:47","guid":{"rendered":"https:\/\/lediamant.ch\/produit\/unkategorisiert\/balmainia-bijou-33-mm\/"},"modified":"2025-09-26T17:22:20","modified_gmt":"2025-09-26T15:22:20","slug":"balmainia-bijou-33-mm","status":"publish","type":"product","link":"https:\/\/lediamant.ch\/de\/uhren\/219955-balmainia-bijou-33-mm-b42523927\/","title":{"rendered":"Balmain Balmainia Bijou 33mm"},"content":{"rendered":"<p>Die Balmain Balmainia Bijou ist eine anspruchsvolle Damenuhr, die Helligkeit mit einem modernen Design verbindet, das von der Pariser Haute Couture inspiriert ist. Das spiegelgoldene Zifferblatt, die L\u00fcnette mit der Gravur &#8222;Balmain&#8220; und die minimalistische Anzeige verleihen ihr einen selbstbewussten Touch, w\u00e4hrend das 33 mm gro\u00dfe, zweifarbige Geh\u00e4use aus Edelstahl und PVD Gelbgold mit einem robusten 6,25 mm Profil und einem passenden Armband ihr einen alltagstauglichen Stil verleiht. Diese Swiss Made Uhr ist mit einem Saphirglas ausgestattet.<\/p>\n","protected":false},"excerpt":{"rendered":"<p>Die Balmain Balmainia Bijou ist eine anspruchsvolle Damenuhr, die Helligkeit mit einem modernen Design verbindet, das von der Pariser Haute Couture inspiriert ist. Das spiegelgoldene Zifferblatt, die L\u00fcnette mit der Gravur &#8222;Balmain&#8220; und die minimalistische Anzeige verleihen ihr einen selbstbewussten Touch, w\u00e4hrend das 33 mm gro\u00dfe, zweifarbige Geh\u00e4use aus Edelstahl und PVD Gelbgold mit einem &#8230; <a title=\"Balmain Balmainia Bijou 33mm\" class=\"read-more\" href=\"https:\/\/lediamant.ch\/de\/uhren\/219955-balmainia-bijou-33-mm-b42523927\/\" aria-label=\"Mehr Informationen \u00fcber Balmain Balmainia Bijou 33mm\">Weiterlesen &#8230;<\/a><\/p>\n","protected":false},"featured_media":219848,"template":"","meta":{"_acf_changed":false,"_seopress_robots_primary_cat":"27173","_seopress_titles_title":"","_seopress_titles_desc":"T\u00e4gliche Eleganz mit der Balmain Balmainia Bijou Uhr, eine perfekte Verschmelzung von modernem Design und Pariser Haute Couture.","_seopress_robots_index":""},"brand":[27083],"product_brand":[],"product_cat":[27173,27431,27123],"product_tag":[],"class_list":{"0":"post-219955","1":"product","2":"type-product","3":"status-publish","4":"has-post-thumbnail","6":"brand-balmain-de","7":"product_cat-balmain-de","8":"product_cat-balmainia-de","9":"product_cat-uhren","10":"sales-flash-overlay","11":"woocommerce-text-align-center","12":"woocommerce-image-align-center","13":"do-quantity-buttons","15":"first","16":"instock","17":"taxable","18":"shipping-taxable","19":"purchasable","20":"product-type-simple"},"acf":[],"_links":{"self":[{"href":"https:\/\/lediamant.ch\/de\/wp-json\/wp\/v2\/product\/219955","targetHints":{"allow":["GET"]}}],"collection":[{"href":"https:\/\/lediamant.ch\/de\/wp-json\/wp\/v2\/product"}],"about":[{"href":"https:\/\/lediamant.ch\/de\/wp-json\/wp\/v2\/types\/product"}],"wp:featuredmedia":[{"embeddable":true,"href":"https:\/\/lediamant.ch\/de\/wp-json\/wp\/v2\/media\/219848"}],"wp:attachment":[{"href":"https:\/\/lediamant.ch\/de\/wp-json\/wp\/v2\/media?parent=219955"}],"wp:term":[{"taxonomy":"brand","embeddable":true,"href":"https:\/\/lediamant.ch\/de\/wp-json\/wp\/v2\/brand?post=219955"},{"taxonomy":"product_brand","embeddable":true,"href":"https:\/\/lediamant.ch\/de\/wp-json\/wp\/v2\/product_brand?post=219955"},{"taxonomy":"product_cat","embeddable":true,"href":"https:\/\/lediamant.ch\/de\/wp-json\/wp\/v2\/product_cat?post=219955"},{"taxonomy":"product_tag","embeddable":true,"href":"https:\/\/lediamant.ch\/de\/wp-json\/wp\/v2\/product_tag?post=219955"}],"curies":[{"name":"wp","href":"https:\/\/api.w.org\/{rel}","templated":true}]}}