{"id":219958,"date":"2025-09-26T16:00:23","date_gmt":"2025-09-26T14:00:23","guid":{"rendered":"https:\/\/lediamant.ch\/produit\/unkategorisiert\/balmain-beleganza-32-mm\/"},"modified":"2025-09-26T17:28:57","modified_gmt":"2025-09-26T15:28:57","slug":"balmain-beleganza-32-mm","status":"publish","type":"product","link":"https:\/\/lediamant.ch\/de\/uhren\/219958-balmain-beleganza-32-mm-b83513318\/","title":{"rendered":"Balmain Beleganza 32mm"},"content":{"rendered":"<p>Die Balmain Beleganza ist eine raffinierte Damenuhr, die einen hellen Stil mit einem modernen Design verbindet, das von der Pariser Haute Couture inspiriert ist. Das wei\u00dfe, mit Arabesken verzierte Zifferblatt und die klassischen r\u00f6mischen Ziffern verleihen der Uhr einen femininen Touch. Das 32 mm Edelstahlgeh\u00e4use mit seinem robusten 6,27 mm Profil und das passende Armband bieten Raffinesse f\u00fcr den Alltag. Diese in der Schweiz hergestellte Uhr ist mit einem Saphirglas ausgestattet.<\/p>\n","protected":false},"excerpt":{"rendered":"<p>Die Balmain Beleganza ist eine raffinierte Damenuhr, die einen hellen Stil mit einem modernen Design verbindet, das von der Pariser Haute Couture inspiriert ist. Das wei\u00dfe, mit Arabesken verzierte Zifferblatt und die klassischen r\u00f6mischen Ziffern verleihen der Uhr einen femininen Touch. Das 32 mm Edelstahlgeh\u00e4use mit seinem robusten 6,27 mm Profil und das passende Armband &#8230; <a title=\"Balmain Beleganza 32mm\" class=\"read-more\" href=\"https:\/\/lediamant.ch\/de\/uhren\/219958-balmain-beleganza-32-mm-b83513318\/\" aria-label=\"Mehr Informationen \u00fcber Balmain Beleganza 32mm\">Weiterlesen &#8230;<\/a><\/p>\n","protected":false},"featured_media":219926,"template":"","meta":{"_acf_changed":false,"_seopress_robots_primary_cat":"27173","_seopress_titles_title":"","_seopress_titles_desc":"Entdecken Sie die Eleganz der Balmain Beleganza, inspiriert von Pariser Haute Couture, mit arabeskenverziertem Zifferblatt und klassischem Design.","_seopress_robots_index":""},"brand":[27083],"product_brand":[],"product_cat":[27173,27399,27123],"product_tag":[],"class_list":{"0":"post-219958","1":"product","2":"type-product","3":"status-publish","4":"has-post-thumbnail","6":"brand-balmain-de","7":"product_cat-balmain-de","8":"product_cat-beleganza-de","9":"product_cat-uhren","10":"pa_couleurducadran-silber","11":"pa_etancheite-30m-de","12":"pa_forme-runden","13":"pa_genre-frau","14":"pa_matiere-stahl","15":"pa_matierebraceletmontre-edelstahl","16":"pa_mouvement-quarzbatterie-de","17":"pa_swissmade-ja-de","18":"pa_verre-saphir-de","19":"sales-flash-overlay","20":"woocommerce-text-align-center","21":"woocommerce-image-align-center","22":"do-quantity-buttons","24":"first","25":"instock","26":"taxable","27":"shipping-taxable","28":"purchasable","29":"product-type-simple"},"acf":[],"_links":{"self":[{"href":"https:\/\/lediamant.ch\/de\/wp-json\/wp\/v2\/product\/219958","targetHints":{"allow":["GET"]}}],"collection":[{"href":"https:\/\/lediamant.ch\/de\/wp-json\/wp\/v2\/product"}],"about":[{"href":"https:\/\/lediamant.ch\/de\/wp-json\/wp\/v2\/types\/product"}],"wp:featuredmedia":[{"embeddable":true,"href":"https:\/\/lediamant.ch\/de\/wp-json\/wp\/v2\/media\/219926"}],"wp:attachment":[{"href":"https:\/\/lediamant.ch\/de\/wp-json\/wp\/v2\/media?parent=219958"}],"wp:term":[{"taxonomy":"brand","embeddable":true,"href":"https:\/\/lediamant.ch\/de\/wp-json\/wp\/v2\/brand?post=219958"},{"taxonomy":"product_brand","embeddable":true,"href":"https:\/\/lediamant.ch\/de\/wp-json\/wp\/v2\/product_brand?post=219958"},{"taxonomy":"product_cat","embeddable":true,"href":"https:\/\/lediamant.ch\/de\/wp-json\/wp\/v2\/product_cat?post=219958"},{"taxonomy":"product_tag","embeddable":true,"href":"https:\/\/lediamant.ch\/de\/wp-json\/wp\/v2\/product_tag?post=219958"}],"curies":[{"name":"wp","href":"https:\/\/api.w.org\/{rel}","templated":true}]}}