{"id":219963,"date":"2025-09-26T16:03:21","date_gmt":"2025-09-26T14:03:21","guid":{"rendered":"https:\/\/lediamant.ch\/produit\/unkategorisiert\/balmainia-bijou-33-mm-2\/"},"modified":"2025-09-26T17:34:53","modified_gmt":"2025-09-26T15:34:53","slug":"balmainia-bijou-33-mm-2","status":"publish","type":"product","link":"https:\/\/lediamant.ch\/de\/uhren\/219963-balmain-balmainia-bijou-33-mm-b42503227\/","title":{"rendered":"Balmain Balmainia Bijou 33mm"},"content":{"rendered":"<p>Die Balmain Balmainia Bijou ist eine kunstvolle Damenuhr, die Zartheit mit einem modernen, von der Pariser Haute Couture inspirierten Design verbindet. mit einem modernen, von der Pariser Haute Couture inspirierten Design verbindet. Das spiegelvergoldete Zifferblatt, die mit &#8222;Balmain&#8220; gravierte L\u00fcnette und das minimalistische spiegelvergoldete Zifferblatt, die mit &#8222;Balmain&#8220; gravierte L\u00fcnette und das minimalistische Display sorgen f\u00fcr Raffinesse im Alltag. w\u00e4hrend das 33 mm Gelbgold PVD Geh\u00e4use mit einem schlichten 6,25 mm Profil und einem schwarzen Kautschukarmband mit Spiegelmuster f\u00fcr Raffinesse im Alltag sorgt. Dieser Swiss Made Zeitmesser ist mit einem Saphirglas ausgestattet.<\/p>\n","protected":false},"excerpt":{"rendered":"<p>Die Balmain Balmainia Bijou ist eine kunstvolle Damenuhr, die Zartheit mit einem modernen, von der Pariser Haute Couture inspirierten Design verbindet. mit einem modernen, von der Pariser Haute Couture inspirierten Design verbindet. Das spiegelvergoldete Zifferblatt, die mit &#8222;Balmain&#8220; gravierte L\u00fcnette und das minimalistische spiegelvergoldete Zifferblatt, die mit &#8222;Balmain&#8220; gravierte L\u00fcnette und das minimalistische Display sorgen &#8230; <a title=\"Balmain Balmainia Bijou 33mm\" class=\"read-more\" href=\"https:\/\/lediamant.ch\/de\/uhren\/219963-balmain-balmainia-bijou-33-mm-b42503227\/\" aria-label=\"Mehr Informationen \u00fcber Balmain Balmainia Bijou 33mm\">Weiterlesen &#8230;<\/a><\/p>\n","protected":false},"featured_media":219929,"template":"","meta":{"_acf_changed":false,"_seopress_robots_primary_cat":"27173","_seopress_titles_title":"","_seopress_titles_desc":"Die Balmain Balmainia Bijou Uhr kombiniert Eleganz und modernes Design, das von der Pariser Haute Couture inspiriert ist. Ein Juwel der Pr\u00e4zision und des Stils.","_seopress_robots_index":""},"brand":[27083],"product_brand":[],"product_cat":[27173,27431,27123],"product_tag":[],"class_list":{"0":"post-219963","1":"product","2":"type-product","3":"status-publish","4":"has-post-thumbnail","6":"brand-balmain-de","7":"product_cat-balmain-de","8":"product_cat-balmainia-de","9":"product_cat-uhren","10":"pa_couleurducadran-gelb","11":"pa_etancheite-50m-de","12":"pa_forme-runden","13":"pa_genre-frau","14":"pa_matiere-gelbgoldpvd","15":"pa_matierebraceletmontre-kautschuk","16":"pa_mouvement-quarzbatterie-de","17":"pa_swissmade-ja-de","18":"pa_verre-saphir-de","19":"sales-flash-overlay","20":"woocommerce-text-align-center","21":"woocommerce-image-align-center","22":"do-quantity-buttons","24":"first","25":"instock","26":"taxable","27":"shipping-taxable","28":"purchasable","29":"product-type-simple"},"acf":[],"_links":{"self":[{"href":"https:\/\/lediamant.ch\/de\/wp-json\/wp\/v2\/product\/219963","targetHints":{"allow":["GET"]}}],"collection":[{"href":"https:\/\/lediamant.ch\/de\/wp-json\/wp\/v2\/product"}],"about":[{"href":"https:\/\/lediamant.ch\/de\/wp-json\/wp\/v2\/types\/product"}],"wp:featuredmedia":[{"embeddable":true,"href":"https:\/\/lediamant.ch\/de\/wp-json\/wp\/v2\/media\/219929"}],"wp:attachment":[{"href":"https:\/\/lediamant.ch\/de\/wp-json\/wp\/v2\/media?parent=219963"}],"wp:term":[{"taxonomy":"brand","embeddable":true,"href":"https:\/\/lediamant.ch\/de\/wp-json\/wp\/v2\/brand?post=219963"},{"taxonomy":"product_brand","embeddable":true,"href":"https:\/\/lediamant.ch\/de\/wp-json\/wp\/v2\/product_brand?post=219963"},{"taxonomy":"product_cat","embeddable":true,"href":"https:\/\/lediamant.ch\/de\/wp-json\/wp\/v2\/product_cat?post=219963"},{"taxonomy":"product_tag","embeddable":true,"href":"https:\/\/lediamant.ch\/de\/wp-json\/wp\/v2\/product_tag?post=219963"}],"curies":[{"name":"wp","href":"https:\/\/api.w.org\/{rel}","templated":true}]}}