{"id":219966,"date":"2025-09-26T16:06:22","date_gmt":"2025-09-26T14:06:22","guid":{"rendered":"https:\/\/lediamant.ch\/produit\/unkategorisiert\/balmainia-32-mm-diamonds\/"},"modified":"2025-09-26T17:42:36","modified_gmt":"2025-09-26T15:42:36","slug":"balmainia-32-mm-diamonds","status":"publish","type":"product","link":"https:\/\/lediamant.ch\/de\/uhren\/219966-balmain-balmainia-diamonds-32-mm-b45513365\/","title":{"rendered":"Balmain Balmainia Diamonds 32mm"},"content":{"rendered":"<p>Die Balmain Balmainia ist eine kunstvolle Damenuhr, die zeitlose Eleganz mit einem modernen, von der Pariser Haute Couture inspirierten Design verbindet. mit einem modernen, von der Pariser Haute Couture inspirierten Design verbindet. Das Zifferblatt aus schwarzem Perlmutt mit einem kleinen Z\u00e4hler ist mit 12 Top Wesselton VS-SI Diamanten von insgesamt 0,043 Karat besetzt. Das 32 mm Edelstahlgeh\u00e4use mit einem raffinierten 8,45 mm Profil und einem Edelstahlarmband bietet Raffinesse f\u00fcr jeden Tag. Dieser Swiss Made Zeitmesser ist mit einem Saphirglas ausgestattet.<\/p>\n","protected":false},"excerpt":{"rendered":"<p>Die Balmain Balmainia ist eine kunstvolle Damenuhr, die zeitlose Eleganz mit einem modernen, von der Pariser Haute Couture inspirierten Design verbindet. mit einem modernen, von der Pariser Haute Couture inspirierten Design verbindet. Das Zifferblatt aus schwarzem Perlmutt mit einem kleinen Z\u00e4hler ist mit 12 Top Wesselton VS-SI Diamanten von insgesamt 0,043 Karat besetzt. Das 32 &#8230; <a title=\"Balmain Balmainia Diamonds 32mm\" class=\"read-more\" href=\"https:\/\/lediamant.ch\/de\/uhren\/219966-balmain-balmainia-diamonds-32-mm-b45513365\/\" aria-label=\"Mehr Informationen \u00fcber Balmain Balmainia Diamonds 32mm\">Weiterlesen &#8230;<\/a><\/p>\n","protected":false},"featured_media":219934,"template":"","meta":{"_acf_changed":false,"_seopress_robots_primary_cat":"27173","_seopress_titles_title":"","_seopress_titles_desc":"Entdecken Sie die Balmain Balmainia, eine elegante Uhr mit Perlmuttzifferblatt und Diamanten, die von der Pariser Haute Couture inspiriert ist.","_seopress_robots_index":""},"brand":[27083],"product_brand":[],"product_cat":[27173,27431,27123],"product_tag":[],"class_list":{"0":"post-219966","1":"product","2":"type-product","3":"status-publish","4":"has-post-thumbnail","6":"brand-balmain-de","7":"product_cat-balmain-de","8":"product_cat-balmainia-de","9":"product_cat-uhren","10":"pa_couleurducadran-perlmutt","11":"pa_detail-de-s-pierres-s-12-top-wesselton-vs-si-diamanten-insgesamt-0043-ct","12":"pa_etancheite-30m-de","13":"pa_forme-runden","14":"pa_genre-frau","15":"pa_matiere-stahl","16":"pa_matierebraceletmontre-edelstahl","17":"pa_mouvement-quarzbatterie-de","18":"pa_swissmade-ja-de","19":"pa_typedemontre-uhrenmitdiamanten","20":"pa_verre-saphir-de","21":"sales-flash-overlay","22":"woocommerce-text-align-center","23":"woocommerce-image-align-center","24":"do-quantity-buttons","26":"first","27":"instock","28":"taxable","29":"shipping-taxable","30":"purchasable","31":"product-type-simple"},"acf":[],"_links":{"self":[{"href":"https:\/\/lediamant.ch\/de\/wp-json\/wp\/v2\/product\/219966","targetHints":{"allow":["GET"]}}],"collection":[{"href":"https:\/\/lediamant.ch\/de\/wp-json\/wp\/v2\/product"}],"about":[{"href":"https:\/\/lediamant.ch\/de\/wp-json\/wp\/v2\/types\/product"}],"wp:featuredmedia":[{"embeddable":true,"href":"https:\/\/lediamant.ch\/de\/wp-json\/wp\/v2\/media\/219934"}],"wp:attachment":[{"href":"https:\/\/lediamant.ch\/de\/wp-json\/wp\/v2\/media?parent=219966"}],"wp:term":[{"taxonomy":"brand","embeddable":true,"href":"https:\/\/lediamant.ch\/de\/wp-json\/wp\/v2\/brand?post=219966"},{"taxonomy":"product_brand","embeddable":true,"href":"https:\/\/lediamant.ch\/de\/wp-json\/wp\/v2\/product_brand?post=219966"},{"taxonomy":"product_cat","embeddable":true,"href":"https:\/\/lediamant.ch\/de\/wp-json\/wp\/v2\/product_cat?post=219966"},{"taxonomy":"product_tag","embeddable":true,"href":"https:\/\/lediamant.ch\/de\/wp-json\/wp\/v2\/product_tag?post=219966"}],"curies":[{"name":"wp","href":"https:\/\/api.w.org\/{rel}","templated":true}]}}