{"id":219969,"date":"2025-09-26T16:09:21","date_gmt":"2025-09-26T14:09:21","guid":{"rendered":"https:\/\/lediamant.ch\/produit\/unkategorisiert\/balmainia-bijou-33-mm-3\/"},"modified":"2025-09-26T17:52:16","modified_gmt":"2025-09-26T15:52:16","slug":"balmainia-bijou-33-mm-3","status":"publish","type":"product","link":"https:\/\/lediamant.ch\/de\/uhren\/219969-balmain-balmainia-bijou-33-mm-b42503327\/","title":{"rendered":"Balmain Balmainia Bijou 33mm"},"content":{"rendered":"<p>Die Balmain Balmainia Bijou ist eine anmutige Damenuhr, die Zeitlosigkeit mit einem modernen Design, das von der Pariser Haute Couture inspiriert ist, verbindet. Zeitlosigkeit mit einem modernen Design, das von der Pariser Haute Couture inspiriert ist, verbindet. Das spiegelgoldene Zifferblatt, die L\u00fcnette mit der Gravur &#8222;Balmain&#8220; und das spiegelgoldene Zifferblatt, die L\u00fcnette mit der Gravur &#8222;Balmain&#8220; und das minimalistische Display sorgen f\u00fcr einen femininen Touch. w\u00e4hrend das 33 mm Gelbgold PVD Geh\u00e4use mit einem anmutigen 6,25 mm Profil und einem passenden Armband f\u00fcr allt\u00e4gliche Eleganz sorgt. Dieser Swiss Made Zeitmesser ist mit einem Saphirglas ausgestattet.<\/p>\n","protected":false},"excerpt":{"rendered":"<p>Die Balmain Balmainia Bijou ist eine anmutige Damenuhr, die Zeitlosigkeit mit einem modernen Design, das von der Pariser Haute Couture inspiriert ist, verbindet. Zeitlosigkeit mit einem modernen Design, das von der Pariser Haute Couture inspiriert ist, verbindet. Das spiegelgoldene Zifferblatt, die L\u00fcnette mit der Gravur &#8222;Balmain&#8220; und das spiegelgoldene Zifferblatt, die L\u00fcnette mit der Gravur &#8230; <a title=\"Balmain Balmainia Bijou 33mm\" class=\"read-more\" href=\"https:\/\/lediamant.ch\/de\/uhren\/219969-balmain-balmainia-bijou-33-mm-b42503327\/\" aria-label=\"Mehr Informationen \u00fcber Balmain Balmainia Bijou 33mm\">Weiterlesen &#8230;<\/a><\/p>\n","protected":false},"featured_media":219938,"template":"","meta":{"_acf_changed":false,"_seopress_robots_primary_cat":"27173","_seopress_titles_title":"","_seopress_titles_desc":"Zeitlose Eleganz und modernes Design verschmelzen in der Balmainia Bijou Uhr, die sich perfekt f\u00fcr einen schicken Alltagsstil eignet.","_seopress_robots_index":""},"brand":[27083],"product_brand":[],"product_cat":[27173,27431,27123],"product_tag":[],"class_list":{"0":"post-219969","1":"product","2":"type-product","3":"status-publish","4":"has-post-thumbnail","6":"brand-balmain-de","7":"product_cat-balmain-de","8":"product_cat-balmainia-de","9":"product_cat-uhren","10":"pa_couleurduboitier-gelb-de","11":"pa_couleurdubracelet-gelb-de","12":"pa_couleurducadran-gelb","13":"pa_etancheite-50m-de","14":"pa_forme-runden","15":"pa_garantie-24monate","16":"pa_genre-frau","17":"pa_matiere-gelbgoldpvd","18":"pa_matierebraceletmontre-edelstahl","19":"pa_mouvement-quarzbatterie-de","20":"pa_swissmade-ja-de","21":"pa_verre-saphir-de","22":"sales-flash-overlay","23":"woocommerce-text-align-center","24":"woocommerce-image-align-center","25":"do-quantity-buttons","27":"first","28":"instock","29":"taxable","30":"shipping-taxable","31":"purchasable","32":"product-type-simple"},"acf":[],"_links":{"self":[{"href":"https:\/\/lediamant.ch\/de\/wp-json\/wp\/v2\/product\/219969","targetHints":{"allow":["GET"]}}],"collection":[{"href":"https:\/\/lediamant.ch\/de\/wp-json\/wp\/v2\/product"}],"about":[{"href":"https:\/\/lediamant.ch\/de\/wp-json\/wp\/v2\/types\/product"}],"wp:featuredmedia":[{"embeddable":true,"href":"https:\/\/lediamant.ch\/de\/wp-json\/wp\/v2\/media\/219938"}],"wp:attachment":[{"href":"https:\/\/lediamant.ch\/de\/wp-json\/wp\/v2\/media?parent=219969"}],"wp:term":[{"taxonomy":"brand","embeddable":true,"href":"https:\/\/lediamant.ch\/de\/wp-json\/wp\/v2\/brand?post=219969"},{"taxonomy":"product_brand","embeddable":true,"href":"https:\/\/lediamant.ch\/de\/wp-json\/wp\/v2\/product_brand?post=219969"},{"taxonomy":"product_cat","embeddable":true,"href":"https:\/\/lediamant.ch\/de\/wp-json\/wp\/v2\/product_cat?post=219969"},{"taxonomy":"product_tag","embeddable":true,"href":"https:\/\/lediamant.ch\/de\/wp-json\/wp\/v2\/product_tag?post=219969"}],"curies":[{"name":"wp","href":"https:\/\/api.w.org\/{rel}","templated":true}]}}