{"id":219978,"date":"2025-09-26T16:18:22","date_gmt":"2025-09-26T14:18:22","guid":{"rendered":"https:\/\/lediamant.ch\/produit\/unkategorisiert\/balmainia-bijou-36-mm\/"},"modified":"2025-09-26T18:28:04","modified_gmt":"2025-09-26T16:28:04","slug":"balmainia-bijou-36-mm","status":"publish","type":"product","link":"https:\/\/lediamant.ch\/de\/uhren\/219978-balmain-balmainia-bijou-chrono-36-mm-b62513326\/","title":{"rendered":"Balmain Balmainia Bijou Chrono 36mm"},"content":{"rendered":"<p>Die Balmain Balmainia Bijou Chrono ist eine elegante Damenuhr, die einen strahlenden Charme mit einem modernen, von der Pariser Haute Couture inspirierten Design verbindet. mit einem modernen, von der Pariser Haute Couture inspirierten Design verbindet. Ihr wei\u00dfes Zifferblatt mit drei kleinen Z\u00e4hlern und einer &#8222;Balmain&#8220;-Gravur auf der L\u00fcnette. Das 36 mm Edelstahlgeh\u00e4use mit einem raffinierten 10,25 mm Profil und einem passenden Armband bietet einen zeitlosen Look f\u00fcr den Alltag. Dieser in der Schweiz hergestellte Zeitmesser ist mit einem Saphirglas ausgestattet.<\/p>\n","protected":false},"excerpt":{"rendered":"<p>Die Balmain Balmainia Bijou Chrono ist eine elegante Damenuhr, die einen strahlenden Charme mit einem modernen, von der Pariser Haute Couture inspirierten Design verbindet. mit einem modernen, von der Pariser Haute Couture inspirierten Design verbindet. Ihr wei\u00dfes Zifferblatt mit drei kleinen Z\u00e4hlern und einer &#8222;Balmain&#8220;-Gravur auf der L\u00fcnette. Das 36 mm Edelstahlgeh\u00e4use mit einem raffinierten &#8230; <a title=\"Balmain Balmainia Bijou Chrono 36mm\" class=\"read-more\" href=\"https:\/\/lediamant.ch\/de\/uhren\/219978-balmain-balmainia-bijou-chrono-36-mm-b62513326\/\" aria-label=\"Mehr Informationen \u00fcber Balmain Balmainia Bijou Chrono 36mm\">Weiterlesen &#8230;<\/a><\/p>\n","protected":false},"featured_media":219948,"template":"","meta":{"_acf_changed":false,"_seopress_robots_primary_cat":"27173","_seopress_titles_title":"","_seopress_titles_desc":"Entdecken Sie die Eleganz der Balmain Balmainia Bijou Chrono, einer Damenuhr, die den Luxus der Pariser Haute Couture verk\u00f6rpert.","_seopress_robots_index":""},"brand":[27083],"product_brand":[],"product_cat":[27173,27431,27123],"product_tag":[],"class_list":{"0":"post-219978","1":"product","2":"type-product","3":"status-publish","4":"has-post-thumbnail","6":"brand-balmain-de","7":"product_cat-balmain-de","8":"product_cat-balmainia-de","9":"product_cat-uhren","10":"pa_couleurducadran-weiss","11":"pa_etancheite-50m-de","12":"pa_forme-runden","13":"pa_genre-frau","14":"pa_matiere-stahl","15":"pa_matierebraceletmontre-edelstahl","16":"pa_mouvement-quarzbatterie-de","17":"pa_swissmade-ja-de","18":"pa_verre-saphir-de","19":"sales-flash-overlay","20":"woocommerce-text-align-center","21":"woocommerce-image-align-center","22":"do-quantity-buttons","24":"first","25":"instock","26":"taxable","27":"shipping-taxable","28":"purchasable","29":"product-type-simple"},"acf":[],"_links":{"self":[{"href":"https:\/\/lediamant.ch\/de\/wp-json\/wp\/v2\/product\/219978","targetHints":{"allow":["GET"]}}],"collection":[{"href":"https:\/\/lediamant.ch\/de\/wp-json\/wp\/v2\/product"}],"about":[{"href":"https:\/\/lediamant.ch\/de\/wp-json\/wp\/v2\/types\/product"}],"wp:featuredmedia":[{"embeddable":true,"href":"https:\/\/lediamant.ch\/de\/wp-json\/wp\/v2\/media\/219948"}],"wp:attachment":[{"href":"https:\/\/lediamant.ch\/de\/wp-json\/wp\/v2\/media?parent=219978"}],"wp:term":[{"taxonomy":"brand","embeddable":true,"href":"https:\/\/lediamant.ch\/de\/wp-json\/wp\/v2\/brand?post=219978"},{"taxonomy":"product_brand","embeddable":true,"href":"https:\/\/lediamant.ch\/de\/wp-json\/wp\/v2\/product_brand?post=219978"},{"taxonomy":"product_cat","embeddable":true,"href":"https:\/\/lediamant.ch\/de\/wp-json\/wp\/v2\/product_cat?post=219978"},{"taxonomy":"product_tag","embeddable":true,"href":"https:\/\/lediamant.ch\/de\/wp-json\/wp\/v2\/product_tag?post=219978"}],"curies":[{"name":"wp","href":"https:\/\/api.w.org\/{rel}","templated":true}]}}