{"id":220509,"date":"2023-04-29T16:24:59","date_gmt":"2023-04-29T14:24:59","guid":{"rendered":"https:\/\/lediamant.ch\/produit\/unkategorisiert\/balmain-classic-r-34-mm-diamonds-3\/"},"modified":"2025-11-14T11:18:51","modified_gmt":"2025-11-14T10:18:51","slug":"balmain-classic-r-34-mm-diamonds-3","status":"publish","type":"product","link":"https:\/\/lediamant.ch\/de\/uhren\/220509-balmain-classic-r-34-mm-diamonds-3-b43103182\/","title":{"rendered":"Balmain Classic R Diamonds 34mm"},"content":{"rendered":"<p>Die Balmain Classic R ist eine anspruchsvolle Damenuhr, die strahlende Eleganz mit einem modernen Design verbindet, das von der Pariser Haute Couture inspiriert ist. Das Zifferblatt aus wei\u00dfem Perlmutt, besetzt mit 8 Top Wesselton VS-SI Diamanten von insgesamt 0,030 Karat, und die klassischen r\u00f6mischen Ziffern verleihen der Uhr einen ausdrucksstarken und anmutigen Touch. Das 34 mm gro\u00dfe Geh\u00e4use aus Gelbgold PVD mit einem raffinierten Profil von 6,80 mm und das passende Armband bieten einen eleganten Stil f\u00fcr den Alltag. Dieser in der Schweiz hergestellte Zeitmesser ist mit einem Saphirglas ausgestattet.<\/p>\n","protected":false},"excerpt":{"rendered":"<p>Die Balmain Classic R ist eine anspruchsvolle Damenuhr, die strahlende Eleganz mit einem modernen Design verbindet, das von der Pariser Haute Couture inspiriert ist. Das Zifferblatt aus wei\u00dfem Perlmutt, besetzt mit 8 Top Wesselton VS-SI Diamanten von insgesamt 0,030 Karat, und die klassischen r\u00f6mischen Ziffern verleihen der Uhr einen ausdrucksstarken und anmutigen Touch. Das 34 &#8230; <a title=\"Balmain Classic R Diamonds 34mm\" class=\"read-more\" href=\"https:\/\/lediamant.ch\/de\/uhren\/220509-balmain-classic-r-34-mm-diamonds-3-b43103182\/\" aria-label=\"Mehr Informationen \u00fcber Balmain Classic R Diamonds 34mm\">Weiterlesen &#8230;<\/a><\/p>\n","protected":false},"featured_media":223013,"template":"","meta":{"_acf_changed":false,"_seopress_robots_primary_cat":"27173","_seopress_titles_title":"","_seopress_titles_desc":"Eleganz und Raffinesse mit der Balmain Classic R, einer Damenuhr, die von der Haute Couture inspiriert ist, mit Perlmutt- und Diamant-Zifferblatt.","_seopress_robots_index":""},"brand":[27083],"product_brand":[],"product_cat":[27173,27433,27123],"product_tag":[],"class_list":{"0":"post-220509","1":"product","2":"type-product","3":"status-publish","4":"has-post-thumbnail","6":"brand-balmain-de","7":"product_cat-balmain-de","8":"product_cat-classic-r-de","9":"product_cat-uhren","10":"pa_couleurduboitier-gelb-de","11":"pa_couleurdubracelet-gelb-de","12":"pa_couleurducadran-perlmutt","13":"pa_detail-de-s-pierres-s-8-diamanten-003-ct","14":"pa_etancheite-50m-de","15":"pa_forme-runden","16":"pa_genre-frau","17":"pa_matiere-gelbgoldpvd","18":"pa_matierebraceletmontre-edelstahl","19":"pa_mouvement-quarzbatterie-de","20":"pa_swissmade-ja-de","21":"pa_typedemontre-uhrenmitdiamanten","22":"pa_verre-saphir-de","23":"sales-flash-overlay","24":"woocommerce-text-align-center","25":"woocommerce-image-align-center","26":"do-quantity-buttons","28":"first","29":"instock","30":"taxable","31":"shipping-taxable","32":"purchasable","33":"product-type-simple"},"acf":[],"_links":{"self":[{"href":"https:\/\/lediamant.ch\/de\/wp-json\/wp\/v2\/product\/220509","targetHints":{"allow":["GET"]}}],"collection":[{"href":"https:\/\/lediamant.ch\/de\/wp-json\/wp\/v2\/product"}],"about":[{"href":"https:\/\/lediamant.ch\/de\/wp-json\/wp\/v2\/types\/product"}],"wp:featuredmedia":[{"embeddable":true,"href":"https:\/\/lediamant.ch\/de\/wp-json\/wp\/v2\/media\/223013"}],"wp:attachment":[{"href":"https:\/\/lediamant.ch\/de\/wp-json\/wp\/v2\/media?parent=220509"}],"wp:term":[{"taxonomy":"brand","embeddable":true,"href":"https:\/\/lediamant.ch\/de\/wp-json\/wp\/v2\/brand?post=220509"},{"taxonomy":"product_brand","embeddable":true,"href":"https:\/\/lediamant.ch\/de\/wp-json\/wp\/v2\/product_brand?post=220509"},{"taxonomy":"product_cat","embeddable":true,"href":"https:\/\/lediamant.ch\/de\/wp-json\/wp\/v2\/product_cat?post=220509"},{"taxonomy":"product_tag","embeddable":true,"href":"https:\/\/lediamant.ch\/de\/wp-json\/wp\/v2\/product_tag?post=220509"}],"curies":[{"name":"wp","href":"https:\/\/api.w.org\/{rel}","templated":true}]}}