{"id":220510,"date":"2023-10-05T16:09:59","date_gmt":"2023-10-05T14:09:59","guid":{"rendered":"https:\/\/lediamant.ch\/produit\/unkategorisiert\/balmain-classic-r-34-mm-4\/"},"modified":"2025-11-14T13:43:33","modified_gmt":"2025-11-14T12:43:33","slug":"balmain-classic-r-34-mm-4","status":"publish","type":"product","link":"https:\/\/lediamant.ch\/de\/uhren\/220510-balmain-classic-r-34-mm-4-b43113112\/","title":{"rendered":"Balmain Classic R 34mm"},"content":{"rendered":"<p>Die Balmain Classic R ist eine raffinierte Damenuhr, die zeitlose Eleganz mit einem modernen Design verbindet, das von der Pariser Haute Couture inspiriert ist. Das Zifferblatt mit wei\u00dfen Arabesken und klassischen r\u00f6mischen Ziffern verleiht der Uhr einen Hauch von Selbstbewusstsein und Anmut. Das 34 mm Edelstahlgeh\u00e4use mit seinem eleganten 6,80 mm Profil und dem passenden Armband bietet Raffinesse f\u00fcr den Alltag. Dieser in der Schweiz hergestellte Zeitmesser ist mit einem Saphirglas ausgestattet.<\/p>\n","protected":false},"excerpt":{"rendered":"<p>Die Balmain Classic R ist eine raffinierte Damenuhr, die zeitlose Eleganz mit einem modernen Design verbindet, das von der Pariser Haute Couture inspiriert ist. Das Zifferblatt mit wei\u00dfen Arabesken und klassischen r\u00f6mischen Ziffern verleiht der Uhr einen Hauch von Selbstbewusstsein und Anmut. Das 34 mm Edelstahlgeh\u00e4use mit seinem eleganten 6,80 mm Profil und dem passenden &#8230; <a title=\"Balmain Classic R 34mm\" class=\"read-more\" href=\"https:\/\/lediamant.ch\/de\/uhren\/220510-balmain-classic-r-34-mm-4-b43113112\/\" aria-label=\"Mehr Informationen \u00fcber Balmain Classic R 34mm\">Weiterlesen &#8230;<\/a><\/p>\n","protected":false},"featured_media":223066,"template":"","meta":{"_acf_changed":false,"_seopress_robots_primary_cat":"27173","_seopress_titles_title":"","_seopress_titles_desc":"Entdecken Sie die Eleganz der Balmain Classic R, eine Uhr, die modernes Design mit Haute Couture verbindet. Perfekt f\u00fcr jeden Anlass.","_seopress_robots_index":""},"brand":[27083],"product_brand":[],"product_cat":[27173,27433,27123],"product_tag":[],"class_list":{"0":"post-220510","1":"product","2":"type-product","3":"status-publish","4":"has-post-thumbnail","6":"brand-balmain-de","7":"product_cat-balmain-de","8":"product_cat-classic-r-de","9":"product_cat-uhren","10":"pa_couleurduboitier-grau-de","11":"pa_couleurdubracelet-grau-de","12":"pa_couleurducadran-weiss","13":"pa_etancheite-50m-de","14":"pa_forme-runden","15":"pa_genre-frau","16":"pa_matiere-stahl","17":"pa_matierebraceletmontre-edelstahl","18":"pa_mouvement-quarzbatterie-de","19":"pa_swissmade-ja-de","20":"pa_verre-saphir-de","21":"sales-flash-overlay","22":"woocommerce-text-align-center","23":"woocommerce-image-align-center","24":"do-quantity-buttons","26":"first","27":"instock","28":"taxable","29":"shipping-taxable","30":"purchasable","31":"product-type-simple"},"acf":[],"_links":{"self":[{"href":"https:\/\/lediamant.ch\/de\/wp-json\/wp\/v2\/product\/220510","targetHints":{"allow":["GET"]}}],"collection":[{"href":"https:\/\/lediamant.ch\/de\/wp-json\/wp\/v2\/product"}],"about":[{"href":"https:\/\/lediamant.ch\/de\/wp-json\/wp\/v2\/types\/product"}],"wp:featuredmedia":[{"embeddable":true,"href":"https:\/\/lediamant.ch\/de\/wp-json\/wp\/v2\/media\/223066"}],"wp:attachment":[{"href":"https:\/\/lediamant.ch\/de\/wp-json\/wp\/v2\/media?parent=220510"}],"wp:term":[{"taxonomy":"brand","embeddable":true,"href":"https:\/\/lediamant.ch\/de\/wp-json\/wp\/v2\/brand?post=220510"},{"taxonomy":"product_brand","embeddable":true,"href":"https:\/\/lediamant.ch\/de\/wp-json\/wp\/v2\/product_brand?post=220510"},{"taxonomy":"product_cat","embeddable":true,"href":"https:\/\/lediamant.ch\/de\/wp-json\/wp\/v2\/product_cat?post=220510"},{"taxonomy":"product_tag","embeddable":true,"href":"https:\/\/lediamant.ch\/de\/wp-json\/wp\/v2\/product_tag?post=220510"}],"curies":[{"name":"wp","href":"https:\/\/api.w.org\/{rel}","templated":true}]}}