{"id":220512,"date":"2025-09-29T16:27:59","date_gmt":"2025-09-29T14:27:59","guid":{"rendered":"https:\/\/lediamant.ch\/produit\/unkategorisiert\/balmain-haute-elegance-24-mm\/"},"modified":"2025-11-07T18:06:31","modified_gmt":"2025-11-07T17:06:31","slug":"balmain-haute-elegance-24-mm","status":"publish","type":"product","link":"https:\/\/lediamant.ch\/de\/uhren\/220512-balmain-haute-elegance-24-mm-b80983322\/","title":{"rendered":"Balmain Haute Elegance 24mm"},"content":{"rendered":"<p>Die Balmain Haute \u00c9l\u00e9gance ist eine elegante Damenuhr, die K\u00fchnheit mit einem modernen Design verbindet, das von der Pariser Haute Couture inspiriert ist. Die L\u00fcnette mit der Gravur &#8222;Balmain&#8220; und das wei\u00dfe Zifferblatt mit klassischen r\u00f6mischen Ziffern verleihen ihr eine feminine Note. Das 24 mm Geh\u00e4use aus zweifarbigem Edelstahl und ros\u00e9goldfarbener PVD-Beschichtung mit einem eleganten 4,95 mm Profil und dem passenden Armband sorgt f\u00fcr einen stilvollen Auftritt im Alltag. Diese in der Schweiz hergestellte Uhr ist mit einem Saphirglas ausgestattet.   <\/p>\n","protected":false},"excerpt":{"rendered":"<p>Die Balmain Haute \u00c9l\u00e9gance ist eine elegante Damenuhr, die K\u00fchnheit mit einem modernen Design verbindet, das von der Pariser Haute Couture inspiriert ist. Die L\u00fcnette mit der Gravur &#8222;Balmain&#8220; und das wei\u00dfe Zifferblatt mit klassischen r\u00f6mischen Ziffern verleihen ihr eine feminine Note. Das 24 mm Geh\u00e4use aus zweifarbigem Edelstahl und ros\u00e9goldfarbener PVD-Beschichtung mit einem eleganten &#8230; <a title=\"Balmain Haute Elegance 24mm\" class=\"read-more\" href=\"https:\/\/lediamant.ch\/de\/uhren\/220512-balmain-haute-elegance-24-mm-b80983322\/\" aria-label=\"Mehr Informationen \u00fcber Balmain Haute Elegance 24mm\">Weiterlesen &#8230;<\/a><\/p>\n","protected":false},"featured_media":222774,"template":"","meta":{"_acf_changed":false,"_seopress_robots_primary_cat":"27172","_seopress_titles_title":"","_seopress_titles_desc":"Eleganz und Modernit\u00e4t treffen sich in der Balmain Haute \u00c9l\u00e9gance Damenuhr, die von der Pariser Haute Couture inspiriert ist.","_seopress_robots_index":""},"brand":[27083],"product_brand":[],"product_cat":[27173,27467,27123],"product_tag":[],"class_list":{"0":"post-220512","1":"product","2":"type-product","3":"status-publish","4":"has-post-thumbnail","6":"brand-balmain-de","7":"product_cat-balmain-de","8":"product_cat-haute-elegance-de","9":"product_cat-uhren","10":"pa_couleurduboitier-zweifarbig-de","11":"pa_couleurdubracelet-bicolor","12":"pa_couleurducadran-weiss","13":"pa_etancheite-50m-de","14":"pa_forme-runden","15":"pa_genre-frau","16":"pa_matiere-zweifarbigstahlrosegoldpvd","17":"pa_matierebraceletmontre-edelstahl","18":"pa_mouvement-quarzbatterie-de","19":"pa_swissmade-ja-de","20":"pa_verre-saphir-de","21":"sales-flash-overlay","22":"woocommerce-text-align-center","23":"woocommerce-image-align-center","24":"do-quantity-buttons","26":"first","27":"instock","28":"taxable","29":"shipping-taxable","30":"purchasable","31":"product-type-simple"},"acf":[],"_links":{"self":[{"href":"https:\/\/lediamant.ch\/de\/wp-json\/wp\/v2\/product\/220512","targetHints":{"allow":["GET"]}}],"collection":[{"href":"https:\/\/lediamant.ch\/de\/wp-json\/wp\/v2\/product"}],"about":[{"href":"https:\/\/lediamant.ch\/de\/wp-json\/wp\/v2\/types\/product"}],"wp:featuredmedia":[{"embeddable":true,"href":"https:\/\/lediamant.ch\/de\/wp-json\/wp\/v2\/media\/222774"}],"wp:attachment":[{"href":"https:\/\/lediamant.ch\/de\/wp-json\/wp\/v2\/media?parent=220512"}],"wp:term":[{"taxonomy":"brand","embeddable":true,"href":"https:\/\/lediamant.ch\/de\/wp-json\/wp\/v2\/brand?post=220512"},{"taxonomy":"product_brand","embeddable":true,"href":"https:\/\/lediamant.ch\/de\/wp-json\/wp\/v2\/product_brand?post=220512"},{"taxonomy":"product_cat","embeddable":true,"href":"https:\/\/lediamant.ch\/de\/wp-json\/wp\/v2\/product_cat?post=220512"},{"taxonomy":"product_tag","embeddable":true,"href":"https:\/\/lediamant.ch\/de\/wp-json\/wp\/v2\/product_tag?post=220512"}],"curies":[{"name":"wp","href":"https:\/\/api.w.org\/{rel}","templated":true}]}}